{"id":3700,"date":"2022-01-20T13:34:35","date_gmt":"2022-01-20T12:34:35","guid":{"rendered":"https:\/\/quizzbox.com\/kontakt\/"},"modified":"2025-12-10T11:53:28","modified_gmt":"2025-12-10T10:53:28","slug":"kontakt","status":"publish","type":"page","link":"https:\/\/quizzbox.com\/de\/kontakt\/","title":{"rendered":"Kontakt"},"content":{"rendered":"\t\t<div data-elementor-type=\"wp-page\" data-elementor-id=\"3700\" class=\"elementor elementor-3700 elementor-361\" data-elementor-post-type=\"page\">\n\t\t\t\t\t\t<section class=\"elementor-section elementor-top-section elementor-element elementor-element-f9a9882 elementor-section-height-min-height elementor-section-boxed elementor-section-height-default elementor-section-items-middle\" data-id=\"f9a9882\" data-element_type=\"section\">\n\t\t\t\t\t\t<div class=\"elementor-container elementor-column-gap-default\">\n\t\t\t\t\t<div class=\"elementor-column elementor-col-100 elementor-top-column elementor-element elementor-element-02174e9\" data-id=\"02174e9\" data-element_type=\"column\">\n\t\t\t<div class=\"elementor-widget-wrap elementor-element-populated\">\n\t\t\t\t\t\t<div class=\"elementor-element elementor-element-8bbb21a elementor-widget elementor-widget-heading\" data-id=\"8bbb21a\" data-element_type=\"widget\" data-widget_type=\"heading.default\">\n\t\t\t\t<div class=\"elementor-widget-container\">\n\t\t\t\t\t<h1 class=\"elementor-heading-title elementor-size-default\">Kontaktanfrage<\/h1>\t\t\t\t<\/div>\n\t\t\t\t<\/div>\n\t\t\t\t\t<\/div>\n\t\t<\/div>\n\t\t\t\t\t<\/div>\n\t\t<\/section>\n\t\t\t\t<section class=\"elementor-section elementor-top-section elementor-element elementor-element-7beb3d4 elementor-section-boxed elementor-section-height-default elementor-section-height-default\" data-id=\"7beb3d4\" data-element_type=\"section\">\n\t\t\t\t\t\t<div class=\"elementor-container elementor-column-gap-default\">\n\t\t\t\t\t<div class=\"elementor-column elementor-col-50 elementor-top-column elementor-element elementor-element-e50c34d\" data-id=\"e50c34d\" data-element_type=\"column\" data-settings=\"{&quot;background_background&quot;:&quot;classic&quot;}\">\n\t\t\t<div class=\"elementor-widget-wrap elementor-element-populated\">\n\t\t\t\t\t\t<div class=\"elementor-element elementor-element-e3a14be elementor-widget elementor-widget-heading\" data-id=\"e3a14be\" data-element_type=\"widget\" data-widget_type=\"heading.default\">\n\t\t\t\t<div class=\"elementor-widget-container\">\n\t\t\t\t\t<h2 class=\"elementor-heading-title elementor-size-default\">Haben Sie eine Frage?<\/h2>\t\t\t\t<\/div>\n\t\t\t\t<\/div>\n\t\t\t\t<div class=\"elementor-element elementor-element-ad30436 elementor-widget elementor-widget-html\" data-id=\"ad30436\" data-element_type=\"widget\" data-widget_type=\"html.default\">\n\t\t\t\t<div class=\"elementor-widget-container\">\n\t\t\t\t\t<form action=\"https:\/\/webto.salesforce.com\/servlet\/servlet.WebToLead?encoding=UTF-8&orgId=00D7Q000003Q3Wk\" onsubmit=\"return validateRecaptcha();\" method=\"POST\">\r\n\r\n<input type=hidden name='captcha_settings' value='{\"keyname\":\"Site_internet_Quizzbox\",\"fallback\":\"true\",\"orgId\":\"00D7Q000003Q3Wk\",\"ts\":\"\"}'>\r\n\r\n<input type=hidden name=\"oid\" value=\"00D7Q000003Q3Wk\">\r\n<input type=hidden name=\"retURL\" value=\"https:\/\/quizzbox.com\/de\/danke\">\r\n\r\n\r\n<label for=\"company\">Institution *<\/label><input  id=\"company\" maxlength=\"40\" name=\"company\" size=\"20\" type=\"text\" \/><br>\r\n\r\n<label for=\"salutation\">Anrede<\/label><select  id=\"salutation\" name=\"salutation\"><option value=\"Mme\">Frau<\/option>\r\n<option value=\"M\">Herr<\/option>\r\n<\/select>\r\n\r\n<label for=\"first_name\">Vorname *<\/label><input  id=\"first_name\" maxlength=\"40\" name=\"first_name\" size=\"20\" type=\"text\" \/><br>\r\n<label for=\"last_name\">Nachname *<\/label><input  id=\"last_name\" maxlength=\"80\" name=\"last_name\" size=\"20\" type=\"text\" \/><br>\r\n<label for=\"email\">E-Mail *<\/label><input  id=\"email\" maxlength=\"80\" name=\"email\" size=\"20\" type=\"text\" \/><br>\r\n<label for=\"phone\">Telefon<\/label><input  id=\"phone\" maxlength=\"40\" name=\"phone\" size=\"20\" type=\"text\" \/>\r\n\r\n<label for=\"country_code\">Land<\/label><select  id=\"country_code\" name=\"country_code\">\r\n    <option value=\"DE\">Deutschland<\/option>\r\n<option value=\"GB\">English<\/option>\r\n<option value=\"FR\">French<\/option>\r\n<option value=\"FR\">Other<\/option>\r\n<\/select>\r\n\r\n\r\n<label for=\"00NSm00000HyHvS\">Sie m\u00f6chten :<\/label>\r\n<select id=\"00NSm00000HyHvS\" name=\"00NSm00000HyHvS\" >\r\n\t<option value=\"support-de\">Support<\/option>\r\n\t<option value=\"informationen-de\">Informationen<\/option>\r\n<\/select>\r\n\r\n\r\n<label for=\"00N7Q00000GbGtk\">Weitere Informationen :<\/label><textarea  id=\"00N7Q00000GbGtk\" name=\"00N7Q00000GbGtk\" rows=\"5\" type=\"text\" wrap=\"soft\"><\/textarea><br>\r\n<br>\r\n<input required type=\"checkbox\" style=\"margin-right:10px;\" name=\"rgpd\" id=\"rgpd\" value=\"333711\" onchange=\"\">\r\n<label  style=\"font-size:14px; margin-bottom:15px;\" class=\"\" for=\"rgpd\">Ich best\u00e4tige, dass ich die <a href=\"https:\/\/votebox.com\/de\/datenschutz\/\" target=\"_blank\">Datenschutzerkl\u00e4rung<\/a> zur Kenntnis genommen habe und mit der darin beschriebenen Datenverarbeitung meiner \u00fcbermittelten Informationen einverstanden bin.<\/label>\r\n<br>\r\n\r\n<input type=\"hidden\" id=\"00N7Q00000JnXUZ\" name=\"00N7Q00000JnXUZ\" title=\"GCLID\" value=\"\" \/>\r\n<input type=\"hidden\" id=\"00N7Q00000GZ1aw\" name=\"00N7Q00000GZ1aw\" title=\"Int\u00e9r\u00eat produit\" value=\"Quizzbox\" \/>\r\n<input type=\"hidden\"  id=\"00N7Q00000GZ1ax\" name=\"00N7Q00000GZ1ax\" title=\"Langue\" value=\"de_DE\" \/>\r\n<input type=\"hidden\" id=\"lead_source\" name=\"lead_source\" value=\"Site Internet\" \/>\r\n<input type=\"hidden\"  id=\"00N7Q00000GZ1az\" name=\"00N7Q00000GZ1az\" title=\"Sous-origine\" value=\"Site Quizzbox\" \/>\r\n<input type=\"hidden\"  id=\"00N7Q00000Gba0J\" name=\"00N7Q00000Gba0J\" title=\"Entit\u00e9 piste\" value=\"Germany\" \/>\r\n\r\n<br>\r\n<script src=\"https:\/\/www.google.com\/recaptcha\/api.js?hl=de\" async defer><\/script>\r\n\r\n<!-- Afficher le reCAPTCHA -->\r\n<div class=\"g-recaptcha\" data-sitekey=\"6Le6xRYTAAAAAPltMiwHLHEPag3H0QrKGdp_cuvI\"><\/div>\r\n<br><script>\r\n    document.querySelector('form').addEventListener('submit', function(event) {\r\n        \/\/ V\u00e9rifier si le CAPTCHA a \u00e9t\u00e9 valid\u00e9\r\n        var response = grecaptcha.getResponse();\r\n        if (response.length === 0) {\r\n            event.preventDefault(); \/\/ Emp\u00eache la soumission du formulaire\r\n            alert('Bitte best\u00e4tigen Sie, dass Sie kein Roboter sind.');\r\n        }\r\n    });\r\n<\/script>\r\n\r\n<input value=\"Absenden\" type=\"submit\" name=\"submit\">\r\n<\/form>\t\t\t\t<\/div>\n\t\t\t\t<\/div>\n\t\t\t\t\t<\/div>\n\t\t<\/div>\n\t\t\t\t<div class=\"elementor-column elementor-col-50 elementor-top-column elementor-element elementor-element-2b978d6\" data-id=\"2b978d6\" data-element_type=\"column\">\n\t\t\t<div class=\"elementor-widget-wrap elementor-element-populated\">\n\t\t\t\t\t\t<div class=\"elementor-element elementor-element-5450e79 elementor-widget elementor-widget-heading\" data-id=\"5450e79\" data-element_type=\"widget\" data-widget_type=\"heading.default\">\n\t\t\t\t<div class=\"elementor-widget-container\">\n\t\t\t\t\t<h2 class=\"elementor-heading-title elementor-size-default\">Brauchen Sie Unterst\u00fctzung?<\/h2>\t\t\t\t<\/div>\n\t\t\t\t<\/div>\n\t\t\t\t<div class=\"elementor-element elementor-element-ebe224c elementor-widget elementor-widget-text-editor\" data-id=\"ebe224c\" data-element_type=\"widget\" data-widget_type=\"text-editor.default\">\n\t\t\t\t<div class=\"elementor-widget-container\">\n\t\t\t\t\t\t\t\t\t<p><strong>Telefon:<\/strong>\u00a0<span style=\"font-size: 19.2px;\">+ 33 (0) 4 73 14 32 82<\/span><\/p><p><strong>E-Mail :<\/strong>\u00a0support@quizzbox.com<\/p><p><strong>Uhrzeiten :<\/strong>\u00a0Montag bis Freitag zwischen 8.30 Uhr und 17.00 Uhr.<\/p><p><strong>Premium-Support:<\/strong>\u00a0Kontaktieren Sie Ihren Kundenbetreuer<\/p>\t\t\t\t\t\t\t\t<\/div>\n\t\t\t\t<\/div>\n\t\t\t\t<div class=\"elementor-element elementor-element-8a2166a de-only elementor-widget elementor-widget-heading\" data-id=\"8a2166a\" data-element_type=\"widget\" data-widget_type=\"heading.default\">\n\t\t\t\t<div class=\"elementor-widget-container\">\n\t\t\t\t\t<h2 class=\"elementor-heading-title elementor-size-default\">Stuttgart<\/h2>\t\t\t\t<\/div>\n\t\t\t\t<\/div>\n\t\t\t\t<div class=\"elementor-element elementor-element-d41365a de-only elementor-widget elementor-widget-google_maps\" data-id=\"d41365a\" data-element_type=\"widget\" data-widget_type=\"google_maps.default\">\n\t\t\t\t<div class=\"elementor-widget-container\">\n\t\t\t\t\t\t\t<div class=\"elementor-custom-embed\">\n\t\t\t<iframe loading=\"lazy\"\n\t\t\t\t\tsrc=\"https:\/\/maps.google.com\/maps?q=QuizzBox%20Solutions%20GmbH%20c%2Fo%20STEYG%20CoWorking%20%26%20Community%20Stuttgart%20Lautenschlagerstra%C3%9Fe%2016%2070173%20Stuttgart&#038;t=m&#038;z=10&#038;output=embed&#038;iwloc=near\"\n\t\t\t\t\ttitle=\"QuizzBox Solutions GmbH c\/o STEYG CoWorking &amp; Community Stuttgart Lautenschlagerstra\u00dfe 16 70173 Stuttgart\"\n\t\t\t\t\taria-label=\"QuizzBox Solutions GmbH c\/o STEYG CoWorking &amp; Community Stuttgart Lautenschlagerstra\u00dfe 16 70173 Stuttgart\"\n\t\t\t><\/iframe>\n\t\t<\/div>\n\t\t\t\t\t\t<\/div>\n\t\t\t\t<\/div>\n\t\t\t\t<div class=\"elementor-element elementor-element-f56447d elementor-widget elementor-widget-heading\" data-id=\"f56447d\" data-element_type=\"widget\" data-widget_type=\"heading.default\">\n\t\t\t\t<div class=\"elementor-widget-container\">\n\t\t\t\t\t<h2 class=\"elementor-heading-title elementor-size-default\">Paris<\/h2>\t\t\t\t<\/div>\n\t\t\t\t<\/div>\n\t\t\t\t<div class=\"elementor-element elementor-element-1f077c5 elementor-widget elementor-widget-google_maps\" data-id=\"1f077c5\" data-element_type=\"widget\" data-widget_type=\"google_maps.default\">\n\t\t\t\t<div class=\"elementor-widget-container\">\n\t\t\t\t\t\t\t<div class=\"elementor-custom-embed\">\n\t\t\t<iframe loading=\"lazy\"\n\t\t\t\t\tsrc=\"https:\/\/maps.google.com\/maps?q=Rue%20monge%20paris&#038;t=m&#038;z=10&#038;output=embed&#038;iwloc=near\"\n\t\t\t\t\ttitle=\"Rue monge paris\"\n\t\t\t\t\taria-label=\"Rue monge paris\"\n\t\t\t><\/iframe>\n\t\t<\/div>\n\t\t\t\t\t\t<\/div>\n\t\t\t\t<\/div>\n\t\t\t\t<div class=\"elementor-element elementor-element-4006bdc elementor-widget elementor-widget-heading\" data-id=\"4006bdc\" data-element_type=\"widget\" data-widget_type=\"heading.default\">\n\t\t\t\t<div class=\"elementor-widget-container\">\n\t\t\t\t\t<h2 class=\"elementor-heading-title elementor-size-default\">Clermont-Ferrand<\/h2>\t\t\t\t<\/div>\n\t\t\t\t<\/div>\n\t\t\t\t<div class=\"elementor-element elementor-element-6959a56 elementor-widget elementor-widget-google_maps\" data-id=\"6959a56\" data-element_type=\"widget\" data-widget_type=\"google_maps.default\">\n\t\t\t\t<div class=\"elementor-widget-container\">\n\t\t\t\t\t\t\t<div class=\"elementor-custom-embed\">\n\t\t\t<iframe loading=\"lazy\"\n\t\t\t\t\tsrc=\"https:\/\/maps.google.com\/maps?q=quizzbox%20Clermont-ferrand&#038;t=m&#038;z=11&#038;output=embed&#038;iwloc=near\"\n\t\t\t\t\ttitle=\"quizzbox Clermont-ferrand\"\n\t\t\t\t\taria-label=\"quizzbox Clermont-ferrand\"\n\t\t\t><\/iframe>\n\t\t<\/div>\n\t\t\t\t\t\t<\/div>\n\t\t\t\t<\/div>\n\t\t\t\t<div class=\"elementor-element elementor-element-780a6da en-only elementor-widget elementor-widget-heading\" data-id=\"780a6da\" data-element_type=\"widget\" data-widget_type=\"heading.default\">\n\t\t\t\t<div class=\"elementor-widget-container\">\n\t\t\t\t\t<h2 class=\"elementor-heading-title elementor-size-default\">Stuttgart<\/h2>\t\t\t\t<\/div>\n\t\t\t\t<\/div>\n\t\t\t\t<div class=\"elementor-element elementor-element-c2b7e1e fr-only elementor-widget elementor-widget-heading\" data-id=\"c2b7e1e\" data-element_type=\"widget\" data-widget_type=\"heading.default\">\n\t\t\t\t<div class=\"elementor-widget-container\">\n\t\t\t\t\t<h2 class=\"elementor-heading-title elementor-size-default\">Stuttgart<\/h2>\t\t\t\t<\/div>\n\t\t\t\t<\/div>\n\t\t\t\t<div class=\"elementor-element elementor-element-473a1b2 en-only elementor-widget elementor-widget-google_maps\" data-id=\"473a1b2\" data-element_type=\"widget\" data-widget_type=\"google_maps.default\">\n\t\t\t\t<div class=\"elementor-widget-container\">\n\t\t\t\t\t\t\t<div class=\"elementor-custom-embed\">\n\t\t\t<iframe loading=\"lazy\"\n\t\t\t\t\tsrc=\"https:\/\/maps.google.com\/maps?q=quizzbox%20M%C3%B6hringer%20Landstrasse%2C%20stuttgart&#038;t=m&#038;z=10&#038;output=embed&#038;iwloc=near\"\n\t\t\t\t\ttitle=\"quizzbox M\u00f6hringer Landstrasse, stuttgart\"\n\t\t\t\t\taria-label=\"quizzbox M\u00f6hringer Landstrasse, stuttgart\"\n\t\t\t><\/iframe>\n\t\t<\/div>\n\t\t\t\t\t\t<\/div>\n\t\t\t\t<\/div>\n\t\t\t\t<div class=\"elementor-element elementor-element-a3f6493 fr-only elementor-widget elementor-widget-google_maps\" data-id=\"a3f6493\" data-element_type=\"widget\" data-widget_type=\"google_maps.default\">\n\t\t\t\t<div class=\"elementor-widget-container\">\n\t\t\t\t\t\t\t<div class=\"elementor-custom-embed\">\n\t\t\t<iframe loading=\"lazy\"\n\t\t\t\t\tsrc=\"https:\/\/maps.google.com\/maps?q=quizzbox%20M%C3%B6hringer%20Landstrasse%2C%20stuttgart&#038;t=m&#038;z=10&#038;output=embed&#038;iwloc=near\"\n\t\t\t\t\ttitle=\"quizzbox M\u00f6hringer Landstrasse, stuttgart\"\n\t\t\t\t\taria-label=\"quizzbox M\u00f6hringer Landstrasse, stuttgart\"\n\t\t\t><\/iframe>\n\t\t<\/div>\n\t\t\t\t\t\t<\/div>\n\t\t\t\t<\/div>\n\t\t\t\t\t<\/div>\n\t\t<\/div>\n\t\t\t\t\t<\/div>\n\t\t<\/section>\n\t\t\t\t<\/div>\n\t\t","protected":false},"excerpt":{"rendered":"<p>Kontaktanfrage Haben Sie eine Frage? Institution * AnredeFrauHerr Vorname * Nachname * E-Mail * Telefon LandDeutschlandEnglishFrenchOther Sie m\u00f6chten : SupportInformationen Weitere Informationen : Ich best\u00e4tige, dass ich die Datenschutzerkl\u00e4rung zur Kenntnis genommen habe und mit der darin beschriebenen Datenverarbeitung meiner \u00fcbermittelten Informationen einverstanden bin. Brauchen Sie Unterst\u00fctzung? Telefon:\u00a0+ 33 (0) 4 73 14 32 82 [&hellip;]<\/p>\n","protected":false},"author":18,"featured_media":0,"parent":0,"menu_order":0,"comment_status":"closed","ping_status":"closed","template":"elementor_header_footer","meta":{"footnotes":""},"class_list":["post-3700","page","type-page","status-publish","hentry"],"yoast_head":"<!-- This site is optimized with the Yoast SEO plugin v26.2 - https:\/\/yoast.com\/wordpress\/plugins\/seo\/ -->\n<title>Kontaktieren Sie uns!<\/title>\n<meta name=\"description\" content=\"Demo\/Angebot anfordern Kontaktieren Sie uns!\" \/>\n<meta name=\"robots\" content=\"index, follow, max-snippet:-1, max-image-preview:large, max-video-preview:-1\" \/>\n<link rel=\"canonical\" href=\"https:\/\/quizzbox.com\/de\/kontakt\/\" \/>\n<meta property=\"og:locale\" content=\"de_DE\" \/>\n<meta property=\"og:type\" content=\"article\" \/>\n<meta property=\"og:title\" content=\"Kontaktieren Sie uns!\" \/>\n<meta property=\"og:description\" content=\"Demo\/Angebot anfordern Kontaktieren Sie uns!\" \/>\n<meta property=\"og:url\" content=\"https:\/\/quizzbox.com\/de\/kontakt\/\" \/>\n<meta property=\"og:site_name\" content=\"Quizzbox\" \/>\n<meta property=\"article:modified_time\" content=\"2025-12-10T10:53:28+00:00\" \/>\n<meta name=\"twitter:card\" content=\"summary_large_image\" \/>\n<meta name=\"twitter:label1\" content=\"Gesch\u00e4tzte Lesezeit\" \/>\n\t<meta name=\"twitter:data1\" content=\"1\u00a0Minute\" \/>\n<script type=\"application\/ld+json\" class=\"yoast-schema-graph\">{\"@context\":\"https:\/\/schema.org\",\"@graph\":[{\"@type\":\"WebPage\",\"@id\":\"https:\/\/quizzbox.com\/de\/kontakt\/\",\"url\":\"https:\/\/quizzbox.com\/de\/kontakt\/\",\"name\":\"Kontaktieren Sie uns!\",\"isPartOf\":{\"@id\":\"https:\/\/quizzbox.com\/de\/#website\"},\"datePublished\":\"2022-01-20T12:34:35+00:00\",\"dateModified\":\"2025-12-10T10:53:28+00:00\",\"description\":\"Demo\/Angebot anfordern Kontaktieren Sie uns!\",\"breadcrumb\":{\"@id\":\"https:\/\/quizzbox.com\/de\/kontakt\/#breadcrumb\"},\"inLanguage\":\"de\",\"potentialAction\":[{\"@type\":\"ReadAction\",\"target\":[\"https:\/\/quizzbox.com\/de\/kontakt\/\"]}]},{\"@type\":\"BreadcrumbList\",\"@id\":\"https:\/\/quizzbox.com\/de\/kontakt\/#breadcrumb\",\"itemListElement\":[{\"@type\":\"ListItem\",\"position\":1,\"name\":\"Accueil\",\"item\":\"https:\/\/quizzbox.com\/de\/\"},{\"@type\":\"ListItem\",\"position\":2,\"name\":\"Kontakt\"}]},{\"@type\":\"WebSite\",\"@id\":\"https:\/\/quizzbox.com\/de\/#website\",\"url\":\"https:\/\/quizzbox.com\/de\/\",\"name\":\"Quizzbox\",\"description\":\"Boitier de vote et vote en ligne\",\"publisher\":{\"@id\":\"https:\/\/quizzbox.com\/de\/#organization\"},\"potentialAction\":[{\"@type\":\"SearchAction\",\"target\":{\"@type\":\"EntryPoint\",\"urlTemplate\":\"https:\/\/quizzbox.com\/de\/?s={search_term_string}\"},\"query-input\":{\"@type\":\"PropertyValueSpecification\",\"valueRequired\":true,\"valueName\":\"search_term_string\"}}],\"inLanguage\":\"de\"},{\"@type\":\"Organization\",\"@id\":\"https:\/\/quizzbox.com\/de\/#organization\",\"name\":\"Quizzbox\",\"url\":\"https:\/\/quizzbox.com\/de\/\",\"logo\":{\"@type\":\"ImageObject\",\"inLanguage\":\"de\",\"@id\":\"https:\/\/quizzbox.com\/de\/#\/schema\/logo\/image\/\",\"url\":\"https:\/\/quizzbox.com\/wp-content\/uploads\/2021\/06\/340db54ee7c0ed1quizzbox-entreprises.png\",\"contentUrl\":\"https:\/\/quizzbox.com\/wp-content\/uploads\/2021\/06\/340db54ee7c0ed1quizzbox-entreprises.png\",\"width\":2108,\"height\":688,\"caption\":\"Quizzbox\"},\"image\":{\"@id\":\"https:\/\/quizzbox.com\/de\/#\/schema\/logo\/image\/\"}}]}<\/script>\n<!-- \/ Yoast SEO plugin. -->","yoast_head_json":{"title":"Kontaktieren Sie uns!","description":"Demo\/Angebot anfordern Kontaktieren Sie uns!","robots":{"index":"index","follow":"follow","max-snippet":"max-snippet:-1","max-image-preview":"max-image-preview:large","max-video-preview":"max-video-preview:-1"},"canonical":"https:\/\/quizzbox.com\/de\/kontakt\/","og_locale":"de_DE","og_type":"article","og_title":"Kontaktieren Sie uns!","og_description":"Demo\/Angebot anfordern Kontaktieren Sie uns!","og_url":"https:\/\/quizzbox.com\/de\/kontakt\/","og_site_name":"Quizzbox","article_modified_time":"2025-12-10T10:53:28+00:00","twitter_card":"summary_large_image","twitter_misc":{"Gesch\u00e4tzte Lesezeit":"1\u00a0Minute"},"schema":{"@context":"https:\/\/schema.org","@graph":[{"@type":"WebPage","@id":"https:\/\/quizzbox.com\/de\/kontakt\/","url":"https:\/\/quizzbox.com\/de\/kontakt\/","name":"Kontaktieren Sie uns!","isPartOf":{"@id":"https:\/\/quizzbox.com\/de\/#website"},"datePublished":"2022-01-20T12:34:35+00:00","dateModified":"2025-12-10T10:53:28+00:00","description":"Demo\/Angebot anfordern Kontaktieren Sie uns!","breadcrumb":{"@id":"https:\/\/quizzbox.com\/de\/kontakt\/#breadcrumb"},"inLanguage":"de","potentialAction":[{"@type":"ReadAction","target":["https:\/\/quizzbox.com\/de\/kontakt\/"]}]},{"@type":"BreadcrumbList","@id":"https:\/\/quizzbox.com\/de\/kontakt\/#breadcrumb","itemListElement":[{"@type":"ListItem","position":1,"name":"Accueil","item":"https:\/\/quizzbox.com\/de\/"},{"@type":"ListItem","position":2,"name":"Kontakt"}]},{"@type":"WebSite","@id":"https:\/\/quizzbox.com\/de\/#website","url":"https:\/\/quizzbox.com\/de\/","name":"Quizzbox","description":"Boitier de vote et vote en ligne","publisher":{"@id":"https:\/\/quizzbox.com\/de\/#organization"},"potentialAction":[{"@type":"SearchAction","target":{"@type":"EntryPoint","urlTemplate":"https:\/\/quizzbox.com\/de\/?s={search_term_string}"},"query-input":{"@type":"PropertyValueSpecification","valueRequired":true,"valueName":"search_term_string"}}],"inLanguage":"de"},{"@type":"Organization","@id":"https:\/\/quizzbox.com\/de\/#organization","name":"Quizzbox","url":"https:\/\/quizzbox.com\/de\/","logo":{"@type":"ImageObject","inLanguage":"de","@id":"https:\/\/quizzbox.com\/de\/#\/schema\/logo\/image\/","url":"https:\/\/quizzbox.com\/wp-content\/uploads\/2021\/06\/340db54ee7c0ed1quizzbox-entreprises.png","contentUrl":"https:\/\/quizzbox.com\/wp-content\/uploads\/2021\/06\/340db54ee7c0ed1quizzbox-entreprises.png","width":2108,"height":688,"caption":"Quizzbox"},"image":{"@id":"https:\/\/quizzbox.com\/de\/#\/schema\/logo\/image\/"}}]}},"_links":{"self":[{"href":"https:\/\/quizzbox.com\/de\/wp-json\/wp\/v2\/pages\/3700","targetHints":{"allow":["GET"]}}],"collection":[{"href":"https:\/\/quizzbox.com\/de\/wp-json\/wp\/v2\/pages"}],"about":[{"href":"https:\/\/quizzbox.com\/de\/wp-json\/wp\/v2\/types\/page"}],"author":[{"embeddable":true,"href":"https:\/\/quizzbox.com\/de\/wp-json\/wp\/v2\/users\/18"}],"replies":[{"embeddable":true,"href":"https:\/\/quizzbox.com\/de\/wp-json\/wp\/v2\/comments?post=3700"}],"version-history":[{"count":38,"href":"https:\/\/quizzbox.com\/de\/wp-json\/wp\/v2\/pages\/3700\/revisions"}],"predecessor-version":[{"id":9199,"href":"https:\/\/quizzbox.com\/de\/wp-json\/wp\/v2\/pages\/3700\/revisions\/9199"}],"wp:attachment":[{"href":"https:\/\/quizzbox.com\/de\/wp-json\/wp\/v2\/media?parent=3700"}],"curies":[{"name":"wp","href":"https:\/\/api.w.org\/{rel}","templated":true}]}}