{"id":3721,"date":"2022-01-24T16:18:39","date_gmt":"2022-01-24T15:18:39","guid":{"rendered":"https:\/\/quizzbox.com\/impressum\/"},"modified":"2025-05-13T16:51:26","modified_gmt":"2025-05-13T14:51:26","slug":"impressum","status":"publish","type":"page","link":"https:\/\/quizzbox.com\/de\/impressum\/","title":{"rendered":"Impressum"},"content":{"rendered":"\t\t<div data-elementor-type=\"wp-page\" data-elementor-id=\"3721\" class=\"elementor elementor-3721 elementor-696\" data-elementor-post-type=\"page\">\n\t\t\t\t\t\t<section class=\"elementor-section elementor-top-section elementor-element elementor-element-ffb554f elementor-section-boxed elementor-section-height-default elementor-section-height-default\" data-id=\"ffb554f\" data-element_type=\"section\">\n\t\t\t\t\t\t<div class=\"elementor-container elementor-column-gap-default\">\n\t\t\t\t\t<div class=\"elementor-column elementor-col-100 elementor-top-column elementor-element elementor-element-1f57101\" data-id=\"1f57101\" data-element_type=\"column\">\n\t\t\t<div class=\"elementor-widget-wrap elementor-element-populated\">\n\t\t\t\t\t\t<div class=\"elementor-element elementor-element-c81421e elementor-widget elementor-widget-heading\" data-id=\"c81421e\" data-element_type=\"widget\" data-widget_type=\"heading.default\">\n\t\t\t\t<div class=\"elementor-widget-container\">\n\t\t\t\t\t<h2 class=\"elementor-heading-title elementor-size-default\">Impressum<\/h2>\t\t\t\t<\/div>\n\t\t\t\t<\/div>\n\t\t\t\t\t<\/div>\n\t\t<\/div>\n\t\t\t\t\t<\/div>\n\t\t<\/section>\n\t\t\t\t<section class=\"elementor-section elementor-top-section elementor-element elementor-element-9787425 elementor-section-boxed elementor-section-height-default elementor-section-height-default\" data-id=\"9787425\" data-element_type=\"section\">\n\t\t\t\t\t\t<div class=\"elementor-container elementor-column-gap-default\">\n\t\t\t\t\t<div class=\"elementor-column elementor-col-100 elementor-top-column elementor-element elementor-element-4e86ee2\" data-id=\"4e86ee2\" data-element_type=\"column\">\n\t\t\t<div class=\"elementor-widget-wrap elementor-element-populated\">\n\t\t\t\t\t\t<div class=\"elementor-element elementor-element-2810df4 elementor-widget elementor-widget-text-editor\" data-id=\"2810df4\" data-element_type=\"widget\" data-widget_type=\"text-editor.default\">\n\t\t\t\t<div class=\"elementor-widget-container\">\n\t\t\t\t\t\t\t\t\t<h3>QuizzBox Solutions GmbH<\/h3><p><span style=\"font-size: 1.2rem;\">M\u00f6hringer Landstra\u00dfe 5\u00a0<br \/>70563 Stuttgart<br \/>Deutschland<\/span><\/p><p>Tel.: +49 711 997 691 12<br \/>Email: info@quizzbox.com<\/p><p>Handelsregister: Amtsgericht Stuttgart HRB 764852 &#8211; Gesch\u00e4ftsf\u00fchrer: Jean-Marc Nermond<\/p><p>Steuernummer: 99049\/02682 &#8211; USt-ID: DE317777740<\/p>\t\t\t\t\t\t\t\t<\/div>\n\t\t\t\t<\/div>\n\t\t\t\t\t<\/div>\n\t\t<\/div>\n\t\t\t\t\t<\/div>\n\t\t<\/section>\n\t\t\t\t<section class=\"elementor-section elementor-top-section elementor-element elementor-element-7e7dba1 fr-only elementor-section-boxed elementor-section-height-default elementor-section-height-default\" data-id=\"7e7dba1\" data-element_type=\"section\">\n\t\t\t\t\t\t<div class=\"elementor-container elementor-column-gap-default\">\n\t\t\t\t\t<div class=\"elementor-column elementor-col-100 elementor-top-column elementor-element elementor-element-e1e8963\" data-id=\"e1e8963\" data-element_type=\"column\">\n\t\t\t<div class=\"elementor-widget-wrap elementor-element-populated\">\n\t\t\t\t\t\t<div class=\"elementor-element elementor-element-2a314b6 fr-only elementor-widget elementor-widget-text-editor\" data-id=\"2a314b6\" data-element_type=\"widget\" data-widget_type=\"text-editor.default\">\n\t\t\t\t<div class=\"elementor-widget-container\">\n\t\t\t\t\t\t\t\t\t<h3><span style=\"color: inherit; font-family: inherit;\">Responsable de publications<\/span><br><\/h3>\n<p>Jean-Marc Nermond &#8211; Quizzbox Solutions<\/p>\n<h3>Droit de propri\u00e9t\u00e9 intellectuelle<\/h3>\n<p>Le site web, sa structure g\u00e9n\u00e9rale, ainsi que les textes, images anim\u00e9es ou non, sons, savoir-faire, dessins, graphismes et tout autre \u00e9l\u00e9ment composant le site, sont la propri\u00e9t\u00e9 exclusive de Quizzbox Solutions.<br>Il en est de m\u00eame des bases de donn\u00e9es figurant sur le site web de Quizzbox Solutions qui sont prot\u00e9g\u00e9es par les dispositions de la loi du 1er juillet 1998 portant transposition dans le Code de la propri\u00e9t\u00e9 intellectuelle de la directive europ\u00e9enne du 11 mars 1996 relative \u00e0 la protection juridique des bases de donn\u00e9es, et dont la soci\u00e9t\u00e9 Quizzbox Solutions est producteur. Les marques de Quizzbox Solutions, ainsi que les logos figurants sur le site, sont des marques (semi-figuratives ou non) d\u00e9pos\u00e9es.<br>Toute utilisation ou reproduction, totale ou partielle, du site, des \u00e9l\u00e9ments qui le composent et\/ou des informations qui y figurent, par quelque proc\u00e9d\u00e9 que ce soit, est strictement interdite et constitue une contrefa\u00e7on sanctionn\u00e9e par le Code de la propri\u00e9t\u00e9 intellectuelle, sauf accord pr\u00e9alable et \u00e9crit de Quizzbox Solutions.<\/p>\n<h3>Droit applicable<\/h3>\n<p>Le pr\u00e9sent site est exclusivement r\u00e9gi par le droit fran\u00e7ais et par les conventions internationales applicables en France.<\/p>\t\t\t\t\t\t\t\t<\/div>\n\t\t\t\t<\/div>\n\t\t\t\t\t<\/div>\n\t\t<\/div>\n\t\t\t\t\t<\/div>\n\t\t<\/section>\n\t\t\t\t<\/div>\n\t\t","protected":false},"excerpt":{"rendered":"<p>Impressum QuizzBox Solutions GmbH M\u00f6hringer Landstra\u00dfe 5\u00a070563 StuttgartDeutschland Tel.: +49 711 997 691 12Email: info@quizzbox.com Handelsregister: Amtsgericht Stuttgart HRB 764852 &#8211; Gesch\u00e4ftsf\u00fchrer: Jean-Marc Nermond Steuernummer: 99049\/02682 &#8211; USt-ID: DE317777740 Responsable de publications Jean-Marc Nermond &#8211; Quizzbox Solutions Droit de propri\u00e9t\u00e9 intellectuelle Le site web, sa structure g\u00e9n\u00e9rale, ainsi que les textes, images anim\u00e9es ou non, [&hellip;]<\/p>\n","protected":false},"author":18,"featured_media":0,"parent":0,"menu_order":0,"comment_status":"closed","ping_status":"closed","template":"elementor_header_footer","meta":{"footnotes":""},"class_list":["post-3721","page","type-page","status-publish","hentry"],"yoast_head":"<!-- This site is optimized with the Yoast SEO plugin v26.2 - https:\/\/yoast.com\/wordpress\/plugins\/seo\/ -->\n<title>Impressum - Quizzbox<\/title>\n<meta name=\"robots\" content=\"index, follow, max-snippet:-1, max-image-preview:large, max-video-preview:-1\" \/>\n<link rel=\"canonical\" href=\"https:\/\/quizzbox.com\/de\/impressum\/\" \/>\n<meta property=\"og:locale\" content=\"de_DE\" \/>\n<meta property=\"og:type\" content=\"article\" \/>\n<meta property=\"og:title\" content=\"Impressum - Quizzbox\" \/>\n<meta property=\"og:description\" content=\"Impressum QuizzBox Solutions GmbH M\u00f6hringer Landstra\u00dfe 5\u00a070563 StuttgartDeutschland Tel.: +49 711 997 691 12Email: info@quizzbox.com Handelsregister: Amtsgericht Stuttgart HRB 764852 &#8211; Gesch\u00e4ftsf\u00fchrer: Jean-Marc Nermond Steuernummer: 99049\/02682 &#8211; USt-ID: DE317777740 Responsable de publications Jean-Marc Nermond &#8211; Quizzbox Solutions Droit de propri\u00e9t\u00e9 intellectuelle Le site web, sa structure g\u00e9n\u00e9rale, ainsi que les textes, images anim\u00e9es ou non, [&hellip;]\" \/>\n<meta property=\"og:url\" content=\"https:\/\/quizzbox.com\/de\/impressum\/\" \/>\n<meta property=\"og:site_name\" content=\"Quizzbox\" \/>\n<meta property=\"article:modified_time\" content=\"2025-05-13T14:51:26+00:00\" \/>\n<meta name=\"twitter:card\" content=\"summary_large_image\" \/>\n<meta name=\"twitter:label1\" content=\"Gesch\u00e4tzte Lesezeit\" \/>\n\t<meta name=\"twitter:data1\" content=\"1\u00a0Minute\" \/>\n<script type=\"application\/ld+json\" class=\"yoast-schema-graph\">{\"@context\":\"https:\/\/schema.org\",\"@graph\":[{\"@type\":\"WebPage\",\"@id\":\"https:\/\/quizzbox.com\/de\/impressum\/\",\"url\":\"https:\/\/quizzbox.com\/de\/impressum\/\",\"name\":\"Impressum - Quizzbox\",\"isPartOf\":{\"@id\":\"https:\/\/quizzbox.com\/de\/#website\"},\"datePublished\":\"2022-01-24T15:18:39+00:00\",\"dateModified\":\"2025-05-13T14:51:26+00:00\",\"breadcrumb\":{\"@id\":\"https:\/\/quizzbox.com\/de\/impressum\/#breadcrumb\"},\"inLanguage\":\"de\",\"potentialAction\":[{\"@type\":\"ReadAction\",\"target\":[\"https:\/\/quizzbox.com\/de\/impressum\/\"]}]},{\"@type\":\"BreadcrumbList\",\"@id\":\"https:\/\/quizzbox.com\/de\/impressum\/#breadcrumb\",\"itemListElement\":[{\"@type\":\"ListItem\",\"position\":1,\"name\":\"Accueil\",\"item\":\"https:\/\/quizzbox.com\/de\/\"},{\"@type\":\"ListItem\",\"position\":2,\"name\":\"Impressum\"}]},{\"@type\":\"WebSite\",\"@id\":\"https:\/\/quizzbox.com\/de\/#website\",\"url\":\"https:\/\/quizzbox.com\/de\/\",\"name\":\"Quizzbox\",\"description\":\"Boitier de vote et vote en ligne\",\"publisher\":{\"@id\":\"https:\/\/quizzbox.com\/de\/#organization\"},\"potentialAction\":[{\"@type\":\"SearchAction\",\"target\":{\"@type\":\"EntryPoint\",\"urlTemplate\":\"https:\/\/quizzbox.com\/de\/?s={search_term_string}\"},\"query-input\":{\"@type\":\"PropertyValueSpecification\",\"valueRequired\":true,\"valueName\":\"search_term_string\"}}],\"inLanguage\":\"de\"},{\"@type\":\"Organization\",\"@id\":\"https:\/\/quizzbox.com\/de\/#organization\",\"name\":\"Quizzbox\",\"url\":\"https:\/\/quizzbox.com\/de\/\",\"logo\":{\"@type\":\"ImageObject\",\"inLanguage\":\"de\",\"@id\":\"https:\/\/quizzbox.com\/de\/#\/schema\/logo\/image\/\",\"url\":\"https:\/\/quizzbox.com\/wp-content\/uploads\/2021\/06\/340db54ee7c0ed1quizzbox-entreprises.png\",\"contentUrl\":\"https:\/\/quizzbox.com\/wp-content\/uploads\/2021\/06\/340db54ee7c0ed1quizzbox-entreprises.png\",\"width\":2108,\"height\":688,\"caption\":\"Quizzbox\"},\"image\":{\"@id\":\"https:\/\/quizzbox.com\/de\/#\/schema\/logo\/image\/\"}}]}<\/script>\n<!-- \/ Yoast SEO plugin. -->","yoast_head_json":{"title":"Impressum - Quizzbox","robots":{"index":"index","follow":"follow","max-snippet":"max-snippet:-1","max-image-preview":"max-image-preview:large","max-video-preview":"max-video-preview:-1"},"canonical":"https:\/\/quizzbox.com\/de\/impressum\/","og_locale":"de_DE","og_type":"article","og_title":"Impressum - Quizzbox","og_description":"Impressum QuizzBox Solutions GmbH M\u00f6hringer Landstra\u00dfe 5\u00a070563 StuttgartDeutschland Tel.: +49 711 997 691 12Email: info@quizzbox.com Handelsregister: Amtsgericht Stuttgart HRB 764852 &#8211; Gesch\u00e4ftsf\u00fchrer: Jean-Marc Nermond Steuernummer: 99049\/02682 &#8211; USt-ID: DE317777740 Responsable de publications Jean-Marc Nermond &#8211; Quizzbox Solutions Droit de propri\u00e9t\u00e9 intellectuelle Le site web, sa structure g\u00e9n\u00e9rale, ainsi que les textes, images anim\u00e9es ou non, [&hellip;]","og_url":"https:\/\/quizzbox.com\/de\/impressum\/","og_site_name":"Quizzbox","article_modified_time":"2025-05-13T14:51:26+00:00","twitter_card":"summary_large_image","twitter_misc":{"Gesch\u00e4tzte Lesezeit":"1\u00a0Minute"},"schema":{"@context":"https:\/\/schema.org","@graph":[{"@type":"WebPage","@id":"https:\/\/quizzbox.com\/de\/impressum\/","url":"https:\/\/quizzbox.com\/de\/impressum\/","name":"Impressum - Quizzbox","isPartOf":{"@id":"https:\/\/quizzbox.com\/de\/#website"},"datePublished":"2022-01-24T15:18:39+00:00","dateModified":"2025-05-13T14:51:26+00:00","breadcrumb":{"@id":"https:\/\/quizzbox.com\/de\/impressum\/#breadcrumb"},"inLanguage":"de","potentialAction":[{"@type":"ReadAction","target":["https:\/\/quizzbox.com\/de\/impressum\/"]}]},{"@type":"BreadcrumbList","@id":"https:\/\/quizzbox.com\/de\/impressum\/#breadcrumb","itemListElement":[{"@type":"ListItem","position":1,"name":"Accueil","item":"https:\/\/quizzbox.com\/de\/"},{"@type":"ListItem","position":2,"name":"Impressum"}]},{"@type":"WebSite","@id":"https:\/\/quizzbox.com\/de\/#website","url":"https:\/\/quizzbox.com\/de\/","name":"Quizzbox","description":"Boitier de vote et vote en ligne","publisher":{"@id":"https:\/\/quizzbox.com\/de\/#organization"},"potentialAction":[{"@type":"SearchAction","target":{"@type":"EntryPoint","urlTemplate":"https:\/\/quizzbox.com\/de\/?s={search_term_string}"},"query-input":{"@type":"PropertyValueSpecification","valueRequired":true,"valueName":"search_term_string"}}],"inLanguage":"de"},{"@type":"Organization","@id":"https:\/\/quizzbox.com\/de\/#organization","name":"Quizzbox","url":"https:\/\/quizzbox.com\/de\/","logo":{"@type":"ImageObject","inLanguage":"de","@id":"https:\/\/quizzbox.com\/de\/#\/schema\/logo\/image\/","url":"https:\/\/quizzbox.com\/wp-content\/uploads\/2021\/06\/340db54ee7c0ed1quizzbox-entreprises.png","contentUrl":"https:\/\/quizzbox.com\/wp-content\/uploads\/2021\/06\/340db54ee7c0ed1quizzbox-entreprises.png","width":2108,"height":688,"caption":"Quizzbox"},"image":{"@id":"https:\/\/quizzbox.com\/de\/#\/schema\/logo\/image\/"}}]}},"_links":{"self":[{"href":"https:\/\/quizzbox.com\/de\/wp-json\/wp\/v2\/pages\/3721","targetHints":{"allow":["GET"]}}],"collection":[{"href":"https:\/\/quizzbox.com\/de\/wp-json\/wp\/v2\/pages"}],"about":[{"href":"https:\/\/quizzbox.com\/de\/wp-json\/wp\/v2\/types\/page"}],"author":[{"embeddable":true,"href":"https:\/\/quizzbox.com\/de\/wp-json\/wp\/v2\/users\/18"}],"replies":[{"embeddable":true,"href":"https:\/\/quizzbox.com\/de\/wp-json\/wp\/v2\/comments?post=3721"}],"version-history":[{"count":17,"href":"https:\/\/quizzbox.com\/de\/wp-json\/wp\/v2\/pages\/3721\/revisions"}],"predecessor-version":[{"id":8343,"href":"https:\/\/quizzbox.com\/de\/wp-json\/wp\/v2\/pages\/3721\/revisions\/8343"}],"wp:attachment":[{"href":"https:\/\/quizzbox.com\/de\/wp-json\/wp\/v2\/media?parent=3721"}],"curies":[{"name":"wp","href":"https:\/\/api.w.org\/{rel}","templated":true}]}}