{"id":4229,"date":"2022-02-07T10:49:30","date_gmt":"2022-02-07T09:49:30","guid":{"rendered":"https:\/\/quizzbox.com\/abstimmung-mit-geraeten\/"},"modified":"2025-01-27T11:42:02","modified_gmt":"2025-01-27T10:42:02","slug":"abstimmung-mit-geraeten","status":"publish","type":"page","link":"https:\/\/quizzbox.com\/de\/abstimmung-mit-geraeten\/","title":{"rendered":"Abstimmen \u00fcber Funkabstimmger\u00e4te"},"content":{"rendered":"\t\t<div data-elementor-type=\"wp-page\" data-elementor-id=\"4229\" class=\"elementor elementor-4229 elementor-732\" data-elementor-post-type=\"page\">\n\t\t\t\t\t\t<section class=\"elementor-section elementor-top-section elementor-element elementor-element-8c35cfd elementor-section-height-min-height elementor-section-boxed elementor-section-height-default elementor-section-items-middle\" data-id=\"8c35cfd\" data-element_type=\"section\" data-settings=\"{&quot;background_background&quot;:&quot;classic&quot;,&quot;shape_divider_bottom&quot;:&quot;curve&quot;}\">\n\t\t\t\t\t<div class=\"elementor-shape elementor-shape-bottom\" aria-hidden=\"true\" data-negative=\"false\">\n\t\t\t<svg xmlns=\"http:\/\/www.w3.org\/2000\/svg\" viewBox=\"0 0 1000 100\" preserveAspectRatio=\"none\">\n    <path class=\"elementor-shape-fill\" d=\"M1000,4.3V0H0v4.3C0.9,23.1,126.7,99.2,500,100S1000,22.7,1000,4.3z\"\/>\n<\/svg>\t\t<\/div>\n\t\t\t\t\t<div class=\"elementor-container elementor-column-gap-default\">\n\t\t\t\t\t<div class=\"elementor-column elementor-col-100 elementor-top-column elementor-element elementor-element-d043462\" data-id=\"d043462\" data-element_type=\"column\">\n\t\t\t<div class=\"elementor-widget-wrap elementor-element-populated\">\n\t\t\t\t\t\t<div class=\"elementor-element elementor-element-f3dfeef elementor-view-default elementor-widget elementor-widget-icon\" data-id=\"f3dfeef\" data-element_type=\"widget\" data-widget_type=\"icon.default\">\n\t\t\t\t<div class=\"elementor-widget-container\">\n\t\t\t\t\t\t\t<div class=\"elementor-icon-wrapper\">\n\t\t\t<div class=\"elementor-icon\">\n\t\t\t<i aria-hidden=\"true\" class=\"far fa-keyboard\"><\/i>\t\t\t<\/div>\n\t\t<\/div>\n\t\t\t\t\t\t<\/div>\n\t\t\t\t<\/div>\n\t\t\t\t<div class=\"elementor-element elementor-element-744a4c9 elementor-widget elementor-widget-heading\" data-id=\"744a4c9\" data-element_type=\"widget\" data-widget_type=\"heading.default\">\n\t\t\t\t<div class=\"elementor-widget-container\">\n\t\t\t\t\t<h1 class=\"elementor-heading-title elementor-size-default\">QuizzBox-Abstimmger\u00e4te<\/h1>\t\t\t\t<\/div>\n\t\t\t\t<\/div>\n\t\t\t\t\t<\/div>\n\t\t<\/div>\n\t\t\t\t\t<\/div>\n\t\t<\/section>\n\t\t\t\t<section class=\"elementor-section elementor-top-section elementor-element elementor-element-b12d22b elementor-section-boxed elementor-section-height-default elementor-section-height-default\" data-id=\"b12d22b\" data-element_type=\"section\" data-settings=\"{&quot;background_background&quot;:&quot;video&quot;}\">\n\t\t\t\t\t\t<div class=\"elementor-container elementor-column-gap-default\">\n\t\t\t\t\t<div class=\"elementor-column elementor-col-50 elementor-top-column elementor-element elementor-element-6786eb4\" data-id=\"6786eb4\" data-element_type=\"column\">\n\t\t\t<div class=\"elementor-widget-wrap elementor-element-populated\">\n\t\t\t\t\t\t<div class=\"elementor-element elementor-element-0cb015b elementor-widget elementor-widget-heading\" data-id=\"0cb015b\" data-element_type=\"widget\" data-widget_type=\"heading.default\">\n\t\t\t\t<div class=\"elementor-widget-container\">\n\t\t\t\t\t<h2 class=\"elementor-heading-title elementor-size-default\">Wie funktionieren die Funk-Abstimmger\u00e4te? <\/h2>\t\t\t\t<\/div>\n\t\t\t\t<\/div>\n\t\t\t\t<div class=\"elementor-element elementor-element-51a345b elementor-widget-divider--view-line elementor-widget elementor-widget-global elementor-global-3706 elementor-global-499 elementor-widget-divider\" data-id=\"51a345b\" data-element_type=\"widget\" data-widget_type=\"divider.default\">\n\t\t\t\t<div class=\"elementor-widget-container\">\n\t\t\t\t\t\t\t<div class=\"elementor-divider\">\n\t\t\t<span class=\"elementor-divider-separator\">\n\t\t\t\t\t\t<\/span>\n\t\t<\/div>\n\t\t\t\t\t\t<\/div>\n\t\t\t\t<\/div>\n\t\t\t\t<div class=\"elementor-element elementor-element-37e2209 elementor-widget elementor-widget-text-editor\" data-id=\"37e2209\" data-element_type=\"widget\" data-widget_type=\"text-editor.default\">\n\t\t\t\t<div class=\"elementor-widget-container\">\n\t\t\t\t\t\t\t\t\t<p>Nachdem Sie Ihre <strong>Fragen<\/strong> direkt in Ihrer PowerPoint-Pr\u00e4sentation vorbereitet haben, k\u00f6nnen Sie Ihr Publikum \u00fcber die <strong>Quizzbox-Funk-Abstimmger\u00e4te<\/strong> teilhaben lassen! <\/p>\n<p>Die Funktionsweise ist einfach: Sie schlie\u00dfen den <strong>USB-Funkempf\u00e4nger<\/strong> an Ihren Computer an, verteilen die Abstimmger\u00e4te <strong>namentlich oder anonym<\/strong>, je nach Bedarf, und schon k\u00f6nnen Sie Ihre Pr\u00e4sentation starten.<\/p>\n<p>Immer dann, wenn Sie eine Fragefolie einblenden, w\u00e4hlen die <strong>TeilnehmerInnen<\/strong> die Antwort(en) auf der Tastatur aus, und best\u00e4tigen Ihre Auswahl \u00fcber den entsprechenden Best\u00e4tigungsknopf.<\/p>\n<p>Auf einem <strong>LCD-Bildschirm<\/strong> werden die gew\u00e4hlten Antworten, das Empfangssignal und die Best\u00e4tigung der Teilnahme an der Abstimmung angezeigt. <\/p>\n\t\t\t\t\t\t\t\t<\/div>\n\t\t\t\t<\/div>\n\t\t\t\t\t<\/div>\n\t\t<\/div>\n\t\t\t\t<div class=\"elementor-column elementor-col-50 elementor-top-column elementor-element elementor-element-e3651e6\" data-id=\"e3651e6\" data-element_type=\"column\">\n\t\t\t<div class=\"elementor-widget-wrap elementor-element-populated\">\n\t\t\t\t\t\t<div class=\"elementor-element elementor-element-4c9288a elementor-widget elementor-widget-image\" data-id=\"4c9288a\" data-element_type=\"widget\" data-widget_type=\"image.default\">\n\t\t\t\t<div class=\"elementor-widget-container\">\n\t\t\t\t\t\t\t\t\t\t\t\t\t\t\t<img fetchpriority=\"high\" decoding=\"async\" width=\"700\" height=\"700\" src=\"https:\/\/quizzbox.com\/wp-content\/uploads\/2022\/06\/quizzbox_1-1.jpg\" class=\"attachment-large size-large wp-image-3322\" alt=\"\" \/>\t\t\t\t\t\t\t\t\t\t\t\t\t\t\t<\/div>\n\t\t\t\t<\/div>\n\t\t\t\t\t<\/div>\n\t\t<\/div>\n\t\t\t\t\t<\/div>\n\t\t<\/section>\n\t\t\t\t<section class=\"elementor-section elementor-top-section elementor-element elementor-element-1299cef elementor-section-boxed elementor-section-height-default elementor-section-height-default\" data-id=\"1299cef\" data-element_type=\"section\">\n\t\t\t\t\t\t<div class=\"elementor-container elementor-column-gap-default\">\n\t\t\t\t\t<div class=\"elementor-column elementor-col-33 elementor-top-column elementor-element elementor-element-1d4fc41\" data-id=\"1d4fc41\" data-element_type=\"column\">\n\t\t\t<div class=\"elementor-widget-wrap elementor-element-populated\">\n\t\t\t\t\t\t<div class=\"elementor-element elementor-element-5168b41 elementor-widget elementor-widget-heading\" data-id=\"5168b41\" data-element_type=\"widget\" data-widget_type=\"heading.default\">\n\t\t\t\t<div class=\"elementor-widget-container\">\n\t\t\t\t\t<h2 class=\"elementor-heading-title elementor-size-default\">Die Vorteile unserer Funk-Abstimmger\u00e4te<\/h2>\t\t\t\t<\/div>\n\t\t\t\t<\/div>\n\t\t\t\t<div class=\"elementor-element elementor-element-210260f elementor-widget-divider--view-line elementor-widget elementor-widget-global elementor-global-3706 elementor-global-499 elementor-widget-divider\" data-id=\"210260f\" data-element_type=\"widget\" data-widget_type=\"divider.default\">\n\t\t\t\t<div class=\"elementor-widget-container\">\n\t\t\t\t\t\t\t<div class=\"elementor-divider\">\n\t\t\t<span class=\"elementor-divider-separator\">\n\t\t\t\t\t\t<\/span>\n\t\t<\/div>\n\t\t\t\t\t\t<\/div>\n\t\t\t\t<\/div>\n\t\t\t\t<div class=\"elementor-element elementor-element-bb8736d elementor-widget elementor-widget-text-editor\" data-id=\"bb8736d\" data-element_type=\"widget\" data-widget_type=\"text-editor.default\">\n\t\t\t\t<div class=\"elementor-widget-container\">\n\t\t\t\t\t\t\t\t\t<p>Unsere <strong>Funk-Abstimmger\u00e4te<\/strong> sind sehr einfach zu bedienen und erm\u00f6glichen es allen Teilnehmenden, unabh\u00e4ngig von Alter oder Affinit\u00e4t zu technischen Hilfsmitteln, Ihre Fragen zu beantworten. So k\u00f6nnen Sie Ihr gesamtes <strong>Publikum<\/strong> einbeziehen, ohne jemanden auszuschlie\u00dfen! <\/p>\n<p>Die Abstimmger\u00e4te kommunizieren \u00fcber eine Reichweite von 30 Metern mit dem dazugeh\u00f6rigen Funkempf\u00e4nger, sodass Sie Ihre Veranstaltung auch ohne Internetverbindung abhalten und die <strong>Quizzbox<\/strong>-L\u00f6sung an jedem beliebigen Ort nutzen k\u00f6nnen. <\/p>\n\t\t\t\t\t\t\t\t<\/div>\n\t\t\t\t<\/div>\n\t\t\t\t\t<\/div>\n\t\t<\/div>\n\t\t\t\t<div class=\"elementor-column elementor-col-33 elementor-top-column elementor-element elementor-element-1710743\" data-id=\"1710743\" data-element_type=\"column\">\n\t\t\t<div class=\"elementor-widget-wrap\">\n\t\t\t\t\t\t\t<\/div>\n\t\t<\/div>\n\t\t\t\t<div class=\"elementor-column elementor-col-33 elementor-top-column elementor-element elementor-element-22116e5\" data-id=\"22116e5\" data-element_type=\"column\">\n\t\t\t<div class=\"elementor-widget-wrap elementor-element-populated\">\n\t\t\t\t\t\t<div class=\"elementor-element elementor-element-f53ddda elementor-widget elementor-widget-heading\" data-id=\"f53ddda\" data-element_type=\"widget\" data-widget_type=\"heading.default\">\n\t\t\t\t<div class=\"elementor-widget-container\">\n\t\t\t\t\t<h2 class=\"elementor-heading-title elementor-size-default\">Um noch einen Schritt weiter zu gehen<\/h2>\t\t\t\t<\/div>\n\t\t\t\t<\/div>\n\t\t\t\t<div class=\"elementor-element elementor-element-5a5733f elementor-widget-divider--view-line elementor-widget elementor-widget-global elementor-global-3706 elementor-global-499 elementor-widget-divider\" data-id=\"5a5733f\" data-element_type=\"widget\" data-widget_type=\"divider.default\">\n\t\t\t\t<div class=\"elementor-widget-container\">\n\t\t\t\t\t\t\t<div class=\"elementor-divider\">\n\t\t\t<span class=\"elementor-divider-separator\">\n\t\t\t\t\t\t<\/span>\n\t\t<\/div>\n\t\t\t\t\t\t<\/div>\n\t\t\t\t<\/div>\n\t\t\t\t<div class=\"elementor-element elementor-element-c12962d elementor-widget elementor-widget-text-editor\" data-id=\"c12962d\" data-element_type=\"widget\" data-widget_type=\"text-editor.default\">\n\t\t\t\t<div class=\"elementor-widget-container\">\n\t\t\t\t\t\t\t\t\t<p>Die Vorteile der Funk-Abstimmger\u00e4te sind unumstritten. Sie k\u00f6nnen jedoch nur in Pr\u00e4senzveranstaltungen eingesetzt werden und k\u00f6nnen keine Text-Antworten generieren.&nbsp;&nbsp;<\/p>\n<p>Aus diesem Grund haben wir die Quizzbox <b>Abstimmungs-Website<\/b> (Webapp) entwickelt, um mehr Funktionen zu integrieren und all Ihre Bed\u00fcrfnisse zu erf\u00fcllen.&nbsp;<\/p>\t\t\t\t\t\t\t\t<\/div>\n\t\t\t\t<\/div>\n\t\t\t\t<div class=\"elementor-element elementor-element-cfdc0de elementor-widget elementor-widget-button\" data-id=\"cfdc0de\" data-element_type=\"widget\" data-widget_type=\"button.default\">\n\t\t\t\t<div class=\"elementor-widget-container\">\n\t\t\t\t\t\t\t\t\t<div class=\"elementor-button-wrapper\">\n\t\t\t\t\t<a class=\"elementor-button elementor-button-link elementor-size-md elementor-animation-grow\" href=\"https:\/\/quizzbox.com\/de\/online-abstimmung\/\">\n\t\t\t\t\t\t<span class=\"elementor-button-content-wrapper\">\n\t\t\t\t\t\t\t\t\t<span class=\"elementor-button-text\">Mehr Informationen<\/span>\n\t\t\t\t\t<\/span>\n\t\t\t\t\t<\/a>\n\t\t\t\t<\/div>\n\t\t\t\t\t\t\t\t<\/div>\n\t\t\t\t<\/div>\n\t\t\t\t\t<\/div>\n\t\t<\/div>\n\t\t\t\t\t<\/div>\n\t\t<\/section>\n\t\t\t\t<section class=\"elementor-section elementor-top-section elementor-element elementor-element-35360c38 elementor-section-boxed elementor-section-height-default elementor-section-height-default elementor-invisible\" data-id=\"35360c38\" data-element_type=\"section\" data-settings=\"{&quot;background_background&quot;:&quot;classic&quot;,&quot;animation&quot;:&quot;fadeInUp&quot;}\">\n\t\t\t\t\t\t<div class=\"elementor-container elementor-column-gap-default\">\n\t\t\t\t\t<div class=\"elementor-column elementor-col-100 elementor-top-column elementor-element elementor-element-243bf943\" data-id=\"243bf943\" data-element_type=\"column\">\n\t\t\t<div class=\"elementor-widget-wrap elementor-element-populated\">\n\t\t\t\t\t\t<div class=\"elementor-element elementor-element-3eb384fd elementor-widget elementor-widget-heading\" data-id=\"3eb384fd\" data-element_type=\"widget\" data-widget_type=\"heading.default\">\n\t\t\t\t<div class=\"elementor-widget-container\">\n\t\t\t\t\t<h2 class=\"elementor-heading-title elementor-size-default\">M\u00f6chten Sie mehr \u00fcber unsere Preise erfahren oder eine Demo unserer L\u00f6sung erhalten?<\/h2>\t\t\t\t<\/div>\n\t\t\t\t<\/div>\n\t\t\t\t<div class=\"elementor-element elementor-element-26fd7365 elementor-align-center elementor-widget elementor-widget-button\" data-id=\"26fd7365\" data-element_type=\"widget\" data-widget_type=\"button.default\">\n\t\t\t\t<div class=\"elementor-widget-container\">\n\t\t\t\t\t\t\t\t\t<div class=\"elementor-button-wrapper\">\n\t\t\t\t\t<a class=\"elementor-button elementor-button-link elementor-size-xl elementor-animation-grow\" href=\"https:\/\/quizzbox.com\/de\/devis\/\">\n\t\t\t\t\t\t<span class=\"elementor-button-content-wrapper\">\n\t\t\t\t\t\t\t\t\t<span class=\"elementor-button-text\">Demo\/Angebot anfordern<\/span>\n\t\t\t\t\t<\/span>\n\t\t\t\t\t<\/a>\n\t\t\t\t<\/div>\n\t\t\t\t\t\t\t\t<\/div>\n\t\t\t\t<\/div>\n\t\t\t\t\t<\/div>\n\t\t<\/div>\n\t\t\t\t\t<\/div>\n\t\t<\/section>\n\t\t\t\t<\/div>\n\t\t","protected":false},"excerpt":{"rendered":"<p>QuizzBox-Abstimmger\u00e4te Wie funktionieren die Funk-Abstimmger\u00e4te? Nachdem Sie Ihre Fragen direkt in Ihrer PowerPoint-Pr\u00e4sentation vorbereitet haben, k\u00f6nnen Sie Ihr Publikum \u00fcber die Quizzbox-Funk-Abstimmger\u00e4te teilhaben lassen! Die Funktionsweise ist einfach: Sie schlie\u00dfen den USB-Funkempf\u00e4nger an Ihren Computer an, verteilen die Abstimmger\u00e4te namentlich oder anonym, je nach Bedarf, und schon k\u00f6nnen Sie Ihre Pr\u00e4sentation starten. Immer dann, wenn [&hellip;]<\/p>\n","protected":false},"author":18,"featured_media":0,"parent":0,"menu_order":0,"comment_status":"closed","ping_status":"closed","template":"elementor_header_footer","meta":{"footnotes":""},"class_list":["post-4229","page","type-page","status-publish","hentry"],"yoast_head":"<!-- This site is optimized with the Yoast SEO plugin v26.2 - https:\/\/yoast.com\/wordpress\/plugins\/seo\/ -->\n<title>Abstimmen \u00fcber Funkabstimmger\u00e4te<\/title>\n<meta name=\"description\" content=\"Abstimmen \u00fcber Funkabstimmger\u00e4te\" \/>\n<meta name=\"robots\" content=\"index, follow, max-snippet:-1, max-image-preview:large, max-video-preview:-1\" \/>\n<link rel=\"canonical\" href=\"https:\/\/quizzbox.com\/de\/abstimmung-mit-geraeten\/\" \/>\n<meta property=\"og:locale\" content=\"de_DE\" \/>\n<meta property=\"og:type\" content=\"article\" \/>\n<meta property=\"og:title\" content=\"Abstimmen \u00fcber Funkabstimmger\u00e4te\" \/>\n<meta property=\"og:description\" content=\"Abstimmen \u00fcber Funkabstimmger\u00e4te\" \/>\n<meta property=\"og:url\" content=\"https:\/\/quizzbox.com\/de\/abstimmung-mit-geraeten\/\" \/>\n<meta property=\"og:site_name\" content=\"Quizzbox\" \/>\n<meta property=\"article:modified_time\" content=\"2025-01-27T10:42:02+00:00\" \/>\n<meta property=\"og:image\" content=\"https:\/\/quizzbox.com\/wp-content\/uploads\/2022\/06\/quizzbox_1-1.jpg\" \/>\n<meta name=\"twitter:card\" content=\"summary_large_image\" \/>\n<script type=\"application\/ld+json\" class=\"yoast-schema-graph\">{\"@context\":\"https:\/\/schema.org\",\"@graph\":[{\"@type\":\"WebPage\",\"@id\":\"https:\/\/quizzbox.com\/de\/abstimmung-mit-geraeten\/\",\"url\":\"https:\/\/quizzbox.com\/de\/abstimmung-mit-geraeten\/\",\"name\":\"Abstimmen \u00fcber Funkabstimmger\u00e4te\",\"isPartOf\":{\"@id\":\"https:\/\/quizzbox.com\/de\/#website\"},\"primaryImageOfPage\":{\"@id\":\"https:\/\/quizzbox.com\/de\/abstimmung-mit-geraeten\/#primaryimage\"},\"image\":{\"@id\":\"https:\/\/quizzbox.com\/de\/abstimmung-mit-geraeten\/#primaryimage\"},\"thumbnailUrl\":\"https:\/\/quizzbox.com\/wp-content\/uploads\/2022\/06\/quizzbox_1-1.jpg\",\"datePublished\":\"2022-02-07T09:49:30+00:00\",\"dateModified\":\"2025-01-27T10:42:02+00:00\",\"description\":\"Abstimmen \u00fcber Funkabstimmger\u00e4te\",\"breadcrumb\":{\"@id\":\"https:\/\/quizzbox.com\/de\/abstimmung-mit-geraeten\/#breadcrumb\"},\"inLanguage\":\"de\",\"potentialAction\":[{\"@type\":\"ReadAction\",\"target\":[\"https:\/\/quizzbox.com\/de\/abstimmung-mit-geraeten\/\"]}]},{\"@type\":\"ImageObject\",\"inLanguage\":\"de\",\"@id\":\"https:\/\/quizzbox.com\/de\/abstimmung-mit-geraeten\/#primaryimage\",\"url\":\"https:\/\/quizzbox.com\/wp-content\/uploads\/2022\/06\/quizzbox_1-1.jpg\",\"contentUrl\":\"https:\/\/quizzbox.com\/wp-content\/uploads\/2022\/06\/quizzbox_1-1.jpg\"},{\"@type\":\"BreadcrumbList\",\"@id\":\"https:\/\/quizzbox.com\/de\/abstimmung-mit-geraeten\/#breadcrumb\",\"itemListElement\":[{\"@type\":\"ListItem\",\"position\":1,\"name\":\"Accueil\",\"item\":\"https:\/\/quizzbox.com\/de\/\"},{\"@type\":\"ListItem\",\"position\":2,\"name\":\"Abstimmen \u00fcber Funkabstimmger\u00e4te\"}]},{\"@type\":\"WebSite\",\"@id\":\"https:\/\/quizzbox.com\/de\/#website\",\"url\":\"https:\/\/quizzbox.com\/de\/\",\"name\":\"Quizzbox\",\"description\":\"Boitier de vote et vote en ligne\",\"publisher\":{\"@id\":\"https:\/\/quizzbox.com\/de\/#organization\"},\"potentialAction\":[{\"@type\":\"SearchAction\",\"target\":{\"@type\":\"EntryPoint\",\"urlTemplate\":\"https:\/\/quizzbox.com\/de\/?s={search_term_string}\"},\"query-input\":{\"@type\":\"PropertyValueSpecification\",\"valueRequired\":true,\"valueName\":\"search_term_string\"}}],\"inLanguage\":\"de\"},{\"@type\":\"Organization\",\"@id\":\"https:\/\/quizzbox.com\/de\/#organization\",\"name\":\"Quizzbox\",\"url\":\"https:\/\/quizzbox.com\/de\/\",\"logo\":{\"@type\":\"ImageObject\",\"inLanguage\":\"de\",\"@id\":\"https:\/\/quizzbox.com\/de\/#\/schema\/logo\/image\/\",\"url\":\"https:\/\/quizzbox.com\/wp-content\/uploads\/2021\/06\/340db54ee7c0ed1quizzbox-entreprises.png\",\"contentUrl\":\"https:\/\/quizzbox.com\/wp-content\/uploads\/2021\/06\/340db54ee7c0ed1quizzbox-entreprises.png\",\"width\":2108,\"height\":688,\"caption\":\"Quizzbox\"},\"image\":{\"@id\":\"https:\/\/quizzbox.com\/de\/#\/schema\/logo\/image\/\"}}]}<\/script>\n<!-- \/ Yoast SEO plugin. -->","yoast_head_json":{"title":"Abstimmen \u00fcber Funkabstimmger\u00e4te","description":"Abstimmen \u00fcber Funkabstimmger\u00e4te","robots":{"index":"index","follow":"follow","max-snippet":"max-snippet:-1","max-image-preview":"max-image-preview:large","max-video-preview":"max-video-preview:-1"},"canonical":"https:\/\/quizzbox.com\/de\/abstimmung-mit-geraeten\/","og_locale":"de_DE","og_type":"article","og_title":"Abstimmen \u00fcber Funkabstimmger\u00e4te","og_description":"Abstimmen \u00fcber Funkabstimmger\u00e4te","og_url":"https:\/\/quizzbox.com\/de\/abstimmung-mit-geraeten\/","og_site_name":"Quizzbox","article_modified_time":"2025-01-27T10:42:02+00:00","og_image":[{"url":"https:\/\/quizzbox.com\/wp-content\/uploads\/2022\/06\/quizzbox_1-1.jpg","type":"","width":"","height":""}],"twitter_card":"summary_large_image","schema":{"@context":"https:\/\/schema.org","@graph":[{"@type":"WebPage","@id":"https:\/\/quizzbox.com\/de\/abstimmung-mit-geraeten\/","url":"https:\/\/quizzbox.com\/de\/abstimmung-mit-geraeten\/","name":"Abstimmen \u00fcber Funkabstimmger\u00e4te","isPartOf":{"@id":"https:\/\/quizzbox.com\/de\/#website"},"primaryImageOfPage":{"@id":"https:\/\/quizzbox.com\/de\/abstimmung-mit-geraeten\/#primaryimage"},"image":{"@id":"https:\/\/quizzbox.com\/de\/abstimmung-mit-geraeten\/#primaryimage"},"thumbnailUrl":"https:\/\/quizzbox.com\/wp-content\/uploads\/2022\/06\/quizzbox_1-1.jpg","datePublished":"2022-02-07T09:49:30+00:00","dateModified":"2025-01-27T10:42:02+00:00","description":"Abstimmen \u00fcber Funkabstimmger\u00e4te","breadcrumb":{"@id":"https:\/\/quizzbox.com\/de\/abstimmung-mit-geraeten\/#breadcrumb"},"inLanguage":"de","potentialAction":[{"@type":"ReadAction","target":["https:\/\/quizzbox.com\/de\/abstimmung-mit-geraeten\/"]}]},{"@type":"ImageObject","inLanguage":"de","@id":"https:\/\/quizzbox.com\/de\/abstimmung-mit-geraeten\/#primaryimage","url":"https:\/\/quizzbox.com\/wp-content\/uploads\/2022\/06\/quizzbox_1-1.jpg","contentUrl":"https:\/\/quizzbox.com\/wp-content\/uploads\/2022\/06\/quizzbox_1-1.jpg"},{"@type":"BreadcrumbList","@id":"https:\/\/quizzbox.com\/de\/abstimmung-mit-geraeten\/#breadcrumb","itemListElement":[{"@type":"ListItem","position":1,"name":"Accueil","item":"https:\/\/quizzbox.com\/de\/"},{"@type":"ListItem","position":2,"name":"Abstimmen \u00fcber Funkabstimmger\u00e4te"}]},{"@type":"WebSite","@id":"https:\/\/quizzbox.com\/de\/#website","url":"https:\/\/quizzbox.com\/de\/","name":"Quizzbox","description":"Boitier de vote et vote en ligne","publisher":{"@id":"https:\/\/quizzbox.com\/de\/#organization"},"potentialAction":[{"@type":"SearchAction","target":{"@type":"EntryPoint","urlTemplate":"https:\/\/quizzbox.com\/de\/?s={search_term_string}"},"query-input":{"@type":"PropertyValueSpecification","valueRequired":true,"valueName":"search_term_string"}}],"inLanguage":"de"},{"@type":"Organization","@id":"https:\/\/quizzbox.com\/de\/#organization","name":"Quizzbox","url":"https:\/\/quizzbox.com\/de\/","logo":{"@type":"ImageObject","inLanguage":"de","@id":"https:\/\/quizzbox.com\/de\/#\/schema\/logo\/image\/","url":"https:\/\/quizzbox.com\/wp-content\/uploads\/2021\/06\/340db54ee7c0ed1quizzbox-entreprises.png","contentUrl":"https:\/\/quizzbox.com\/wp-content\/uploads\/2021\/06\/340db54ee7c0ed1quizzbox-entreprises.png","width":2108,"height":688,"caption":"Quizzbox"},"image":{"@id":"https:\/\/quizzbox.com\/de\/#\/schema\/logo\/image\/"}}]}},"_links":{"self":[{"href":"https:\/\/quizzbox.com\/de\/wp-json\/wp\/v2\/pages\/4229","targetHints":{"allow":["GET"]}}],"collection":[{"href":"https:\/\/quizzbox.com\/de\/wp-json\/wp\/v2\/pages"}],"about":[{"href":"https:\/\/quizzbox.com\/de\/wp-json\/wp\/v2\/types\/page"}],"author":[{"embeddable":true,"href":"https:\/\/quizzbox.com\/de\/wp-json\/wp\/v2\/users\/18"}],"replies":[{"embeddable":true,"href":"https:\/\/quizzbox.com\/de\/wp-json\/wp\/v2\/comments?post=4229"}],"version-history":[{"count":14,"href":"https:\/\/quizzbox.com\/de\/wp-json\/wp\/v2\/pages\/4229\/revisions"}],"predecessor-version":[{"id":7241,"href":"https:\/\/quizzbox.com\/de\/wp-json\/wp\/v2\/pages\/4229\/revisions\/7241"}],"wp:attachment":[{"href":"https:\/\/quizzbox.com\/de\/wp-json\/wp\/v2\/media?parent=4229"}],"curies":[{"name":"wp","href":"https:\/\/api.w.org\/{rel}","templated":true}]}}