{"id":4704,"date":"2022-01-20T13:43:47","date_gmt":"2022-01-20T12:43:47","guid":{"rendered":"https:\/\/quizzbox.com\/demo-angebot-anfordern\/"},"modified":"2025-02-07T16:30:20","modified_gmt":"2025-02-07T15:30:20","slug":"devis","status":"publish","type":"page","link":"https:\/\/quizzbox.com\/de\/devis\/","title":{"rendered":"Demande de devis\/d\u00e9mo"},"content":{"rendered":"\t\t<div data-elementor-type=\"wp-page\" data-elementor-id=\"4704\" class=\"elementor elementor-4704 elementor-382\" data-elementor-post-type=\"page\">\n\t\t\t\t\t\t<section class=\"elementor-section elementor-top-section elementor-element elementor-element-1edc0d2 elementor-section-height-min-height elementor-section-boxed elementor-section-height-default elementor-section-items-middle\" data-id=\"1edc0d2\" data-element_type=\"section\">\n\t\t\t\t\t\t<div class=\"elementor-container elementor-column-gap-default\">\n\t\t\t\t\t<div class=\"elementor-column elementor-col-100 elementor-top-column elementor-element elementor-element-0e8d952\" data-id=\"0e8d952\" data-element_type=\"column\">\n\t\t\t<div class=\"elementor-widget-wrap elementor-element-populated\">\n\t\t\t\t\t\t<div class=\"elementor-element elementor-element-86dd17c elementor-widget elementor-widget-heading\" data-id=\"86dd17c\" data-element_type=\"widget\" data-widget_type=\"heading.default\">\n\t\t\t\t<div class=\"elementor-widget-container\">\n\t\t\t\t\t<h1 class=\"elementor-heading-title elementor-size-default\">Demande une d\u00e9monstration ou un devis<\/h1>\t\t\t\t<\/div>\n\t\t\t\t<\/div>\n\t\t\t\t\t<\/div>\n\t\t<\/div>\n\t\t\t\t\t<\/div>\n\t\t<\/section>\n\t\t\t\t<section class=\"elementor-section elementor-top-section elementor-element elementor-element-21df5c2 elementor-section-content-middle elementor-section-boxed elementor-section-height-default elementor-section-height-default\" data-id=\"21df5c2\" data-element_type=\"section\">\n\t\t\t\t\t\t<div class=\"elementor-container elementor-column-gap-default\">\n\t\t\t\t\t<div class=\"elementor-column elementor-col-50 elementor-top-column elementor-element elementor-element-69b0499\" data-id=\"69b0499\" data-element_type=\"column\" data-settings=\"{&quot;background_background&quot;:&quot;classic&quot;}\">\n\t\t\t<div class=\"elementor-widget-wrap elementor-element-populated\">\n\t\t\t\t\t\t<div class=\"elementor-element elementor-element-136d156 elementor-widget elementor-widget-heading\" data-id=\"136d156\" data-element_type=\"widget\" data-widget_type=\"heading.default\">\n\t\t\t\t<div class=\"elementor-widget-container\">\n\t\t\t\t\t<h3 class=\"elementor-heading-title elementor-size-default\">Vous souhaitez recevoir une offre adapt\u00e9e \u00e0 votre besoin et \u00e0 votre structure et\/ou une d\u00e9monstration de notre solution ?<br>Compl\u00e9tez les informations ci-dessous :<\/h3>\t\t\t\t<\/div>\n\t\t\t\t<\/div>\n\t\t\t\t<div class=\"elementor-element elementor-element-b987a0c elementor-widget elementor-widget-html\" data-id=\"b987a0c\" data-element_type=\"widget\" data-widget_type=\"html.default\">\n\t\t\t\t<div class=\"elementor-widget-container\">\n\t\t\t\t\t<form action=\"https:\/\/webto.salesforce.com\/servlet\/servlet.WebToLead?encoding=UTF-8&orgId=00D7Q000003Q3Wk\" onsubmit=\"return validateRecaptcha();\" method=\"POST\">\r\n\r\n<input type=hidden name='captcha_settings' value='{\"keyname\":\"Site_internet_Quizzbox\",\"fallback\":\"true\",\"orgId\":\"00D7Q000003Q3Wk\",\"ts\":\"\"}'>\r\n<input type=hidden name=\"oid\" value=\"00D7Q000003Q3Wk\">\r\n<input type=hidden name=\"retURL\" value=\"https:\/\/quizzbox.com\/merci\/\">\r\n\r\n\r\n<label for=\"company\">Soci\u00e9t\u00e9<\/label><input required id=\"company\" maxlength=\"40\" name=\"company\" size=\"20\" type=\"text\" \/><br>\r\n\r\n<label for=\"salutation\">Civilit\u00e9<\/label><select  id=\"salutation\" name=\"salutation\"><option value=\"\">- Aucun -<\/option><option value=\"Mme\">Mme<\/option>\r\n<option value=\"M\">M<\/option>\r\n<\/select>\r\n\r\n<label for=\"first_name\">Pr\u00e9nom<\/label><input required id=\"first_name\" maxlength=\"40\" name=\"first_name\" size=\"20\" type=\"text\" \/><br>\r\n<label for=\"last_name\">Nom<\/label><input required id=\"last_name\" maxlength=\"80\" name=\"last_name\" size=\"20\" type=\"text\" \/><br>\r\n<label for=\"email\">Adresse e-mail<\/label><input required id=\"email\" maxlength=\"80\" name=\"email\" size=\"20\" type=\"text\" \/><br>\r\n<label for=\"phone\">T\u00e9l\u00e9phone<\/label><input required id=\"phone\" maxlength=\"40\" name=\"phone\" size=\"20\" type=\"text\" \/><br>\r\n\r\n<label for=\"country_code\">Pays<\/label>\r\n<select  id=\"country_code\" name=\"country_code\">\r\n<option value=\"FR\">France<\/option>\r\n<option value=\"GB\">Grande-Bretagne<\/option>\r\n<option value=\"DE\">Allemagne<\/option>\r\n<option value=\"US\">Am\u00e9riques<\/option>\r\n<option value=\"FR\">Europe<\/option>\r\n<option value=\"\">Autres<\/option>\r\n<\/select>\r\n\r\n<label for=\"street\">Rue<\/label><textarea name=\"street\"><\/textarea><br>\r\n<label for=\"zip\">Code postal<\/label><input required id=\"zip\" maxlength=\"20\" name=\"zip\" size=\"20\" type=\"text\" \/><br>\r\n<label for=\"city\">Ville<\/label><input required id=\"city\" maxlength=\"40\" name=\"city\" size=\"20\" type=\"text\" \/><br>\r\n\r\n<label for=\"00NSm00000HyHvS\">Type demande :<\/label>\r\n<select required id=\"00NSm00000HyHvS\" name=\"00NSm00000HyHvS\" >\r\n\t<option value=\"demo-en-ligne\">Convenir d'un rendez-vous pour une d\u00e9monstration en ligne<\/option>\r\n\t<option value=\"offre-ecrite\">Recevoir une offre \u00e9crite<\/option>\r\n\t<option value=\"rappel-telephonique\">\u00catre rappel\u00e9 par t\u00e9l\u00e9phone<\/option>\r\n<\/select>\r\n<label for=\"00N7Q00000GZ1ay\">Votre besoin : <\/label><select required id=\"00N7Q00000GZ1ay\" name=\"00N7Q00000GZ1ay\" title=\"Persona\">\r\n<option value=\"Formation\">Formation<\/option>\r\n<option value=\"Assembl\u00e9e\">Assembl\u00e9e<\/option>\r\n<option value=\"Examen \/ certification\">Examen \/ certification<\/option>\r\n<option value=\"QHSE\">QHSE<\/option>\r\n<option value=\"\u00c9v\u00e9nementiel\">\u00c9v\u00e9nementiel<\/option>\r\n<option value=\"Education\">Education<\/option>\r\n<\/select><br>\r\n\r\n<label for=\"00N7Q00000GbGtk\">Informations suppl\u00e9mentaires :<\/label><textarea  id=\"00N7Q00000GbGtk\" name=\"00N7Q00000GbGtk\" rows=\"5\" type=\"text\" wrap=\"soft\"><\/textarea><br>\r\n\r\n<script>\r\n    document.addEventListener(\"DOMContentLoaded\", () => {\r\n      const storedGclid = localStorage.getItem(\"gclid\");\r\n      if (storedGclid) {\r\n        \/\/ Injecter le GCLID stock\u00e9 dans le champ cach\u00e9 du formulaire\r\n        const gclidField = document.getElementById(\"00N7Q00000JnXUZ\");\r\n        if (gclidField) {\r\n          gclidField.value = storedGclid;\r\n          console.log(\"GCLID inject\u00e9 dans le formulaire :\", storedGclid);\r\n        }\r\n      } else {\r\n        console.log(\"Aucun GCLID stock\u00e9 trouv\u00e9.\");\r\n      }\r\n    });\r\n<\/script>\r\n\r\n<input type=\"hidden\" id=\"00N7Q00000JnXUZ\" name=\"00N7Q00000JnXUZ\" title=\"GCLID\" value=\"\" \/>\r\n<input type=\"hidden\" id=\"00N7Q00000GZ1aw\" name=\"00N7Q00000GZ1aw\" title=\"Int\u00e9r\u00eat produit\" value=\"Quizzbox\" \/>\r\n<input type=\"hidden\"  id=\"00N7Q00000GZ1ax\" name=\"00N7Q00000GZ1ax\" title=\"Langue\" value=\"fr_FR\" \/>\r\n<input type=\"hidden\" id=\"lead_source\" name=\"lead_source\" value=\"Site Internet\" \/>\r\n<input type=\"hidden\"  id=\"00N7Q00000GZ1az\" name=\"00N7Q00000GZ1az\" title=\"Sous-origine\" value=\"Site Quizzbox\" \/>\r\n<input type=\"hidden\"  id=\"00N7Q00000Gba0J\" name=\"00N7Q00000Gba0J\" title=\"Entit\u00e9 piste\" value=\"France\" \/>\r\n\r\n<input required type=\"checkbox\" style=\"margin-right:10px;\" name=\"rgpd\" id=\"rgpd\" value=\"333711\" onchange=\"\">\r\n<label  style=\"font-size:14px; margin-bottom:15px;\" class=\"\" for=\"rgpd\">J\u2019accepte les termes de la politique de confidentialit\u00e9.<br>\r\n<a style=\"font-size:12px;font-style:italic;\"  href=\"https:\/\/quizzbox.com\/politique-de-confidentialite-quizzbox-quizzweb\" target=\"_blank\">Consulter la politique de confidentialit\u00e9.<\/a><\/label>\r\n<br>\r\n<!-- Afficher le reCAPTCHA -->\r\n<script src=\"https:\/\/www.google.com\/recaptcha\/api.js?hl=fr\" async defer><\/script>\r\n\r\n<div class=\"g-recaptcha\" data-sitekey=\"6Le6xRYTAAAAAPltMiwHLHEPag3H0QrKGdp_cuvI\"><\/div>\r\n<br>\r\n<script>\r\n    document.querySelector('form').addEventListener('submit', function(event) {\r\n        \/\/ V\u00e9rifier si le CAPTCHA a \u00e9t\u00e9 valid\u00e9\r\n        var response = grecaptcha.getResponse();\r\n        if (response.length === 0) {\r\n            event.preventDefault(); \/\/ Emp\u00eache la soumission du formulaire\r\n            alert('Veuillez confirmer que vous n\u2019\u00eates pas un robot.');\r\n        }\r\n    });\r\n<\/script>\r\n<br>\r\n<button type=\"submit\">Envoyer<\/button>\r\n\r\n<\/form>\r\n\t\t\t\t<\/div>\n\t\t\t\t<\/div>\n\t\t\t\t\t<\/div>\n\t\t<\/div>\n\t\t\t\t<div class=\"elementor-column elementor-col-50 elementor-top-column elementor-element elementor-element-08868c8\" data-id=\"08868c8\" data-element_type=\"column\">\n\t\t\t<div class=\"elementor-widget-wrap elementor-element-populated\">\n\t\t\t\t\t\t<div class=\"elementor-element elementor-element-b62ba23 elementor-widget elementor-widget-image\" data-id=\"b62ba23\" data-element_type=\"widget\" data-widget_type=\"image.default\">\n\t\t\t\t<div class=\"elementor-widget-container\">\n\t\t\t\t\t\t\t\t\t\t\t\t\t\t\t<img fetchpriority=\"high\" decoding=\"async\" width=\"700\" height=\"700\" src=\"https:\/\/quizzbox.com\/wp-content\/uploads\/2022\/06\/quizzbox_1bis.jpg\" class=\"attachment-large size-large wp-image-3451\" alt=\"Vote hybride\" \/>\t\t\t\t\t\t\t\t\t\t\t\t\t\t\t<\/div>\n\t\t\t\t<\/div>\n\t\t\t\t<div class=\"elementor-element elementor-element-50f0e3d elementor-position-left fr-only elementor-view-default elementor-mobile-position-top elementor-widget elementor-widget-icon-box\" data-id=\"50f0e3d\" data-element_type=\"widget\" data-widget_type=\"icon-box.default\">\n\t\t\t\t<div class=\"elementor-widget-container\">\n\t\t\t\t\t\t\t<div class=\"elementor-icon-box-wrapper\">\n\n\t\t\t\t\t\t<div class=\"elementor-icon-box-icon\">\n\t\t\t\t<span  class=\"elementor-icon\">\n\t\t\t\t<i aria-hidden=\"true\" class=\"far fa-smile\"><\/i>\t\t\t\t<\/span>\n\t\t\t<\/div>\n\t\t\t\n\t\t\t\t\t\t<div class=\"elementor-icon-box-content\">\n\n\t\t\t\t\t\t\t\t\t<h3 class=\"elementor-icon-box-title\">\n\t\t\t\t\t\t<span  >\n\t\t\t\t\t\t\tSimplicit\u00e9 de prise en main\t\t\t\t\t\t<\/span>\n\t\t\t\t\t<\/h3>\n\t\t\t\t\n\t\t\t\t\t\t\t\t\t<p class=\"elementor-icon-box-description\">\n\t\t\t\t\t\tR\u00e9alisez vos questionnaires directement depuis Powerpoint\t\t\t\t\t<\/p>\n\t\t\t\t\n\t\t\t<\/div>\n\t\t\t\n\t\t<\/div>\n\t\t\t\t\t\t<\/div>\n\t\t\t\t<\/div>\n\t\t\t\t<div class=\"elementor-element elementor-element-e436ea6 elementor-position-left fr-only elementor-view-default elementor-mobile-position-top elementor-widget elementor-widget-icon-box\" data-id=\"e436ea6\" data-element_type=\"widget\" data-widget_type=\"icon-box.default\">\n\t\t\t\t<div class=\"elementor-widget-container\">\n\t\t\t\t\t\t\t<div class=\"elementor-icon-box-wrapper\">\n\n\t\t\t\t\t\t<div class=\"elementor-icon-box-icon\">\n\t\t\t\t<span  class=\"elementor-icon\">\n\t\t\t\t<i aria-hidden=\"true\" class=\"fas fa-rocket\"><\/i>\t\t\t\t<\/span>\n\t\t\t<\/div>\n\t\t\t\n\t\t\t\t\t\t<div class=\"elementor-icon-box-content\">\n\n\t\t\t\t\t\t\t\t\t<h3 class=\"elementor-icon-box-title\">\n\t\t\t\t\t\t<span  >\n\t\t\t\t\t\t\tGain de temps\t\t\t\t\t\t<\/span>\n\t\t\t\t\t<\/h3>\n\t\t\t\t\n\t\t\t\t\t\t\t\t\t<p class=\"elementor-icon-box-description\">\n\t\t\t\t\t\tAutomatisez et corrigez automatiquement vos questionnaires en 1 clic\t\t\t\t\t<\/p>\n\t\t\t\t\n\t\t\t<\/div>\n\t\t\t\n\t\t<\/div>\n\t\t\t\t\t\t<\/div>\n\t\t\t\t<\/div>\n\t\t\t\t<div class=\"elementor-element elementor-element-93aa185 elementor-position-left fr-only elementor-view-default elementor-mobile-position-top elementor-widget elementor-widget-icon-box\" data-id=\"93aa185\" data-element_type=\"widget\" data-widget_type=\"icon-box.default\">\n\t\t\t\t<div class=\"elementor-widget-container\">\n\t\t\t\t\t\t\t<div class=\"elementor-icon-box-wrapper\">\n\n\t\t\t\t\t\t<div class=\"elementor-icon-box-icon\">\n\t\t\t\t<span  class=\"elementor-icon\">\n\t\t\t\t<i aria-hidden=\"true\" class=\"far fa-user\"><\/i>\t\t\t\t<\/span>\n\t\t\t<\/div>\n\t\t\t\n\t\t\t\t\t\t<div class=\"elementor-icon-box-content\">\n\n\t\t\t\t\t\t\t\t\t<h3 class=\"elementor-icon-box-title\">\n\t\t\t\t\t\t<span  >\n\t\t\t\t\t\t\tUn SAV au top\t\t\t\t\t\t<\/span>\n\t\t\t\t\t<\/h3>\n\t\t\t\t\n\t\t\t\t\t\t\t\t\t<p class=\"elementor-icon-box-description\">\n\t\t\t\t\t\tNotre \u00e9quipe SAV est bas\u00e9e en France et r\u00e9pond \u00e0 vos appels et emails en quelques minutes !\t\t\t\t\t<\/p>\n\t\t\t\t\n\t\t\t<\/div>\n\t\t\t\n\t\t<\/div>\n\t\t\t\t\t\t<\/div>\n\t\t\t\t<\/div>\n\t\t\t\t\t<\/div>\n\t\t<\/div>\n\t\t\t\t\t<\/div>\n\t\t<\/section>\n\t\t\t\t<\/div>\n\t\t","protected":false},"excerpt":{"rendered":"<p>Demande une d\u00e9monstration ou un devis Vous souhaitez recevoir une offre adapt\u00e9e \u00e0 votre besoin et \u00e0 votre structure et\/ou une d\u00e9monstration de notre solution ?Compl\u00e9tez les informations ci-dessous : Soci\u00e9t\u00e9 Civilit\u00e9&#8211; Aucun &#8211;MmeM Pr\u00e9nom Nom Adresse e-mail T\u00e9l\u00e9phone Pays FranceGrande-BretagneAllemagneAm\u00e9riquesEuropeAutres Rue Code postal Ville Type demande : Convenir d&#8217;un rendez-vous pour une d\u00e9monstration en [&hellip;]<\/p>\n","protected":false},"author":18,"featured_media":0,"parent":0,"menu_order":0,"comment_status":"closed","ping_status":"closed","template":"elementor_header_footer","meta":{"footnotes":""},"class_list":["post-4704","page","type-page","status-publish","hentry"],"yoast_head":"<!-- This site is optimized with the Yoast SEO plugin v26.2 - https:\/\/yoast.com\/wordpress\/plugins\/seo\/ -->\n<title>Bo\u00eetiers de Vote Interactif et Electronique, Demandez votre D\u00e9mo Gratuite<\/title>\n<meta name=\"description\" content=\"Vous souhaitez nous poser une question sur la solution Quizzbox ? Demandez \u00e0 notre \u00e9quipe une d\u00e9monstration gratuite.\" \/>\n<meta name=\"robots\" content=\"index, follow, max-snippet:-1, max-image-preview:large, max-video-preview:-1\" \/>\n<link rel=\"canonical\" href=\"https:\/\/quizzbox.com\/de\/devis\/\" \/>\n<meta property=\"og:locale\" content=\"de_DE\" \/>\n<meta property=\"og:type\" content=\"article\" \/>\n<meta property=\"og:title\" content=\"Bo\u00eetiers de Vote Interactif et Electronique, Demandez votre D\u00e9mo Gratuite\" \/>\n<meta property=\"og:description\" content=\"Vous souhaitez nous poser une question sur la solution Quizzbox ? Demandez \u00e0 notre \u00e9quipe une d\u00e9monstration gratuite.\" \/>\n<meta property=\"og:url\" content=\"https:\/\/quizzbox.com\/de\/devis\/\" \/>\n<meta property=\"og:site_name\" content=\"Quizzbox\" \/>\n<meta property=\"article:modified_time\" content=\"2025-02-07T15:30:20+00:00\" \/>\n<meta property=\"og:image\" content=\"https:\/\/quizzbox.com\/wp-content\/uploads\/2022\/06\/quizzbox_1bis.jpg\" \/>\n\t<meta property=\"og:image:width\" content=\"700\" \/>\n\t<meta property=\"og:image:height\" content=\"700\" \/>\n\t<meta property=\"og:image:type\" content=\"image\/jpeg\" \/>\n<meta name=\"twitter:card\" content=\"summary_large_image\" \/>\n<meta name=\"twitter:label1\" content=\"Gesch\u00e4tzte Lesezeit\" \/>\n\t<meta name=\"twitter:data1\" content=\"1\u00a0Minute\" \/>\n<script type=\"application\/ld+json\" class=\"yoast-schema-graph\">{\"@context\":\"https:\/\/schema.org\",\"@graph\":[{\"@type\":\"WebPage\",\"@id\":\"https:\/\/quizzbox.com\/de\/devis\/\",\"url\":\"https:\/\/quizzbox.com\/de\/devis\/\",\"name\":\"Bo\u00eetiers de Vote Interactif et Electronique, Demandez votre D\u00e9mo Gratuite\",\"isPartOf\":{\"@id\":\"https:\/\/quizzbox.com\/de\/#website\"},\"primaryImageOfPage\":{\"@id\":\"https:\/\/quizzbox.com\/de\/devis\/#primaryimage\"},\"image\":{\"@id\":\"https:\/\/quizzbox.com\/de\/devis\/#primaryimage\"},\"thumbnailUrl\":\"https:\/\/quizzbox.com\/wp-content\/uploads\/2022\/06\/quizzbox_1bis.jpg\",\"datePublished\":\"2022-01-20T12:43:47+00:00\",\"dateModified\":\"2025-02-07T15:30:20+00:00\",\"description\":\"Vous souhaitez nous poser une question sur la solution Quizzbox ? Demandez \u00e0 notre \u00e9quipe une d\u00e9monstration gratuite.\",\"breadcrumb\":{\"@id\":\"https:\/\/quizzbox.com\/de\/devis\/#breadcrumb\"},\"inLanguage\":\"de\",\"potentialAction\":[{\"@type\":\"ReadAction\",\"target\":[\"https:\/\/quizzbox.com\/de\/devis\/\"]}]},{\"@type\":\"ImageObject\",\"inLanguage\":\"de\",\"@id\":\"https:\/\/quizzbox.com\/de\/devis\/#primaryimage\",\"url\":\"https:\/\/quizzbox.com\/wp-content\/uploads\/2022\/06\/quizzbox_1bis.jpg\",\"contentUrl\":\"https:\/\/quizzbox.com\/wp-content\/uploads\/2022\/06\/quizzbox_1bis.jpg\"},{\"@type\":\"BreadcrumbList\",\"@id\":\"https:\/\/quizzbox.com\/de\/devis\/#breadcrumb\",\"itemListElement\":[{\"@type\":\"ListItem\",\"position\":1,\"name\":\"Accueil\",\"item\":\"https:\/\/quizzbox.com\/de\/\"},{\"@type\":\"ListItem\",\"position\":2,\"name\":\"Demande de devis\/d\u00e9mo\"}]},{\"@type\":\"WebSite\",\"@id\":\"https:\/\/quizzbox.com\/de\/#website\",\"url\":\"https:\/\/quizzbox.com\/de\/\",\"name\":\"Quizzbox\",\"description\":\"Boitier de vote et vote en ligne\",\"publisher\":{\"@id\":\"https:\/\/quizzbox.com\/de\/#organization\"},\"potentialAction\":[{\"@type\":\"SearchAction\",\"target\":{\"@type\":\"EntryPoint\",\"urlTemplate\":\"https:\/\/quizzbox.com\/de\/?s={search_term_string}\"},\"query-input\":{\"@type\":\"PropertyValueSpecification\",\"valueRequired\":true,\"valueName\":\"search_term_string\"}}],\"inLanguage\":\"de\"},{\"@type\":\"Organization\",\"@id\":\"https:\/\/quizzbox.com\/de\/#organization\",\"name\":\"Quizzbox\",\"url\":\"https:\/\/quizzbox.com\/de\/\",\"logo\":{\"@type\":\"ImageObject\",\"inLanguage\":\"de\",\"@id\":\"https:\/\/quizzbox.com\/de\/#\/schema\/logo\/image\/\",\"url\":\"https:\/\/quizzbox.com\/wp-content\/uploads\/2021\/06\/340db54ee7c0ed1quizzbox-entreprises.png\",\"contentUrl\":\"https:\/\/quizzbox.com\/wp-content\/uploads\/2021\/06\/340db54ee7c0ed1quizzbox-entreprises.png\",\"width\":2108,\"height\":688,\"caption\":\"Quizzbox\"},\"image\":{\"@id\":\"https:\/\/quizzbox.com\/de\/#\/schema\/logo\/image\/\"}}]}<\/script>\n<!-- \/ Yoast SEO plugin. -->","yoast_head_json":{"title":"Bo\u00eetiers de Vote Interactif et Electronique, Demandez votre D\u00e9mo Gratuite","description":"Vous souhaitez nous poser une question sur la solution Quizzbox ? Demandez \u00e0 notre \u00e9quipe une d\u00e9monstration gratuite.","robots":{"index":"index","follow":"follow","max-snippet":"max-snippet:-1","max-image-preview":"max-image-preview:large","max-video-preview":"max-video-preview:-1"},"canonical":"https:\/\/quizzbox.com\/de\/devis\/","og_locale":"de_DE","og_type":"article","og_title":"Bo\u00eetiers de Vote Interactif et Electronique, Demandez votre D\u00e9mo Gratuite","og_description":"Vous souhaitez nous poser une question sur la solution Quizzbox ? Demandez \u00e0 notre \u00e9quipe une d\u00e9monstration gratuite.","og_url":"https:\/\/quizzbox.com\/de\/devis\/","og_site_name":"Quizzbox","article_modified_time":"2025-02-07T15:30:20+00:00","og_image":[{"width":700,"height":700,"url":"https:\/\/quizzbox.com\/wp-content\/uploads\/2022\/06\/quizzbox_1bis.jpg","type":"image\/jpeg"}],"twitter_card":"summary_large_image","twitter_misc":{"Gesch\u00e4tzte Lesezeit":"1\u00a0Minute"},"schema":{"@context":"https:\/\/schema.org","@graph":[{"@type":"WebPage","@id":"https:\/\/quizzbox.com\/de\/devis\/","url":"https:\/\/quizzbox.com\/de\/devis\/","name":"Bo\u00eetiers de Vote Interactif et Electronique, Demandez votre D\u00e9mo Gratuite","isPartOf":{"@id":"https:\/\/quizzbox.com\/de\/#website"},"primaryImageOfPage":{"@id":"https:\/\/quizzbox.com\/de\/devis\/#primaryimage"},"image":{"@id":"https:\/\/quizzbox.com\/de\/devis\/#primaryimage"},"thumbnailUrl":"https:\/\/quizzbox.com\/wp-content\/uploads\/2022\/06\/quizzbox_1bis.jpg","datePublished":"2022-01-20T12:43:47+00:00","dateModified":"2025-02-07T15:30:20+00:00","description":"Vous souhaitez nous poser une question sur la solution Quizzbox ? Demandez \u00e0 notre \u00e9quipe une d\u00e9monstration gratuite.","breadcrumb":{"@id":"https:\/\/quizzbox.com\/de\/devis\/#breadcrumb"},"inLanguage":"de","potentialAction":[{"@type":"ReadAction","target":["https:\/\/quizzbox.com\/de\/devis\/"]}]},{"@type":"ImageObject","inLanguage":"de","@id":"https:\/\/quizzbox.com\/de\/devis\/#primaryimage","url":"https:\/\/quizzbox.com\/wp-content\/uploads\/2022\/06\/quizzbox_1bis.jpg","contentUrl":"https:\/\/quizzbox.com\/wp-content\/uploads\/2022\/06\/quizzbox_1bis.jpg"},{"@type":"BreadcrumbList","@id":"https:\/\/quizzbox.com\/de\/devis\/#breadcrumb","itemListElement":[{"@type":"ListItem","position":1,"name":"Accueil","item":"https:\/\/quizzbox.com\/de\/"},{"@type":"ListItem","position":2,"name":"Demande de devis\/d\u00e9mo"}]},{"@type":"WebSite","@id":"https:\/\/quizzbox.com\/de\/#website","url":"https:\/\/quizzbox.com\/de\/","name":"Quizzbox","description":"Boitier de vote et vote en ligne","publisher":{"@id":"https:\/\/quizzbox.com\/de\/#organization"},"potentialAction":[{"@type":"SearchAction","target":{"@type":"EntryPoint","urlTemplate":"https:\/\/quizzbox.com\/de\/?s={search_term_string}"},"query-input":{"@type":"PropertyValueSpecification","valueRequired":true,"valueName":"search_term_string"}}],"inLanguage":"de"},{"@type":"Organization","@id":"https:\/\/quizzbox.com\/de\/#organization","name":"Quizzbox","url":"https:\/\/quizzbox.com\/de\/","logo":{"@type":"ImageObject","inLanguage":"de","@id":"https:\/\/quizzbox.com\/de\/#\/schema\/logo\/image\/","url":"https:\/\/quizzbox.com\/wp-content\/uploads\/2021\/06\/340db54ee7c0ed1quizzbox-entreprises.png","contentUrl":"https:\/\/quizzbox.com\/wp-content\/uploads\/2021\/06\/340db54ee7c0ed1quizzbox-entreprises.png","width":2108,"height":688,"caption":"Quizzbox"},"image":{"@id":"https:\/\/quizzbox.com\/de\/#\/schema\/logo\/image\/"}}]}},"_links":{"self":[{"href":"https:\/\/quizzbox.com\/de\/wp-json\/wp\/v2\/pages\/4704","targetHints":{"allow":["GET"]}}],"collection":[{"href":"https:\/\/quizzbox.com\/de\/wp-json\/wp\/v2\/pages"}],"about":[{"href":"https:\/\/quizzbox.com\/de\/wp-json\/wp\/v2\/types\/page"}],"author":[{"embeddable":true,"href":"https:\/\/quizzbox.com\/de\/wp-json\/wp\/v2\/users\/18"}],"replies":[{"embeddable":true,"href":"https:\/\/quizzbox.com\/de\/wp-json\/wp\/v2\/comments?post=4704"}],"version-history":[{"count":58,"href":"https:\/\/quizzbox.com\/de\/wp-json\/wp\/v2\/pages\/4704\/revisions"}],"predecessor-version":[{"id":8269,"href":"https:\/\/quizzbox.com\/de\/wp-json\/wp\/v2\/pages\/4704\/revisions\/8269"}],"wp:attachment":[{"href":"https:\/\/quizzbox.com\/de\/wp-json\/wp\/v2\/media?parent=4704"}],"curies":[{"name":"wp","href":"https:\/\/api.w.org\/{rel}","templated":true}]}}