{"id":5600,"date":"2022-01-24T16:02:53","date_gmt":"2022-01-24T15:02:53","guid":{"rendered":"https:\/\/quizzbox.com\/securisation-des-votes-electronique-quizzbox-information-rgpd-et-cnil\/"},"modified":"2023-02-13T15:43:06","modified_gmt":"2023-02-13T14:43:06","slug":"datenschutz","status":"publish","type":"page","link":"https:\/\/quizzbox.com\/de\/datenschutz\/","title":{"rendered":"Datenschutzerkl\u00e4rung der QuizzBox Solutions GmbH"},"content":{"rendered":"\t\t<div data-elementor-type=\"wp-page\" data-elementor-id=\"5600\" class=\"elementor elementor-5600\" data-elementor-post-type=\"page\">\n\t\t\t\t\t\t<section class=\"elementor-section elementor-top-section elementor-element elementor-element-9dca27f elementor-section-boxed elementor-section-height-default elementor-section-height-default\" data-id=\"9dca27f\" data-element_type=\"section\">\n\t\t\t\t\t\t<div class=\"elementor-container elementor-column-gap-default\">\n\t\t\t\t\t<div class=\"elementor-column elementor-col-100 elementor-top-column elementor-element elementor-element-741dc5b\" data-id=\"741dc5b\" data-element_type=\"column\">\n\t\t\t<div class=\"elementor-widget-wrap elementor-element-populated\">\n\t\t\t\t\t\t<div class=\"elementor-element elementor-element-174afcea elementor-widget elementor-widget-text-editor\" data-id=\"174afcea\" data-element_type=\"widget\" data-widget_type=\"text-editor.default\">\n\t\t\t\t<div class=\"elementor-widget-container\">\n\t\t\t\t\t\t\t\t\t<h2>Datenschutzerkl\u00e4rung der QuizzBox Solutions GmbH<\/h2><p>Aktualisiert: 01.02.2023<\/p><p>Der Schutz Ihrer Privatsph\u00e4re und Ihrer pers\u00f6nlichen Daten ist f\u00fcr uns ein wichtiges Anliegen. Um Ihnen ein m\u00f6glichst hohes Ma\u00df an Transparenz und Sicherheit zu gew\u00e4hrleisten, informiert Sie diese Datenschutzerkl\u00e4rung, unter anderem, \u00fcber Art, Umfang und Zweck der Verarbeitung personenbezogener Daten, die wir von Ihnen, als Besucher unserer Website, Interessenten oder Kunden, erheben. Wir behandeln Ihre Daten und Informationen stets streng vertraulich und verarbeiten diese gem\u00e4\u00df den datenschutzrechtlichen Vorgaben, insbesondere der Europ\u00e4ischen Datenschutz-Grundverordnung (DSGVO) und des Bundesdatenschutzgesetzes (BDSG).<\/p><h3>Wer ist verantwortlich f\u00fcr die Datenerhebung und -verarbeitung<\/h3><p>Der Verantwortliche im Sinne des Datenschutzrechtes ist die:<br \/>QuizzBox Solutions GmbH<br \/>M\u00f6hringer Landstr., 5<br \/>D-70563 Stuttgart<br \/>Tel.: +4971199769112<br \/>E-Mail: info@quizzbox.com<br \/>Website: www.quizzbox.com<\/p><h3>Welche Daten werden zu welchen Zwecken verarbeitet?<\/h3><p>Eine Nutzung unserer Website ist grunds\u00e4tzlich ohne Angabe personenbezogener Daten m\u00f6glich. Sofern Sie besondere Services unseres Unternehmens in Anspruch nehmen m\u00f6chten, kann jedoch eine Verarbeitung personenbezogener Daten erforderlich werden. Ist die Verarbeitung personenbezogener Daten erforderlich und besteht f\u00fcr eine solche Verarbeitung keine gesetzliche Grundlage (z.B. die Durchf\u00fchrung einer vertraglichen Vereinbarung), bitten wir Sie um Ihre Einwilligung.<\/p><h5>1. Cookies<\/h5><p>Unsere Website verwendet Cookies, um Ihnen nutzerfreundlichere, effektivere und sichere Services bereitzustellen. Cookies sind Textdateien, welche \u00fcber Ihren Internetbrowser auf Ihrem Computersystem abgelegt und gespeichert werden. Die meisten der von uns verwendeten Cookies sind so genannte \u201cSession-Cookies\u201d. Sie werden nach Ende Ihres Besuchs automatisch gel\u00f6scht. Andere Cookies bleiben auf Ihrem Endger\u00e4t gespeichert bis Sie diese l\u00f6schen. Diese Cookies erm\u00f6glichen es uns, Ihren Browser beim n\u00e4chsten Besuch wiederzuerkennen.<\/p><p>Sie k\u00f6nnen Ihren Browser so einstellen, dass Sie \u00fcber das Setzen von Cookies informiert werden und Cookies nur im Einzelfall erlauben. Ferner k\u00f6nnen Sie die Annahme von Cookies f\u00fcr bestimmte F\u00e4lle oder generell ausschlie\u00dfen sowie das automatische L\u00f6schen der Cookies beim Schlie\u00dfen des Browsers aktivieren. Bei der Deaktivierung von Cookies kann die Funktionalit\u00e4t unserer Website eingeschr\u00e4nkt sein.<\/p><h5>2. Server-Log Dateien<\/h5><p>Wir erfassen mit jedem Aufruf unserer Website automatisch Informationen in so genannten Server-Log-Dateien. Dies sind: Browsertyp und Version, verwendetes Betriebssystem, Website, von welcher Sie auf unsere Website gelangen (\u201eReferrer\u201c), URL der Seite, Hostname des zugreifenden Rechners, Datum und Uhrzeit der Serveranfrage, IP-Adresse und sonstige \u00e4hnliche Informationen. Diese Informationen werden ben\u00f6tigt, um die Inhalte unserer Website korrekt auszuliefern, die Inhalte unserer Website sowie die Werbung f\u00fcr diese zu optimieren, die dauerhafte Funktionsf\u00e4higkeit unserer IT- Systeme und der Technik unserer Website zu gew\u00e4hrleisten sowie um Strafverfolgungsbeh\u00f6rden im Falle eines Cyberangriffes die zur Strafverfolgung notwendigen Informationen bereitzustellen. Bei der Nutzung dieser Informationen ziehen wir keine R\u00fcckschl\u00fcsse auf Sie. Eine Zusammenf\u00fchrung dieser Daten mit anderen Datenquellen wird nicht vorgenommen.<\/p><h5>3. Kontaktm\u00f6glichkeit \u00fcber unsere Website<\/h5><p>Sofern Sie per E-Mail oder \u00fcber ein Kontaktformular unserer Website den Kontakt mit uns aufnehmen, werden die von Ihnen auf freiwilliger Basis \u00fcbermittelten personenbezogenen Daten automatisch gespeichert. Diese personenbezogenen Daten werden f\u00fcr Zwecke der Bearbeitung oder der Kontaktaufnahme mit Ihnen gespeichert. Hierzu nutzen wir das Customer-Relationship-Management-System Salesforce. Wenn Sie mehr dr\u00fcber erfahren m\u00f6chten, wie Salesforce Ihre Daten verarbeitet, k\u00f6nnen Sie hier die <a href=\"https:\/\/www.salesforce.com\/de\/company\/privacy\/full_privacy\/\">komplette Salesforce Datenschutzerkl\u00e4rung<\/a> einsehen.<\/p><p>Diese Daten verbleiben bei uns, bis Sie uns zur L\u00f6schung auffordern, Ihre Einwilligung zur Speicherung widerrufen oder der Zweck f\u00fcr die Datenspeicherung entf\u00e4llt (z. B. nach abgeschlossener Bearbeitung Ihrer Anfrage). Zwingende gesetzliche Bestimmungen \u2013 insbesondere Aufbewahrungsfristen \u2013 bleiben unber\u00fchrt.<\/p><h5>4. Abonnement unseres Newsletters<\/h5><p>Wir k\u00f6nnen Sie, als Interessent, Kunde und Gesch\u00e4ftspartner in regelm\u00e4\u00dfigen Abst\u00e4nden im Wege eines Newsletters \u00fcber Neuigkeiten und Angebote unseres Unternehmens informieren. Unser Newsletter kann grunds\u00e4tzlich nur dann empfangen werden, wenn Sie sich f\u00fcr den Newsletter auf unsere Website abonnieren. Die erhobenen personenbezogenen Daten werden ausschlie\u00dflich zum Versand unseres Newsletters verwendet und nicht an Dritte weitergegeben<\/p><p>An die von Ihnen eingetragene E-Mail-Adresse wird aus rechtlichen Gr\u00fcnden eine Best\u00e4tigungsmail im Double-Opt-In-Verfahren versendet. Diese Best\u00e4tigungsmail dient der \u00dcberpr\u00fcfung, ob der Inhaber der E-Mail-Adresse den Empfang des Newsletters autorisiert hat. Bei der Anmeldung speichern wir ferner Ihre IP-Adresse zum Zeitpunkt der Anmeldung sowie das Datum und die Uhrzeit der Anmeldung. Die Erhebung dieser Daten ist erforderlich, um den (m\u00f6glichen) Missbrauch Ihrer E-Mail-Adresse zu einem sp\u00e4teren Zeitpunkt nachvollziehen zu k\u00f6nnen und dient deshalb Ihr rechtlichen Absicherung.<\/p><p>Wir nutzen die Dienstleistungen der Firma Newsletter2Go GmbH f\u00fcr die Versendung unserer Newsletter. Im Rahmen der Anmeldung erkl\u00e4ren Sie sich einverstanden, dass Ihre eingegebenen Daten an Newsletter2Go \u00fcbermittelt werden. Mehr Informationen finden Sie in den Datenschutzbestimmungen von Newsletter2Go (https:\/\/www.newsletter2go.de\/datenschutz).<\/p><p>Unsere Newsletter enthalten sogenannte Z\u00e4hlpixel. Dadurch kann eine statistische Auswertung des Erfolges oder Misserfolges von Online-Marketing-Kampagnen durchgef\u00fchrt werden. Wir k\u00f6nnen z.B. erkennen, ob und wann eine E-Mail ge\u00f6ffnet wurde und welche Links aufgerufen wurden. Diese Daten, werden gespeichert und ausgewertet, um den Newsletterversand zu optimieren und den Inhalt zuk\u00fcnftiger Newsletter noch besser Ihren Interessen anzupassen. Diese Daten werden nicht an Dritte weitergegeben.<\/p><p>Sie sind jederzeit berechtigt, die abgegebene Einwilligung zur Speicherung der Daten, der E-Mail-Adresse sowie deren Nutzung zum Versand des Newsletters zu widerrufen. Nach einem Widerruf werden diese personenbezogenen Daten von uns und der Firma Newsletter2Go GmbH gel\u00f6scht. Eine Abmeldung vom Abonnement des Newsletters, z.B. indem Sie den Abmelde-Link unten in Ihrem Newsletter anklicken, wird automatisch als Widerruf gedeutet.<\/p><h5>5. Google Analytics<\/h5><p>Unsere Website verwendet Google Analytics, einen Webanalysedienst der Google Inc. Google Analytics verwendet Cookies, um Informationen \u00fcber Ihre Benutzung unserer Website zu erzeugen, die in der Regel an einen Server von Google in den USA \u00fcbertragen und dort gespeichert werden.<\/p><p>Wir haben die von Google angebotene Option der IP-Anonymisierung auf dieser Website aktiviert. Dadurch wird Ihre IP-Adresse von Google innerhalb von Mitgliedstaaten der Europ\u00e4ischen Union oder in anderen Vertragsstaaten des Abkommens \u00fcber den Europ\u00e4ischen Wirtschaftsraum zuvor gek\u00fcrzt. Nur in Ausnahmef\u00e4llen wird die volle IP-Adresse an einen Server von Google in den USA \u00fcbertragen und dort gek\u00fcrzt.<\/p><p>In unserem Auftrag wird Google diese Informationen benutzen, um Ihre Nutzung der Website auszuwerten, um Reports \u00fcber die Websiteaktivit\u00e4ten zusammenzustellen und um weitere mit der Websitenutzung und der Internetnutzung verbundene Dienstleistungen gegen\u00fcber uns zu erbringen.<\/p><p>Sie k\u00f6nnen die Erfassung der durch die Cookies erzeugten und auf Ihre Nutzung der Website bezogenen Daten sowie die Verarbeitung dieser Daten verhindern, indem Sie das Setzen von Cookies f\u00fcr diesen Fall oder generell deaktivieren. Bei der Deaktivierung von Cookies kann die Funktionalit\u00e4t unserer Website eingeschr\u00e4nkt sein.<\/p><p>Mehr Informationen finden Sie in den Datenschutzbestimmungen von Google: www.google.de\/policies\/privacy\/.<\/p><h5>6. Google AdWords<\/h5><p>Unsere Website verwendet Google AdWords, ein Online-Werbeprogramm der Google Inc. Durch Google AdWords werden Werbeanzeigen f\u00fcr unsere Website gezeigt und thematisch nach den bei einer Google-Suche genutzten Schl\u00fcsselw\u00f6rtern ausgerichtet. Hierzu wird durch Google ein Cookie im Browser gesetzt, sobald auf eine im Google Such- oder Werbenetzwerk geschaltete Anzeige geklickt wird.<\/p><p>Im Rahmen von Google AdWords nutzen wir das so genannte Conversion-Tracking. Wenn Sie auf eine von Google geschaltete Anzeige klicken wird ein Cookie f\u00fcr das Conversion-Tracking gesetzt. Diese Cookies verlieren nach 30 Tagen ihre G\u00fcltigkeit und dienen nicht der pers\u00f6nlichen Identifizierung der Nutzer. Besuchen Sie bestimmte Seiten unserer Website und das Cookie ist noch nicht abgelaufen, k\u00f6nnen Google und wir erkennen, dass Sie auf die Anzeige geklickt haben und zu dieser Seite weitergeleitet wurden.<\/p><p>Jeder Google AdWords-Kunde erh\u00e4lt ein anderes Cookie. Die Cookies k\u00f6nnen nicht \u00fcber die Websites von AdWords-Kunden nachverfolgt werden. Die mithilfe des Conversion-Cookies eingeholten Informationen dienen uns dazu, Conversion-Statistiken. Wir erfahren die Gesamtanzahl der Nutzer, die auf unsere Anzeige geklickt haben und zu einer mit einem Conversion-Tracking-Tag versehenen Seite weitergeleitet wurden. Wir erhalten jedoch keine Informationen, mit denen sich Nutzer pers\u00f6nlich identifizieren lassen. Wenn Sie nicht am Tracking teilnehmen m\u00f6chten, k\u00f6nnen Sie dieser Nutzung widersprechen, indem Sie das Cookie des Google Conversion-Trackings deaktivieren. Sie werden sodann nicht in die Conversion-Tracking Statistiken aufgenommen.<\/p><p>Mehr Informationen finden Sie in den Datenschutzbestimmungen von Google: www.google.de\/policies\/privacy\/.<\/p><h3>Welche Rechte haben Sie?<\/h3><p>Nach dem anwendbaren Datenschutzrecht haben Sie unter bestimmten Voraussetzungen folgende Rechte:<\/p><p>\u2022 Sie k\u00f6nnen jederzeit Auskunft dar\u00fcber erhalten, welche personenbezogenen Daten, wir \u00fcber Sie verarbeiten.<\/p><p>\u2022 Sie haben das Recht, die Korrektur (sofern Ihre Daten nicht korrekt gespeichert sind), L\u00f6schung (solange dies gesetzlich zul\u00e4ssig oder im Rahmen eines bestehenden Vertragsverh\u00e4ltnisses m\u00f6glich ist), oder Einschr\u00e4nkung der Verarbeitung der f\u00fcr den genannten Zweck nicht mehr erforderlichen Daten verlangen.<\/p><p>\u2022 Sie haben das Recht auf \u00dcbertragbarkeit in einem strukturierten, g\u00e4ngigen und maschinenlesbaren Format derjenigen Daten, die Sie uns auf der Basis einer Einwilligung oder eines Vertrages bereitgestellt haben.<\/p><p>\u2022 Sie haben das Recht, Beschwerde bei der zust\u00e4ndigen Aufsichtsbeh\u00f6rde einzulegen, sofern Sie Zweifel an einer datenschutzkonformen Verarbeitung Ihrer Daten haben.<\/p><p>\u2022 Soweit die Verarbeitung auf Ihrer Einwilligung beruht, haben Sie das Recht, die Einwilligung jederzeit zu widerrufen. Die Rechtm\u00e4\u00dfigkeit, der aufgrund der Einwilligung bis zum Widerruf erfolgten Verarbeitung wird dadurch nicht ber\u00fchrt.<\/p><p>\u2022 Sie k\u00f6nnen der werblichen Ansprache jederzeit mit Wirkung f\u00fcr die Zukunft widersprechen.<\/p>\t\t\t\t\t\t\t\t<\/div>\n\t\t\t\t<\/div>\n\t\t\t\t\t<\/div>\n\t\t<\/div>\n\t\t\t\t\t<\/div>\n\t\t<\/section>\n\t\t\t\t<\/div>\n\t\t","protected":false},"excerpt":{"rendered":"<p>Datenschutzerkl\u00e4rung der QuizzBox Solutions GmbH Aktualisiert: 01.02.2023 Der Schutz Ihrer Privatsph\u00e4re und Ihrer pers\u00f6nlichen Daten ist f\u00fcr uns ein wichtiges Anliegen. Um Ihnen ein m\u00f6glichst hohes Ma\u00df an Transparenz und Sicherheit zu gew\u00e4hrleisten, informiert Sie diese Datenschutzerkl\u00e4rung, unter anderem, \u00fcber Art, Umfang und Zweck der Verarbeitung personenbezogener Daten, die wir von Ihnen, als Besucher unserer [&hellip;]<\/p>\n","protected":false},"author":18,"featured_media":0,"parent":0,"menu_order":0,"comment_status":"closed","ping_status":"closed","template":"elementor_header_footer","meta":{"footnotes":""},"class_list":["post-5600","page","type-page","status-publish","hentry"],"yoast_head":"<!-- This site is optimized with the Yoast SEO plugin v26.2 - https:\/\/yoast.com\/wordpress\/plugins\/seo\/ -->\n<title>Datenschutzerkl\u00e4rung der QuizzBox Solutions GmbH - Quizzbox<\/title>\n<meta name=\"robots\" content=\"index, follow, max-snippet:-1, max-image-preview:large, max-video-preview:-1\" \/>\n<link rel=\"canonical\" href=\"https:\/\/quizzbox.com\/de\/datenschutz\/\" \/>\n<meta property=\"og:locale\" content=\"de_DE\" \/>\n<meta property=\"og:type\" content=\"article\" \/>\n<meta property=\"og:title\" content=\"Datenschutzerkl\u00e4rung der QuizzBox Solutions GmbH - Quizzbox\" \/>\n<meta property=\"og:description\" content=\"Datenschutzerkl\u00e4rung der QuizzBox Solutions GmbH Aktualisiert: 01.02.2023 Der Schutz Ihrer Privatsph\u00e4re und Ihrer pers\u00f6nlichen Daten ist f\u00fcr uns ein wichtiges Anliegen. Um Ihnen ein m\u00f6glichst hohes Ma\u00df an Transparenz und Sicherheit zu gew\u00e4hrleisten, informiert Sie diese Datenschutzerkl\u00e4rung, unter anderem, \u00fcber Art, Umfang und Zweck der Verarbeitung personenbezogener Daten, die wir von Ihnen, als Besucher unserer [&hellip;]\" \/>\n<meta property=\"og:url\" content=\"https:\/\/quizzbox.com\/de\/datenschutz\/\" \/>\n<meta property=\"og:site_name\" content=\"Quizzbox\" \/>\n<meta property=\"article:modified_time\" content=\"2023-02-13T14:43:06+00:00\" \/>\n<meta name=\"twitter:card\" content=\"summary_large_image\" \/>\n<meta name=\"twitter:label1\" content=\"Gesch\u00e4tzte Lesezeit\" \/>\n\t<meta name=\"twitter:data1\" content=\"8\u00a0Minuten\" \/>\n<script type=\"application\/ld+json\" class=\"yoast-schema-graph\">{\"@context\":\"https:\/\/schema.org\",\"@graph\":[{\"@type\":\"WebPage\",\"@id\":\"https:\/\/quizzbox.com\/de\/datenschutz\/\",\"url\":\"https:\/\/quizzbox.com\/de\/datenschutz\/\",\"name\":\"Datenschutzerkl\u00e4rung der QuizzBox Solutions GmbH - Quizzbox\",\"isPartOf\":{\"@id\":\"https:\/\/quizzbox.com\/de\/#website\"},\"datePublished\":\"2022-01-24T15:02:53+00:00\",\"dateModified\":\"2023-02-13T14:43:06+00:00\",\"breadcrumb\":{\"@id\":\"https:\/\/quizzbox.com\/de\/datenschutz\/#breadcrumb\"},\"inLanguage\":\"de\",\"potentialAction\":[{\"@type\":\"ReadAction\",\"target\":[\"https:\/\/quizzbox.com\/de\/datenschutz\/\"]}]},{\"@type\":\"BreadcrumbList\",\"@id\":\"https:\/\/quizzbox.com\/de\/datenschutz\/#breadcrumb\",\"itemListElement\":[{\"@type\":\"ListItem\",\"position\":1,\"name\":\"Accueil\",\"item\":\"https:\/\/quizzbox.com\/de\/\"},{\"@type\":\"ListItem\",\"position\":2,\"name\":\"Datenschutzerkl\u00e4rung der QuizzBox Solutions GmbH\"}]},{\"@type\":\"WebSite\",\"@id\":\"https:\/\/quizzbox.com\/de\/#website\",\"url\":\"https:\/\/quizzbox.com\/de\/\",\"name\":\"Quizzbox\",\"description\":\"Boitier de vote et vote en ligne\",\"publisher\":{\"@id\":\"https:\/\/quizzbox.com\/de\/#organization\"},\"potentialAction\":[{\"@type\":\"SearchAction\",\"target\":{\"@type\":\"EntryPoint\",\"urlTemplate\":\"https:\/\/quizzbox.com\/de\/?s={search_term_string}\"},\"query-input\":{\"@type\":\"PropertyValueSpecification\",\"valueRequired\":true,\"valueName\":\"search_term_string\"}}],\"inLanguage\":\"de\"},{\"@type\":\"Organization\",\"@id\":\"https:\/\/quizzbox.com\/de\/#organization\",\"name\":\"Quizzbox\",\"url\":\"https:\/\/quizzbox.com\/de\/\",\"logo\":{\"@type\":\"ImageObject\",\"inLanguage\":\"de\",\"@id\":\"https:\/\/quizzbox.com\/de\/#\/schema\/logo\/image\/\",\"url\":\"https:\/\/quizzbox.com\/wp-content\/uploads\/2021\/06\/340db54ee7c0ed1quizzbox-entreprises.png\",\"contentUrl\":\"https:\/\/quizzbox.com\/wp-content\/uploads\/2021\/06\/340db54ee7c0ed1quizzbox-entreprises.png\",\"width\":2108,\"height\":688,\"caption\":\"Quizzbox\"},\"image\":{\"@id\":\"https:\/\/quizzbox.com\/de\/#\/schema\/logo\/image\/\"}}]}<\/script>\n<!-- \/ Yoast SEO plugin. -->","yoast_head_json":{"title":"Datenschutzerkl\u00e4rung der QuizzBox Solutions GmbH - Quizzbox","robots":{"index":"index","follow":"follow","max-snippet":"max-snippet:-1","max-image-preview":"max-image-preview:large","max-video-preview":"max-video-preview:-1"},"canonical":"https:\/\/quizzbox.com\/de\/datenschutz\/","og_locale":"de_DE","og_type":"article","og_title":"Datenschutzerkl\u00e4rung der QuizzBox Solutions GmbH - Quizzbox","og_description":"Datenschutzerkl\u00e4rung der QuizzBox Solutions GmbH Aktualisiert: 01.02.2023 Der Schutz Ihrer Privatsph\u00e4re und Ihrer pers\u00f6nlichen Daten ist f\u00fcr uns ein wichtiges Anliegen. Um Ihnen ein m\u00f6glichst hohes Ma\u00df an Transparenz und Sicherheit zu gew\u00e4hrleisten, informiert Sie diese Datenschutzerkl\u00e4rung, unter anderem, \u00fcber Art, Umfang und Zweck der Verarbeitung personenbezogener Daten, die wir von Ihnen, als Besucher unserer [&hellip;]","og_url":"https:\/\/quizzbox.com\/de\/datenschutz\/","og_site_name":"Quizzbox","article_modified_time":"2023-02-13T14:43:06+00:00","twitter_card":"summary_large_image","twitter_misc":{"Gesch\u00e4tzte Lesezeit":"8\u00a0Minuten"},"schema":{"@context":"https:\/\/schema.org","@graph":[{"@type":"WebPage","@id":"https:\/\/quizzbox.com\/de\/datenschutz\/","url":"https:\/\/quizzbox.com\/de\/datenschutz\/","name":"Datenschutzerkl\u00e4rung der QuizzBox Solutions GmbH - Quizzbox","isPartOf":{"@id":"https:\/\/quizzbox.com\/de\/#website"},"datePublished":"2022-01-24T15:02:53+00:00","dateModified":"2023-02-13T14:43:06+00:00","breadcrumb":{"@id":"https:\/\/quizzbox.com\/de\/datenschutz\/#breadcrumb"},"inLanguage":"de","potentialAction":[{"@type":"ReadAction","target":["https:\/\/quizzbox.com\/de\/datenschutz\/"]}]},{"@type":"BreadcrumbList","@id":"https:\/\/quizzbox.com\/de\/datenschutz\/#breadcrumb","itemListElement":[{"@type":"ListItem","position":1,"name":"Accueil","item":"https:\/\/quizzbox.com\/de\/"},{"@type":"ListItem","position":2,"name":"Datenschutzerkl\u00e4rung der QuizzBox Solutions GmbH"}]},{"@type":"WebSite","@id":"https:\/\/quizzbox.com\/de\/#website","url":"https:\/\/quizzbox.com\/de\/","name":"Quizzbox","description":"Boitier de vote et vote en ligne","publisher":{"@id":"https:\/\/quizzbox.com\/de\/#organization"},"potentialAction":[{"@type":"SearchAction","target":{"@type":"EntryPoint","urlTemplate":"https:\/\/quizzbox.com\/de\/?s={search_term_string}"},"query-input":{"@type":"PropertyValueSpecification","valueRequired":true,"valueName":"search_term_string"}}],"inLanguage":"de"},{"@type":"Organization","@id":"https:\/\/quizzbox.com\/de\/#organization","name":"Quizzbox","url":"https:\/\/quizzbox.com\/de\/","logo":{"@type":"ImageObject","inLanguage":"de","@id":"https:\/\/quizzbox.com\/de\/#\/schema\/logo\/image\/","url":"https:\/\/quizzbox.com\/wp-content\/uploads\/2021\/06\/340db54ee7c0ed1quizzbox-entreprises.png","contentUrl":"https:\/\/quizzbox.com\/wp-content\/uploads\/2021\/06\/340db54ee7c0ed1quizzbox-entreprises.png","width":2108,"height":688,"caption":"Quizzbox"},"image":{"@id":"https:\/\/quizzbox.com\/de\/#\/schema\/logo\/image\/"}}]}},"_links":{"self":[{"href":"https:\/\/quizzbox.com\/de\/wp-json\/wp\/v2\/pages\/5600","targetHints":{"allow":["GET"]}}],"collection":[{"href":"https:\/\/quizzbox.com\/de\/wp-json\/wp\/v2\/pages"}],"about":[{"href":"https:\/\/quizzbox.com\/de\/wp-json\/wp\/v2\/types\/page"}],"author":[{"embeddable":true,"href":"https:\/\/quizzbox.com\/de\/wp-json\/wp\/v2\/users\/18"}],"replies":[{"embeddable":true,"href":"https:\/\/quizzbox.com\/de\/wp-json\/wp\/v2\/comments?post=5600"}],"version-history":[{"count":7,"href":"https:\/\/quizzbox.com\/de\/wp-json\/wp\/v2\/pages\/5600\/revisions"}],"predecessor-version":[{"id":7124,"href":"https:\/\/quizzbox.com\/de\/wp-json\/wp\/v2\/pages\/5600\/revisions\/7124"}],"wp:attachment":[{"href":"https:\/\/quizzbox.com\/de\/wp-json\/wp\/v2\/media?parent=5600"}],"curies":[{"name":"wp","href":"https:\/\/api.w.org\/{rel}","templated":true}]}}