{"id":5652,"date":"2022-04-12T10:31:32","date_gmt":"2022-04-12T08:31:32","guid":{"rendered":"https:\/\/quizzbox.com\/interaktive-powerpoint\/"},"modified":"2023-05-10T10:45:41","modified_gmt":"2023-05-10T08:45:41","slug":"interaktive-powerpoint","status":"publish","type":"page","link":"https:\/\/quizzbox.com\/de\/interaktive-powerpoint\/","title":{"rendered":"Interaktive PowerPoint"},"content":{"rendered":"\t\t<div data-elementor-type=\"wp-page\" data-elementor-id=\"5652\" class=\"elementor elementor-5652 elementor-1170\" data-elementor-post-type=\"page\">\n\t\t\t\t\t\t<section class=\"elementor-section elementor-top-section elementor-element elementor-element-ae2c11c elementor-section-height-min-height elementor-section-boxed elementor-section-height-default elementor-section-items-middle\" data-id=\"ae2c11c\" data-element_type=\"section\" data-settings=\"{&quot;background_background&quot;:&quot;classic&quot;,&quot;shape_divider_bottom&quot;:&quot;curve&quot;}\">\n\t\t\t\t\t<div class=\"elementor-shape elementor-shape-bottom\" aria-hidden=\"true\" data-negative=\"false\">\n\t\t\t<svg xmlns=\"http:\/\/www.w3.org\/2000\/svg\" viewBox=\"0 0 1000 100\" preserveAspectRatio=\"none\">\n    <path class=\"elementor-shape-fill\" d=\"M1000,4.3V0H0v4.3C0.9,23.1,126.7,99.2,500,100S1000,22.7,1000,4.3z\"\/>\n<\/svg>\t\t<\/div>\n\t\t\t\t\t<div class=\"elementor-container elementor-column-gap-default\">\n\t\t\t\t\t<div class=\"elementor-column elementor-col-100 elementor-top-column elementor-element elementor-element-4d041f9\" data-id=\"4d041f9\" data-element_type=\"column\">\n\t\t\t<div class=\"elementor-widget-wrap elementor-element-populated\">\n\t\t\t\t\t\t<div class=\"elementor-element elementor-element-4b016a2 elementor-view-default elementor-widget elementor-widget-icon\" data-id=\"4b016a2\" data-element_type=\"widget\" data-widget_type=\"icon.default\">\n\t\t\t\t<div class=\"elementor-widget-container\">\n\t\t\t\t\t\t\t<div class=\"elementor-icon-wrapper\">\n\t\t\t<div class=\"elementor-icon\">\n\t\t\t<i aria-hidden=\"true\" class=\"fab fa-microsoft\"><\/i>\t\t\t<\/div>\n\t\t<\/div>\n\t\t\t\t\t\t<\/div>\n\t\t\t\t<\/div>\n\t\t\t\t<div class=\"elementor-element elementor-element-25743d7 elementor-widget elementor-widget-heading\" data-id=\"25743d7\" data-element_type=\"widget\" data-widget_type=\"heading.default\">\n\t\t\t\t<div class=\"elementor-widget-container\">\n\t\t\t\t\t<h1 class=\"elementor-heading-title elementor-size-default\">Interaktive PowerPoint<\/h1>\t\t\t\t<\/div>\n\t\t\t\t<\/div>\n\t\t\t\t\t<\/div>\n\t\t<\/div>\n\t\t\t\t\t<\/div>\n\t\t<\/section>\n\t\t\t\t<section class=\"elementor-section elementor-top-section elementor-element elementor-element-49ef956 elementor-section-boxed elementor-section-height-default elementor-section-height-default\" data-id=\"49ef956\" data-element_type=\"section\">\n\t\t\t\t\t\t<div class=\"elementor-container elementor-column-gap-default\">\n\t\t\t\t\t<div class=\"elementor-column elementor-col-50 elementor-top-column elementor-element elementor-element-44e3276\" data-id=\"44e3276\" data-element_type=\"column\">\n\t\t\t<div class=\"elementor-widget-wrap elementor-element-populated\">\n\t\t\t\t\t\t<div class=\"elementor-element elementor-element-70f706e elementor-widget elementor-widget-heading\" data-id=\"70f706e\" data-element_type=\"widget\" data-widget_type=\"heading.default\">\n\t\t\t\t<div class=\"elementor-widget-container\">\n\t\t\t\t\t<h2 class=\"elementor-heading-title elementor-size-default\">Starten Sie mit einer neuen PowerPoint-Pr\u00e4sentation oder erg\u00e4nzen Sie bestehende Inhalte<\/h2>\t\t\t\t<\/div>\n\t\t\t\t<\/div>\n\t\t\t\t<div class=\"elementor-element elementor-element-d780658 elementor-widget-divider--view-line elementor-widget elementor-widget-global elementor-global-3706 elementor-global-499 elementor-widget-divider\" data-id=\"d780658\" data-element_type=\"widget\" data-widget_type=\"divider.default\">\n\t\t\t\t<div class=\"elementor-widget-container\">\n\t\t\t\t\t\t\t<div class=\"elementor-divider\">\n\t\t\t<span class=\"elementor-divider-separator\">\n\t\t\t\t\t\t<\/span>\n\t\t<\/div>\n\t\t\t\t\t\t<\/div>\n\t\t\t\t<\/div>\n\t\t\t\t<div class=\"elementor-element elementor-element-0ce68ad elementor-widget elementor-widget-text-editor\" data-id=\"0ce68ad\" data-element_type=\"widget\" data-widget_type=\"text-editor.default\">\n\t\t\t\t<div class=\"elementor-widget-container\">\n\t\t\t\t\t\t\t\t\t<p>Sobald <strong>Quizzbox<\/strong> auf Ihrem Computer installiert ist, ist in PowerPoint eine zus\u00e4tzliche Registerkarte in der Men\u00fcleiste aufgef\u00fchrt.<\/p>\n<p>Unabh\u00e4ngig davon, ob Sie mit einer leeren Pr\u00e4sentation beginnen oder mit einer bereits bestehenden <strong>PowerPoint<\/strong> Datei \u2013 mit wenigen Klicks binden Sie interaktive Folien ein. F\u00fcgen Sie \u00fcber die Funktion \u201e<strong>Neue Frage<\/strong>\u201c in der QuizzBox-Registerkarte eine neue Frage-Folien hinzu.<\/p>\n<p>W\u00e4hlen Sie einfach den <strong>Fragetyp<\/strong> aus (bspw. Wissens- oder Meinungsfrage) und definieren Sie die Antwortm\u00f6glichkeiten (bspw. einfach\/mehrfach, numerisch\u2026). Speichern Sie Ihre <strong>PowerPoint<\/strong>-Pr\u00e4sentation und starten Sie sie. Ihre TeilnehmerInnen k\u00f6nnen nun, immer dann, wenn Sie die entsprechende Folie einblenden, \u00fcber die Abstimmger\u00e4te oder ihr <strong>Smartphone\/Tablet\/PC<\/strong> die Fragen in Ihrer Pr\u00e4sentation beantworten.<\/p>\n\t\t\t\t\t\t\t\t<\/div>\n\t\t\t\t<\/div>\n\t\t\t\t\t<\/div>\n\t\t<\/div>\n\t\t\t\t<div class=\"elementor-column elementor-col-50 elementor-top-column elementor-element elementor-element-85a63d1\" data-id=\"85a63d1\" data-element_type=\"column\">\n\t\t\t<div class=\"elementor-widget-wrap elementor-element-populated\">\n\t\t\t\t\t\t<div class=\"elementor-element elementor-element-724bd81 elementor-widget elementor-widget-image\" data-id=\"724bd81\" data-element_type=\"widget\" data-widget_type=\"image.default\">\n\t\t\t\t<div class=\"elementor-widget-container\">\n\t\t\t\t\t\t\t\t\t\t\t\t\t\t\t<img fetchpriority=\"high\" decoding=\"async\" width=\"700\" height=\"700\" src=\"https:\/\/quizzbox.com\/wp-content\/uploads\/2022\/06\/quizzbox_ppt.jpg\" class=\"attachment-large size-large wp-image-3492\" alt=\"Questionnaires Powerpoint\" \/>\t\t\t\t\t\t\t\t\t\t\t\t\t\t\t<\/div>\n\t\t\t\t<\/div>\n\t\t\t\t\t<\/div>\n\t\t<\/div>\n\t\t\t\t\t<\/div>\n\t\t<\/section>\n\t\t\t\t<section class=\"elementor-section elementor-top-section elementor-element elementor-element-9dd0e39 elementor-reverse-mobile elementor-section-boxed elementor-section-height-default elementor-section-height-default\" data-id=\"9dd0e39\" data-element_type=\"section\">\n\t\t\t\t\t\t<div class=\"elementor-container elementor-column-gap-default\">\n\t\t\t\t\t<div class=\"elementor-column elementor-col-50 elementor-top-column elementor-element elementor-element-e9ab937\" data-id=\"e9ab937\" data-element_type=\"column\">\n\t\t\t<div class=\"elementor-widget-wrap elementor-element-populated\">\n\t\t\t\t\t\t<div class=\"elementor-element elementor-element-194f2f9 elementor-widget elementor-widget-image\" data-id=\"194f2f9\" data-element_type=\"widget\" data-widget_type=\"image.default\">\n\t\t\t\t<div class=\"elementor-widget-container\">\n\t\t\t\t\t\t\t\t\t\t\t\t\t\t\t<img decoding=\"async\" width=\"700\" height=\"700\" src=\"https:\/\/quizzbox.com\/wp-content\/uploads\/2022\/06\/quizzbox_education-03.png\" class=\"attachment-large size-large wp-image-3584\" alt=\"\" \/>\t\t\t\t\t\t\t\t\t\t\t\t\t\t\t<\/div>\n\t\t\t\t<\/div>\n\t\t\t\t\t<\/div>\n\t\t<\/div>\n\t\t\t\t<div class=\"elementor-column elementor-col-50 elementor-top-column elementor-element elementor-element-4f0596a\" data-id=\"4f0596a\" data-element_type=\"column\">\n\t\t\t<div class=\"elementor-widget-wrap elementor-element-populated\">\n\t\t\t\t\t\t<div class=\"elementor-element elementor-element-df2a8d5 elementor-widget elementor-widget-heading\" data-id=\"df2a8d5\" data-element_type=\"widget\" data-widget_type=\"heading.default\">\n\t\t\t\t<div class=\"elementor-widget-container\">\n\t\t\t\t\t<h2 class=\"elementor-heading-title elementor-size-default\">Fragetypen<\/h2>\t\t\t\t<\/div>\n\t\t\t\t<\/div>\n\t\t\t\t<div class=\"elementor-element elementor-element-864f8d6 elementor-widget-divider--view-line elementor-widget elementor-widget-global elementor-global-3706 elementor-global-499 elementor-widget-divider\" data-id=\"864f8d6\" data-element_type=\"widget\" data-widget_type=\"divider.default\">\n\t\t\t\t<div class=\"elementor-widget-container\">\n\t\t\t\t\t\t\t<div class=\"elementor-divider\">\n\t\t\t<span class=\"elementor-divider-separator\">\n\t\t\t\t\t\t<\/span>\n\t\t<\/div>\n\t\t\t\t\t\t<\/div>\n\t\t\t\t<\/div>\n\t\t\t\t<div class=\"elementor-element elementor-element-9c7e3b8 elementor-widget elementor-widget-text-editor\" data-id=\"9c7e3b8\" data-element_type=\"widget\" data-widget_type=\"text-editor.default\">\n\t\t\t\t<div class=\"elementor-widget-container\">\n\t\t\t\t\t\t\t\t\t<p>Je nach Bedarf, k\u00f6nnen Sie <strong>verschiedene Fragetypen<\/strong> erstellen.<\/p>\n<ul>\n<li>Einfachwahl-Frage<\/li>\n<li>Mehrfachwahl-Frage<\/li>\n<li><strong>Numerische<\/strong> Frage<\/li>\n<li>Meinungsfrage<\/li>\n<li>Sortierfrage<\/li>\n<li><strong>Wortwolke<\/strong><\/li>\n<li><strong>Teamfrage<\/strong><\/li>\n<\/ul>\n\t\t\t\t\t\t\t\t<\/div>\n\t\t\t\t<\/div>\n\t\t\t\t\t<\/div>\n\t\t<\/div>\n\t\t\t\t\t<\/div>\n\t\t<\/section>\n\t\t\t\t<section class=\"elementor-section elementor-top-section elementor-element elementor-element-96aad26 elementor-section-content-middle elementor-section-boxed elementor-section-height-default elementor-section-height-default\" data-id=\"96aad26\" data-element_type=\"section\">\n\t\t\t\t\t\t<div class=\"elementor-container elementor-column-gap-default\">\n\t\t\t\t\t<div class=\"elementor-column elementor-col-50 elementor-top-column elementor-element elementor-element-7af1a83\" data-id=\"7af1a83\" data-element_type=\"column\">\n\t\t\t<div class=\"elementor-widget-wrap elementor-element-populated\">\n\t\t\t\t\t\t<div class=\"elementor-element elementor-element-3c2db7a elementor-widget elementor-widget-heading\" data-id=\"3c2db7a\" data-element_type=\"widget\" data-widget_type=\"heading.default\">\n\t\t\t\t<div class=\"elementor-widget-container\">\n\t\t\t\t\t<h2 class=\"elementor-heading-title elementor-size-default\">Ergebnisanzeige<\/h2>\t\t\t\t<\/div>\n\t\t\t\t<\/div>\n\t\t\t\t<div class=\"elementor-element elementor-element-8634ef8 elementor-widget-divider--view-line elementor-widget elementor-widget-global elementor-global-3706 elementor-global-499 elementor-widget-divider\" data-id=\"8634ef8\" data-element_type=\"widget\" data-widget_type=\"divider.default\">\n\t\t\t\t<div class=\"elementor-widget-container\">\n\t\t\t\t\t\t\t<div class=\"elementor-divider\">\n\t\t\t<span class=\"elementor-divider-separator\">\n\t\t\t\t\t\t<\/span>\n\t\t<\/div>\n\t\t\t\t\t\t<\/div>\n\t\t\t\t<\/div>\n\t\t\t\t<div class=\"elementor-element elementor-element-18d9f34 elementor-widget elementor-widget-text-editor\" data-id=\"18d9f34\" data-element_type=\"widget\" data-widget_type=\"text-editor.default\">\n\t\t\t\t<div class=\"elementor-widget-container\">\n\t\t\t\t\t\t\t\t\t<p>W\u00e4hrend Ihrer Pr\u00e4sentation k\u00f6nnen Sie jederzeit verschiedene Arten von <strong>Ergebnissen<\/strong> anzeigen:<\/p>\n<ul>\n<li><strong>Prozentsatz<\/strong> richtiger und falscher Antworten<\/li>\n<li>Individuelle Punktzahl<\/li>\n<li>Anzeige als <strong>Balken- oder Tortendiagrammen<\/strong><\/li>\n<li>Anzeige in Form eines <strong>Siegertreppchens<\/strong>, Gruppentreppchens oder Pferderennens<\/li>\n<\/ul>\t\t\t\t\t\t\t\t<\/div>\n\t\t\t\t<\/div>\n\t\t\t\t\t<\/div>\n\t\t<\/div>\n\t\t\t\t<div class=\"elementor-column elementor-col-50 elementor-top-column elementor-element elementor-element-736ee5d\" data-id=\"736ee5d\" data-element_type=\"column\">\n\t\t\t<div class=\"elementor-widget-wrap elementor-element-populated\">\n\t\t\t\t\t\t<div class=\"elementor-element elementor-element-b04ea9b elementor-widget elementor-widget-image\" data-id=\"b04ea9b\" data-element_type=\"widget\" data-widget_type=\"image.default\">\n\t\t\t\t<div class=\"elementor-widget-container\">\n\t\t\t\t\t\t\t\t\t\t\t\t\t\t\t<img fetchpriority=\"high\" decoding=\"async\" width=\"700\" height=\"700\" src=\"https:\/\/quizzbox.com\/wp-content\/uploads\/2022\/06\/quizzbox_ppt.jpg\" class=\"attachment-large size-large wp-image-3492\" alt=\"Questionnaires Powerpoint\" \/>\t\t\t\t\t\t\t\t\t\t\t\t\t\t\t<\/div>\n\t\t\t\t<\/div>\n\t\t\t\t\t<\/div>\n\t\t<\/div>\n\t\t\t\t\t<\/div>\n\t\t<\/section>\n\t\t\t\t<section class=\"elementor-section elementor-top-section elementor-element elementor-element-248655b1 elementor-section-boxed elementor-section-height-default elementor-section-height-default elementor-invisible\" data-id=\"248655b1\" data-element_type=\"section\" data-settings=\"{&quot;background_background&quot;:&quot;classic&quot;,&quot;animation&quot;:&quot;fadeInUp&quot;}\">\n\t\t\t\t\t\t<div class=\"elementor-container elementor-column-gap-default\">\n\t\t\t\t\t<div class=\"elementor-column elementor-col-100 elementor-top-column elementor-element elementor-element-66128959\" data-id=\"66128959\" data-element_type=\"column\">\n\t\t\t<div class=\"elementor-widget-wrap elementor-element-populated\">\n\t\t\t\t\t\t<div class=\"elementor-element elementor-element-2ab56e24 elementor-widget elementor-widget-heading\" data-id=\"2ab56e24\" data-element_type=\"widget\" data-widget_type=\"heading.default\">\n\t\t\t\t<div class=\"elementor-widget-container\">\n\t\t\t\t\t<h2 class=\"elementor-heading-title elementor-size-default\">M\u00f6chten Sie mehr \u00fcber unsere Preise erfahren oder eine Demo unserer L\u00f6sung erhalten?<\/h2>\t\t\t\t<\/div>\n\t\t\t\t<\/div>\n\t\t\t\t<div class=\"elementor-element elementor-element-491d376a elementor-align-center elementor-widget elementor-widget-button\" data-id=\"491d376a\" data-element_type=\"widget\" data-widget_type=\"button.default\">\n\t\t\t\t<div class=\"elementor-widget-container\">\n\t\t\t\t\t\t\t\t\t<div class=\"elementor-button-wrapper\">\n\t\t\t\t\t<a class=\"elementor-button elementor-button-link elementor-size-xl elementor-animation-grow\" href=\"https:\/\/quizzbox.com\/de\/devis\/\">\n\t\t\t\t\t\t<span class=\"elementor-button-content-wrapper\">\n\t\t\t\t\t\t\t\t\t<span class=\"elementor-button-text\">Demo\/Angebot anfordern<\/span>\n\t\t\t\t\t<\/span>\n\t\t\t\t\t<\/a>\n\t\t\t\t<\/div>\n\t\t\t\t\t\t\t\t<\/div>\n\t\t\t\t<\/div>\n\t\t\t\t\t<\/div>\n\t\t<\/div>\n\t\t\t\t\t<\/div>\n\t\t<\/section>\n\t\t\t\t<\/div>\n\t\t","protected":false},"excerpt":{"rendered":"<p>Interaktive PowerPoint Starten Sie mit einer neuen PowerPoint-Pr\u00e4sentation oder erg\u00e4nzen Sie bestehende Inhalte Sobald Quizzbox auf Ihrem Computer installiert ist, ist in PowerPoint eine zus\u00e4tzliche Registerkarte in der Men\u00fcleiste aufgef\u00fchrt. Unabh\u00e4ngig davon, ob Sie mit einer leeren Pr\u00e4sentation beginnen oder mit einer bereits bestehenden PowerPoint Datei \u2013 mit wenigen Klicks binden Sie interaktive Folien ein. [&hellip;]<\/p>\n","protected":false},"author":18,"featured_media":0,"parent":0,"menu_order":0,"comment_status":"closed","ping_status":"closed","template":"elementor_header_footer","meta":{"footnotes":""},"class_list":["post-5652","page","type-page","status-publish","hentry"],"yoast_head":"<!-- This site is optimized with the Yoast SEO plugin v26.2 - https:\/\/yoast.com\/wordpress\/plugins\/seo\/ -->\n<title>Interaktive PowerPoint<\/title>\n<meta name=\"description\" content=\"Interaktive PowerPoint Interaktive PowerPoint\" \/>\n<meta name=\"robots\" content=\"index, follow, max-snippet:-1, max-image-preview:large, max-video-preview:-1\" \/>\n<link rel=\"canonical\" href=\"https:\/\/quizzbox.com\/de\/interaktive-powerpoint\/\" \/>\n<meta property=\"og:locale\" content=\"de_DE\" \/>\n<meta property=\"og:type\" content=\"article\" \/>\n<meta property=\"og:title\" content=\"Interaktive PowerPoint\" \/>\n<meta property=\"og:description\" content=\"Interaktive PowerPoint Interaktive PowerPoint\" \/>\n<meta property=\"og:url\" content=\"https:\/\/quizzbox.com\/de\/interaktive-powerpoint\/\" \/>\n<meta property=\"og:site_name\" content=\"Quizzbox\" \/>\n<meta property=\"article:modified_time\" content=\"2023-05-10T08:45:41+00:00\" \/>\n<meta property=\"og:image\" content=\"https:\/\/quizzbox.com\/wp-content\/uploads\/2022\/06\/quizzbox_ppt.jpg\" \/>\n<meta name=\"twitter:card\" content=\"summary_large_image\" \/>\n<meta name=\"twitter:label1\" content=\"Gesch\u00e4tzte Lesezeit\" \/>\n\t<meta name=\"twitter:data1\" content=\"1\u00a0Minute\" \/>\n<script type=\"application\/ld+json\" class=\"yoast-schema-graph\">{\"@context\":\"https:\/\/schema.org\",\"@graph\":[{\"@type\":\"WebPage\",\"@id\":\"https:\/\/quizzbox.com\/de\/interaktive-powerpoint\/\",\"url\":\"https:\/\/quizzbox.com\/de\/interaktive-powerpoint\/\",\"name\":\"Interaktive PowerPoint\",\"isPartOf\":{\"@id\":\"https:\/\/quizzbox.com\/de\/#website\"},\"primaryImageOfPage\":{\"@id\":\"https:\/\/quizzbox.com\/de\/interaktive-powerpoint\/#primaryimage\"},\"image\":{\"@id\":\"https:\/\/quizzbox.com\/de\/interaktive-powerpoint\/#primaryimage\"},\"thumbnailUrl\":\"https:\/\/quizzbox.com\/wp-content\/uploads\/2022\/06\/quizzbox_ppt.jpg\",\"datePublished\":\"2022-04-12T08:31:32+00:00\",\"dateModified\":\"2023-05-10T08:45:41+00:00\",\"description\":\"Interaktive PowerPoint Interaktive PowerPoint\",\"breadcrumb\":{\"@id\":\"https:\/\/quizzbox.com\/de\/interaktive-powerpoint\/#breadcrumb\"},\"inLanguage\":\"de\",\"potentialAction\":[{\"@type\":\"ReadAction\",\"target\":[\"https:\/\/quizzbox.com\/de\/interaktive-powerpoint\/\"]}]},{\"@type\":\"ImageObject\",\"inLanguage\":\"de\",\"@id\":\"https:\/\/quizzbox.com\/de\/interaktive-powerpoint\/#primaryimage\",\"url\":\"https:\/\/quizzbox.com\/wp-content\/uploads\/2022\/06\/quizzbox_ppt.jpg\",\"contentUrl\":\"https:\/\/quizzbox.com\/wp-content\/uploads\/2022\/06\/quizzbox_ppt.jpg\"},{\"@type\":\"BreadcrumbList\",\"@id\":\"https:\/\/quizzbox.com\/de\/interaktive-powerpoint\/#breadcrumb\",\"itemListElement\":[{\"@type\":\"ListItem\",\"position\":1,\"name\":\"Accueil\",\"item\":\"https:\/\/quizzbox.com\/de\/\"},{\"@type\":\"ListItem\",\"position\":2,\"name\":\"Interaktive PowerPoint\"}]},{\"@type\":\"WebSite\",\"@id\":\"https:\/\/quizzbox.com\/de\/#website\",\"url\":\"https:\/\/quizzbox.com\/de\/\",\"name\":\"Quizzbox\",\"description\":\"Boitier de vote et vote en ligne\",\"publisher\":{\"@id\":\"https:\/\/quizzbox.com\/de\/#organization\"},\"potentialAction\":[{\"@type\":\"SearchAction\",\"target\":{\"@type\":\"EntryPoint\",\"urlTemplate\":\"https:\/\/quizzbox.com\/de\/?s={search_term_string}\"},\"query-input\":{\"@type\":\"PropertyValueSpecification\",\"valueRequired\":true,\"valueName\":\"search_term_string\"}}],\"inLanguage\":\"de\"},{\"@type\":\"Organization\",\"@id\":\"https:\/\/quizzbox.com\/de\/#organization\",\"name\":\"Quizzbox\",\"url\":\"https:\/\/quizzbox.com\/de\/\",\"logo\":{\"@type\":\"ImageObject\",\"inLanguage\":\"de\",\"@id\":\"https:\/\/quizzbox.com\/de\/#\/schema\/logo\/image\/\",\"url\":\"https:\/\/quizzbox.com\/wp-content\/uploads\/2021\/06\/340db54ee7c0ed1quizzbox-entreprises.png\",\"contentUrl\":\"https:\/\/quizzbox.com\/wp-content\/uploads\/2021\/06\/340db54ee7c0ed1quizzbox-entreprises.png\",\"width\":2108,\"height\":688,\"caption\":\"Quizzbox\"},\"image\":{\"@id\":\"https:\/\/quizzbox.com\/de\/#\/schema\/logo\/image\/\"}}]}<\/script>\n<!-- \/ Yoast SEO plugin. -->","yoast_head_json":{"title":"Interaktive PowerPoint","description":"Interaktive PowerPoint Interaktive PowerPoint","robots":{"index":"index","follow":"follow","max-snippet":"max-snippet:-1","max-image-preview":"max-image-preview:large","max-video-preview":"max-video-preview:-1"},"canonical":"https:\/\/quizzbox.com\/de\/interaktive-powerpoint\/","og_locale":"de_DE","og_type":"article","og_title":"Interaktive PowerPoint","og_description":"Interaktive PowerPoint Interaktive PowerPoint","og_url":"https:\/\/quizzbox.com\/de\/interaktive-powerpoint\/","og_site_name":"Quizzbox","article_modified_time":"2023-05-10T08:45:41+00:00","og_image":[{"url":"https:\/\/quizzbox.com\/wp-content\/uploads\/2022\/06\/quizzbox_ppt.jpg","type":"","width":"","height":""}],"twitter_card":"summary_large_image","twitter_misc":{"Gesch\u00e4tzte Lesezeit":"1\u00a0Minute"},"schema":{"@context":"https:\/\/schema.org","@graph":[{"@type":"WebPage","@id":"https:\/\/quizzbox.com\/de\/interaktive-powerpoint\/","url":"https:\/\/quizzbox.com\/de\/interaktive-powerpoint\/","name":"Interaktive PowerPoint","isPartOf":{"@id":"https:\/\/quizzbox.com\/de\/#website"},"primaryImageOfPage":{"@id":"https:\/\/quizzbox.com\/de\/interaktive-powerpoint\/#primaryimage"},"image":{"@id":"https:\/\/quizzbox.com\/de\/interaktive-powerpoint\/#primaryimage"},"thumbnailUrl":"https:\/\/quizzbox.com\/wp-content\/uploads\/2022\/06\/quizzbox_ppt.jpg","datePublished":"2022-04-12T08:31:32+00:00","dateModified":"2023-05-10T08:45:41+00:00","description":"Interaktive PowerPoint Interaktive PowerPoint","breadcrumb":{"@id":"https:\/\/quizzbox.com\/de\/interaktive-powerpoint\/#breadcrumb"},"inLanguage":"de","potentialAction":[{"@type":"ReadAction","target":["https:\/\/quizzbox.com\/de\/interaktive-powerpoint\/"]}]},{"@type":"ImageObject","inLanguage":"de","@id":"https:\/\/quizzbox.com\/de\/interaktive-powerpoint\/#primaryimage","url":"https:\/\/quizzbox.com\/wp-content\/uploads\/2022\/06\/quizzbox_ppt.jpg","contentUrl":"https:\/\/quizzbox.com\/wp-content\/uploads\/2022\/06\/quizzbox_ppt.jpg"},{"@type":"BreadcrumbList","@id":"https:\/\/quizzbox.com\/de\/interaktive-powerpoint\/#breadcrumb","itemListElement":[{"@type":"ListItem","position":1,"name":"Accueil","item":"https:\/\/quizzbox.com\/de\/"},{"@type":"ListItem","position":2,"name":"Interaktive PowerPoint"}]},{"@type":"WebSite","@id":"https:\/\/quizzbox.com\/de\/#website","url":"https:\/\/quizzbox.com\/de\/","name":"Quizzbox","description":"Boitier de vote et vote en ligne","publisher":{"@id":"https:\/\/quizzbox.com\/de\/#organization"},"potentialAction":[{"@type":"SearchAction","target":{"@type":"EntryPoint","urlTemplate":"https:\/\/quizzbox.com\/de\/?s={search_term_string}"},"query-input":{"@type":"PropertyValueSpecification","valueRequired":true,"valueName":"search_term_string"}}],"inLanguage":"de"},{"@type":"Organization","@id":"https:\/\/quizzbox.com\/de\/#organization","name":"Quizzbox","url":"https:\/\/quizzbox.com\/de\/","logo":{"@type":"ImageObject","inLanguage":"de","@id":"https:\/\/quizzbox.com\/de\/#\/schema\/logo\/image\/","url":"https:\/\/quizzbox.com\/wp-content\/uploads\/2021\/06\/340db54ee7c0ed1quizzbox-entreprises.png","contentUrl":"https:\/\/quizzbox.com\/wp-content\/uploads\/2021\/06\/340db54ee7c0ed1quizzbox-entreprises.png","width":2108,"height":688,"caption":"Quizzbox"},"image":{"@id":"https:\/\/quizzbox.com\/de\/#\/schema\/logo\/image\/"}}]}},"_links":{"self":[{"href":"https:\/\/quizzbox.com\/de\/wp-json\/wp\/v2\/pages\/5652","targetHints":{"allow":["GET"]}}],"collection":[{"href":"https:\/\/quizzbox.com\/de\/wp-json\/wp\/v2\/pages"}],"about":[{"href":"https:\/\/quizzbox.com\/de\/wp-json\/wp\/v2\/types\/page"}],"author":[{"embeddable":true,"href":"https:\/\/quizzbox.com\/de\/wp-json\/wp\/v2\/users\/18"}],"replies":[{"embeddable":true,"href":"https:\/\/quizzbox.com\/de\/wp-json\/wp\/v2\/comments?post=5652"}],"version-history":[{"count":13,"href":"https:\/\/quizzbox.com\/de\/wp-json\/wp\/v2\/pages\/5652\/revisions"}],"predecessor-version":[{"id":7238,"href":"https:\/\/quizzbox.com\/de\/wp-json\/wp\/v2\/pages\/5652\/revisions\/7238"}],"wp:attachment":[{"href":"https:\/\/quizzbox.com\/de\/wp-json\/wp\/v2\/media?parent=5652"}],"curies":[{"name":"wp","href":"https:\/\/api.w.org\/{rel}","templated":true}]}}