{"id":5659,"date":"2022-02-12T00:56:32","date_gmt":"2022-02-11T23:56:32","guid":{"rendered":"https:\/\/quizzbox.com\/online-abstimmung\/"},"modified":"2025-01-27T11:40:03","modified_gmt":"2025-01-27T10:40:03","slug":"online-abstimmung","status":"publish","type":"page","link":"https:\/\/quizzbox.com\/de\/online-abstimmung\/","title":{"rendered":"Online-Abstimmung"},"content":{"rendered":"\t\t<div data-elementor-type=\"wp-page\" data-elementor-id=\"5659\" class=\"elementor elementor-5659 elementor-769\" data-elementor-post-type=\"page\">\n\t\t\t\t\t\t<section class=\"elementor-section elementor-top-section elementor-element elementor-element-7ad1d3e elementor-section-height-min-height elementor-section-boxed elementor-section-height-default elementor-section-items-middle\" data-id=\"7ad1d3e\" data-element_type=\"section\" data-settings=\"{&quot;background_background&quot;:&quot;classic&quot;,&quot;shape_divider_bottom&quot;:&quot;curve&quot;}\">\n\t\t\t\t\t<div class=\"elementor-shape elementor-shape-bottom\" aria-hidden=\"true\" data-negative=\"false\">\n\t\t\t<svg xmlns=\"http:\/\/www.w3.org\/2000\/svg\" viewBox=\"0 0 1000 100\" preserveAspectRatio=\"none\">\n    <path class=\"elementor-shape-fill\" d=\"M1000,4.3V0H0v4.3C0.9,23.1,126.7,99.2,500,100S1000,22.7,1000,4.3z\"\/>\n<\/svg>\t\t<\/div>\n\t\t\t\t\t<div class=\"elementor-container elementor-column-gap-default\">\n\t\t\t\t\t<div class=\"elementor-column elementor-col-100 elementor-top-column elementor-element elementor-element-40f141d\" data-id=\"40f141d\" data-element_type=\"column\">\n\t\t\t<div class=\"elementor-widget-wrap elementor-element-populated\">\n\t\t\t\t\t\t<div class=\"elementor-element elementor-element-07b87bf elementor-view-default elementor-widget elementor-widget-icon\" data-id=\"07b87bf\" data-element_type=\"widget\" data-widget_type=\"icon.default\">\n\t\t\t\t<div class=\"elementor-widget-container\">\n\t\t\t\t\t\t\t<div class=\"elementor-icon-wrapper\">\n\t\t\t<div class=\"elementor-icon\">\n\t\t\t<i aria-hidden=\"true\" class=\"fas fa-tablet-alt\"><\/i>\t\t\t<\/div>\n\t\t<\/div>\n\t\t\t\t\t\t<\/div>\n\t\t\t\t<\/div>\n\t\t\t\t<div class=\"elementor-element elementor-element-dd91282 elementor-widget elementor-widget-heading\" data-id=\"dd91282\" data-element_type=\"widget\" data-widget_type=\"heading.default\">\n\t\t\t\t<div class=\"elementor-widget-container\">\n\t\t\t\t\t<h1 class=\"elementor-heading-title elementor-size-default\">Online-Abstimmung \u00fcber Smartphone, Tablet oder PC<\/h1>\t\t\t\t<\/div>\n\t\t\t\t<\/div>\n\t\t\t\t\t<\/div>\n\t\t<\/div>\n\t\t\t\t\t<\/div>\n\t\t<\/section>\n\t\t\t\t<section class=\"elementor-section elementor-top-section elementor-element elementor-element-7b5af05 elementor-section-content-middle elementor-section-boxed elementor-section-height-default elementor-section-height-default\" data-id=\"7b5af05\" data-element_type=\"section\">\n\t\t\t\t\t\t<div class=\"elementor-container elementor-column-gap-default\">\n\t\t\t\t\t<div class=\"elementor-column elementor-col-50 elementor-top-column elementor-element elementor-element-61576af\" data-id=\"61576af\" data-element_type=\"column\">\n\t\t\t<div class=\"elementor-widget-wrap elementor-element-populated\">\n\t\t\t\t\t\t<div class=\"elementor-element elementor-element-c5547e2 elementor-widget elementor-widget-heading\" data-id=\"c5547e2\" data-element_type=\"widget\" data-widget_type=\"heading.default\">\n\t\t\t\t<div class=\"elementor-widget-container\">\n\t\t\t\t\t<h2 class=\"elementor-heading-title elementor-size-default\">Funktionsweise<\/h2>\t\t\t\t<\/div>\n\t\t\t\t<\/div>\n\t\t\t\t<div class=\"elementor-element elementor-element-cf2740a elementor-widget-divider--view-line elementor-widget elementor-widget-global elementor-global-3706 elementor-global-499 elementor-widget-divider\" data-id=\"cf2740a\" data-element_type=\"widget\" data-widget_type=\"divider.default\">\n\t\t\t\t<div class=\"elementor-widget-container\">\n\t\t\t\t\t\t\t<div class=\"elementor-divider\">\n\t\t\t<span class=\"elementor-divider-separator\">\n\t\t\t\t\t\t<\/span>\n\t\t<\/div>\n\t\t\t\t\t\t<\/div>\n\t\t\t\t<\/div>\n\t\t\t\t<div class=\"elementor-element elementor-element-9e02102 elementor-widget elementor-widget-text-editor\" data-id=\"9e02102\" data-element_type=\"widget\" data-widget_type=\"text-editor.default\">\n\t\t\t\t<div class=\"elementor-widget-container\">\n\t\t\t\t\t\t\t\t\t<p>Bereiten Sie Ihre Fragen dank des <strong>Quizzbox-PowerPoint-Addins<\/strong> im Vorfeld vor.<\/p>\n<p>Generieren Sie einen einzigartigen 6-Buchstaben-Einmalcode f\u00fcr Ihre Veranstaltung, kommunizieren Sie ihn im Vorfeld per E-Mail oder SMS an Ihre TeilnehmerInnen mit der Login-URL <a href=\"http:\/\/qb.live\"><b>qb.live<\/b><\/a> oder direkt w\u00e4hrend der Veranstaltung mit einem <b>QR-Code<\/b>.<\/p>\n<p>W\u00e4hlen Sie das <strong>Einwahl-Szenario<\/strong> Ihrer TeilnehmerInnen: anonym, Pseudonym, namentliche pers\u00f6nliche Kennung, Name\/Vorname\/E-Mail.<\/p>\n\t\t\t\t\t\t\t\t<\/div>\n\t\t\t\t<\/div>\n\t\t\t\t\t<\/div>\n\t\t<\/div>\n\t\t\t\t<div class=\"elementor-column elementor-col-50 elementor-top-column elementor-element elementor-element-c2dc27b\" data-id=\"c2dc27b\" data-element_type=\"column\">\n\t\t\t<div class=\"elementor-widget-wrap elementor-element-populated\">\n\t\t\t\t\t\t<div class=\"elementor-element elementor-element-d3a7af8 elementor-widget elementor-widget-image\" data-id=\"d3a7af8\" data-element_type=\"widget\" data-widget_type=\"image.default\">\n\t\t\t\t<div class=\"elementor-widget-container\">\n\t\t\t\t\t\t\t\t\t\t\t\t\t\t\t<img fetchpriority=\"high\" decoding=\"async\" width=\"700\" height=\"700\" src=\"https:\/\/quizzbox.com\/wp-content\/uploads\/2022\/06\/quizzbox_2.jpg\" class=\"attachment-large size-large wp-image-3325\" alt=\"\" \/>\t\t\t\t\t\t\t\t\t\t\t\t\t\t\t<\/div>\n\t\t\t\t<\/div>\n\t\t\t\t\t<\/div>\n\t\t<\/div>\n\t\t\t\t\t<\/div>\n\t\t<\/section>\n\t\t\t\t<section class=\"elementor-section elementor-top-section elementor-element elementor-element-e83bc60 elementor-section-boxed elementor-section-height-default elementor-section-height-default\" data-id=\"e83bc60\" data-element_type=\"section\">\n\t\t\t\t\t\t<div class=\"elementor-container elementor-column-gap-default\">\n\t\t\t\t\t<div class=\"elementor-column elementor-col-33 elementor-top-column elementor-element elementor-element-0f584c5\" data-id=\"0f584c5\" data-element_type=\"column\">\n\t\t\t<div class=\"elementor-widget-wrap elementor-element-populated\">\n\t\t\t\t\t\t<div class=\"elementor-element elementor-element-9bb40fd elementor-widget elementor-widget-heading\" data-id=\"9bb40fd\" data-element_type=\"widget\" data-widget_type=\"heading.default\">\n\t\t\t\t<div class=\"elementor-widget-container\">\n\t\t\t\t\t<h2 class=\"elementor-heading-title elementor-size-default\">Voraussetzungen f\u00fcr die Online-Version<\/h2>\t\t\t\t<\/div>\n\t\t\t\t<\/div>\n\t\t\t\t<div class=\"elementor-element elementor-element-65398bd elementor-widget-divider--view-line elementor-widget elementor-widget-global elementor-global-3706 elementor-global-499 elementor-widget-divider\" data-id=\"65398bd\" data-element_type=\"widget\" data-widget_type=\"divider.default\">\n\t\t\t\t<div class=\"elementor-widget-container\">\n\t\t\t\t\t\t\t<div class=\"elementor-divider\">\n\t\t\t<span class=\"elementor-divider-separator\">\n\t\t\t\t\t\t<\/span>\n\t\t<\/div>\n\t\t\t\t\t\t<\/div>\n\t\t\t\t<\/div>\n\t\t\t\t<div class=\"elementor-element elementor-element-51f68af elementor-widget elementor-widget-text-editor\" data-id=\"51f68af\" data-element_type=\"widget\" data-widget_type=\"text-editor.default\">\n\t\t\t\t<div class=\"elementor-widget-container\">\n\t\t\t\t\t\t\t\t\t<p>F\u00fcr die <strong>Online-Version<\/strong> ben\u00f6tigen Sie einen Zugang zu einem 3G (oder besser) oder WLAN.<\/p>\n<p>Au\u00dferdem m\u00fcssen Sie sicherstellen, dass Ihre TeilnehmerInnen Zugang zu einem <strong>Smartphone, Tablet oder PC\/MAC (Webbrowser)<\/strong> haben.<\/p>\n<p>Wenn dies nicht der Fall ist, sollten Sie das <strong>Quizzbox<\/strong>-System mit <strong>Funk-Abstimmger\u00e4ten<\/strong> bevorzugen.<\/p>\t\t\t\t\t\t\t\t<\/div>\n\t\t\t\t<\/div>\n\t\t\t\t\t<\/div>\n\t\t<\/div>\n\t\t\t\t<div class=\"elementor-column elementor-col-33 elementor-top-column elementor-element elementor-element-637ce50\" data-id=\"637ce50\" data-element_type=\"column\">\n\t\t\t<div class=\"elementor-widget-wrap\">\n\t\t\t\t\t\t\t<\/div>\n\t\t<\/div>\n\t\t\t\t<div class=\"elementor-column elementor-col-33 elementor-top-column elementor-element elementor-element-a341c19\" data-id=\"a341c19\" data-element_type=\"column\">\n\t\t\t<div class=\"elementor-widget-wrap elementor-element-populated\">\n\t\t\t\t\t\t<div class=\"elementor-element elementor-element-bc6f9f0 elementor-widget elementor-widget-heading\" data-id=\"bc6f9f0\" data-element_type=\"widget\" data-widget_type=\"heading.default\">\n\t\t\t\t<div class=\"elementor-widget-container\">\n\t\t\t\t\t<h2 class=\"elementor-heading-title elementor-size-default\">Vorteile der Online-Version<\/h2>\t\t\t\t<\/div>\n\t\t\t\t<\/div>\n\t\t\t\t<div class=\"elementor-element elementor-element-05e8621 elementor-widget-divider--view-line elementor-widget elementor-widget-global elementor-global-3706 elementor-global-499 elementor-widget-divider\" data-id=\"05e8621\" data-element_type=\"widget\" data-widget_type=\"divider.default\">\n\t\t\t\t<div class=\"elementor-widget-container\">\n\t\t\t\t\t\t\t<div class=\"elementor-divider\">\n\t\t\t<span class=\"elementor-divider-separator\">\n\t\t\t\t\t\t<\/span>\n\t\t<\/div>\n\t\t\t\t\t\t<\/div>\n\t\t\t\t<\/div>\n\t\t\t\t<div class=\"elementor-element elementor-element-095ab56 elementor-widget elementor-widget-text-editor\" data-id=\"095ab56\" data-element_type=\"widget\" data-widget_type=\"text-editor.default\">\n\t\t\t\t<div class=\"elementor-widget-container\">\n\t\t\t\t\t\t\t\t\t<p>Wenn die TeilnehmerInnen ihre eigenen <strong>Smartphones<\/strong> und <strong>Tablets<\/strong> verwenden, m\u00fcssen Sie sich nicht um die Verteilung und das Einsammeln der Abstimmger\u00e4te k\u00fcmmern.<\/p>\n<p>Organisieren Sie Veranstaltungen als <strong>Pr\u00e4senz-<\/strong>, <strong>Online-,<\/strong> oder <strong>Hybridveranstaltungen<\/strong>.<\/p>\n<p>Bringen Sie TeilnehmerInnen aus <strong>unterschiedlichsten Orten<\/strong> zusammen.<\/p>\n\t\t\t\t\t\t\t\t<\/div>\n\t\t\t\t<\/div>\n\t\t\t\t\t<\/div>\n\t\t<\/div>\n\t\t\t\t\t<\/div>\n\t\t<\/section>\n\t\t\t\t<section class=\"elementor-section elementor-top-section elementor-element elementor-element-7e65d856 elementor-section-boxed elementor-section-height-default elementor-section-height-default elementor-invisible\" data-id=\"7e65d856\" data-element_type=\"section\" data-settings=\"{&quot;background_background&quot;:&quot;classic&quot;,&quot;animation&quot;:&quot;fadeInUp&quot;}\">\n\t\t\t\t\t\t<div class=\"elementor-container elementor-column-gap-default\">\n\t\t\t\t\t<div class=\"elementor-column elementor-col-100 elementor-top-column elementor-element elementor-element-592d1eea\" data-id=\"592d1eea\" data-element_type=\"column\">\n\t\t\t<div class=\"elementor-widget-wrap elementor-element-populated\">\n\t\t\t\t\t\t<div class=\"elementor-element elementor-element-670aef57 elementor-widget elementor-widget-heading\" data-id=\"670aef57\" data-element_type=\"widget\" data-widget_type=\"heading.default\">\n\t\t\t\t<div class=\"elementor-widget-container\">\n\t\t\t\t\t<h2 class=\"elementor-heading-title elementor-size-default\">M\u00f6chten Sie mehr \u00fcber unsere Preise erfahren oder eine Demo unserer L\u00f6sung erhalten?<\/h2>\t\t\t\t<\/div>\n\t\t\t\t<\/div>\n\t\t\t\t<div class=\"elementor-element elementor-element-e56e25f elementor-align-center elementor-widget elementor-widget-button\" data-id=\"e56e25f\" data-element_type=\"widget\" data-widget_type=\"button.default\">\n\t\t\t\t<div class=\"elementor-widget-container\">\n\t\t\t\t\t\t\t\t\t<div class=\"elementor-button-wrapper\">\n\t\t\t\t\t<a class=\"elementor-button elementor-button-link elementor-size-xl elementor-animation-grow\" href=\"https:\/\/quizzbox.com\/de\/demo-angebot\/\">\n\t\t\t\t\t\t<span class=\"elementor-button-content-wrapper\">\n\t\t\t\t\t\t\t\t\t<span class=\"elementor-button-text\">Demo\/Angebot anfordern<\/span>\n\t\t\t\t\t<\/span>\n\t\t\t\t\t<\/a>\n\t\t\t\t<\/div>\n\t\t\t\t\t\t\t\t<\/div>\n\t\t\t\t<\/div>\n\t\t\t\t\t<\/div>\n\t\t<\/div>\n\t\t\t\t\t<\/div>\n\t\t<\/section>\n\t\t\t\t<\/div>\n\t\t","protected":false},"excerpt":{"rendered":"<p>Online-Abstimmung \u00fcber Smartphone, Tablet oder PC Funktionsweise Bereiten Sie Ihre Fragen dank des Quizzbox-PowerPoint-Addins im Vorfeld vor. Generieren Sie einen einzigartigen 6-Buchstaben-Einmalcode f\u00fcr Ihre Veranstaltung, kommunizieren Sie ihn im Vorfeld per E-Mail oder SMS an Ihre TeilnehmerInnen mit der Login-URL qb.live oder direkt w\u00e4hrend der Veranstaltung mit einem QR-Code. W\u00e4hlen Sie das Einwahl-Szenario Ihrer TeilnehmerInnen: [&hellip;]<\/p>\n","protected":false},"author":18,"featured_media":0,"parent":0,"menu_order":0,"comment_status":"closed","ping_status":"closed","template":"elementor_header_footer","meta":{"footnotes":""},"class_list":["post-5659","page","type-page","status-publish","hentry"],"yoast_head":"<!-- This site is optimized with the Yoast SEO plugin v26.2 - https:\/\/yoast.com\/wordpress\/plugins\/seo\/ -->\n<title>Online-Abstimmung - Quizzbox<\/title>\n<meta name=\"robots\" content=\"index, follow, max-snippet:-1, max-image-preview:large, max-video-preview:-1\" \/>\n<link rel=\"canonical\" href=\"https:\/\/quizzbox.com\/de\/online-abstimmung\/\" \/>\n<meta property=\"og:locale\" content=\"de_DE\" \/>\n<meta property=\"og:type\" content=\"article\" \/>\n<meta property=\"og:title\" content=\"Online-Abstimmung - Quizzbox\" \/>\n<meta property=\"og:description\" content=\"Online-Abstimmung \u00fcber Smartphone, Tablet oder PC Funktionsweise Bereiten Sie Ihre Fragen dank des Quizzbox-PowerPoint-Addins im Vorfeld vor. Generieren Sie einen einzigartigen 6-Buchstaben-Einmalcode f\u00fcr Ihre Veranstaltung, kommunizieren Sie ihn im Vorfeld per E-Mail oder SMS an Ihre TeilnehmerInnen mit der Login-URL qb.live oder direkt w\u00e4hrend der Veranstaltung mit einem QR-Code. W\u00e4hlen Sie das Einwahl-Szenario Ihrer TeilnehmerInnen: [&hellip;]\" \/>\n<meta property=\"og:url\" content=\"https:\/\/quizzbox.com\/de\/online-abstimmung\/\" \/>\n<meta property=\"og:site_name\" content=\"Quizzbox\" \/>\n<meta property=\"article:modified_time\" content=\"2025-01-27T10:40:03+00:00\" \/>\n<meta property=\"og:image\" content=\"https:\/\/quizzbox.com\/wp-content\/uploads\/2022\/06\/quizzbox_2.jpg\" \/>\n<meta name=\"twitter:card\" content=\"summary_large_image\" \/>\n<meta name=\"twitter:label1\" content=\"Gesch\u00e4tzte Lesezeit\" \/>\n\t<meta name=\"twitter:data1\" content=\"1\u00a0Minute\" \/>\n<script type=\"application\/ld+json\" class=\"yoast-schema-graph\">{\"@context\":\"https:\/\/schema.org\",\"@graph\":[{\"@type\":\"WebPage\",\"@id\":\"https:\/\/quizzbox.com\/de\/online-abstimmung\/\",\"url\":\"https:\/\/quizzbox.com\/de\/online-abstimmung\/\",\"name\":\"Online-Abstimmung - Quizzbox\",\"isPartOf\":{\"@id\":\"https:\/\/quizzbox.com\/de\/#website\"},\"primaryImageOfPage\":{\"@id\":\"https:\/\/quizzbox.com\/de\/online-abstimmung\/#primaryimage\"},\"image\":{\"@id\":\"https:\/\/quizzbox.com\/de\/online-abstimmung\/#primaryimage\"},\"thumbnailUrl\":\"https:\/\/quizzbox.com\/wp-content\/uploads\/2022\/06\/quizzbox_2.jpg\",\"datePublished\":\"2022-02-11T23:56:32+00:00\",\"dateModified\":\"2025-01-27T10:40:03+00:00\",\"breadcrumb\":{\"@id\":\"https:\/\/quizzbox.com\/de\/online-abstimmung\/#breadcrumb\"},\"inLanguage\":\"de\",\"potentialAction\":[{\"@type\":\"ReadAction\",\"target\":[\"https:\/\/quizzbox.com\/de\/online-abstimmung\/\"]}]},{\"@type\":\"ImageObject\",\"inLanguage\":\"de\",\"@id\":\"https:\/\/quizzbox.com\/de\/online-abstimmung\/#primaryimage\",\"url\":\"https:\/\/quizzbox.com\/wp-content\/uploads\/2022\/06\/quizzbox_2.jpg\",\"contentUrl\":\"https:\/\/quizzbox.com\/wp-content\/uploads\/2022\/06\/quizzbox_2.jpg\"},{\"@type\":\"BreadcrumbList\",\"@id\":\"https:\/\/quizzbox.com\/de\/online-abstimmung\/#breadcrumb\",\"itemListElement\":[{\"@type\":\"ListItem\",\"position\":1,\"name\":\"Accueil\",\"item\":\"https:\/\/quizzbox.com\/de\/\"},{\"@type\":\"ListItem\",\"position\":2,\"name\":\"Online-Abstimmung\"}]},{\"@type\":\"WebSite\",\"@id\":\"https:\/\/quizzbox.com\/de\/#website\",\"url\":\"https:\/\/quizzbox.com\/de\/\",\"name\":\"Quizzbox\",\"description\":\"Boitier de vote et vote en ligne\",\"publisher\":{\"@id\":\"https:\/\/quizzbox.com\/de\/#organization\"},\"potentialAction\":[{\"@type\":\"SearchAction\",\"target\":{\"@type\":\"EntryPoint\",\"urlTemplate\":\"https:\/\/quizzbox.com\/de\/?s={search_term_string}\"},\"query-input\":{\"@type\":\"PropertyValueSpecification\",\"valueRequired\":true,\"valueName\":\"search_term_string\"}}],\"inLanguage\":\"de\"},{\"@type\":\"Organization\",\"@id\":\"https:\/\/quizzbox.com\/de\/#organization\",\"name\":\"Quizzbox\",\"url\":\"https:\/\/quizzbox.com\/de\/\",\"logo\":{\"@type\":\"ImageObject\",\"inLanguage\":\"de\",\"@id\":\"https:\/\/quizzbox.com\/de\/#\/schema\/logo\/image\/\",\"url\":\"https:\/\/quizzbox.com\/wp-content\/uploads\/2021\/06\/340db54ee7c0ed1quizzbox-entreprises.png\",\"contentUrl\":\"https:\/\/quizzbox.com\/wp-content\/uploads\/2021\/06\/340db54ee7c0ed1quizzbox-entreprises.png\",\"width\":2108,\"height\":688,\"caption\":\"Quizzbox\"},\"image\":{\"@id\":\"https:\/\/quizzbox.com\/de\/#\/schema\/logo\/image\/\"}}]}<\/script>\n<!-- \/ Yoast SEO plugin. -->","yoast_head_json":{"title":"Online-Abstimmung - Quizzbox","robots":{"index":"index","follow":"follow","max-snippet":"max-snippet:-1","max-image-preview":"max-image-preview:large","max-video-preview":"max-video-preview:-1"},"canonical":"https:\/\/quizzbox.com\/de\/online-abstimmung\/","og_locale":"de_DE","og_type":"article","og_title":"Online-Abstimmung - Quizzbox","og_description":"Online-Abstimmung \u00fcber Smartphone, Tablet oder PC Funktionsweise Bereiten Sie Ihre Fragen dank des Quizzbox-PowerPoint-Addins im Vorfeld vor. Generieren Sie einen einzigartigen 6-Buchstaben-Einmalcode f\u00fcr Ihre Veranstaltung, kommunizieren Sie ihn im Vorfeld per E-Mail oder SMS an Ihre TeilnehmerInnen mit der Login-URL qb.live oder direkt w\u00e4hrend der Veranstaltung mit einem QR-Code. W\u00e4hlen Sie das Einwahl-Szenario Ihrer TeilnehmerInnen: [&hellip;]","og_url":"https:\/\/quizzbox.com\/de\/online-abstimmung\/","og_site_name":"Quizzbox","article_modified_time":"2025-01-27T10:40:03+00:00","og_image":[{"url":"https:\/\/quizzbox.com\/wp-content\/uploads\/2022\/06\/quizzbox_2.jpg","type":"","width":"","height":""}],"twitter_card":"summary_large_image","twitter_misc":{"Gesch\u00e4tzte Lesezeit":"1\u00a0Minute"},"schema":{"@context":"https:\/\/schema.org","@graph":[{"@type":"WebPage","@id":"https:\/\/quizzbox.com\/de\/online-abstimmung\/","url":"https:\/\/quizzbox.com\/de\/online-abstimmung\/","name":"Online-Abstimmung - Quizzbox","isPartOf":{"@id":"https:\/\/quizzbox.com\/de\/#website"},"primaryImageOfPage":{"@id":"https:\/\/quizzbox.com\/de\/online-abstimmung\/#primaryimage"},"image":{"@id":"https:\/\/quizzbox.com\/de\/online-abstimmung\/#primaryimage"},"thumbnailUrl":"https:\/\/quizzbox.com\/wp-content\/uploads\/2022\/06\/quizzbox_2.jpg","datePublished":"2022-02-11T23:56:32+00:00","dateModified":"2025-01-27T10:40:03+00:00","breadcrumb":{"@id":"https:\/\/quizzbox.com\/de\/online-abstimmung\/#breadcrumb"},"inLanguage":"de","potentialAction":[{"@type":"ReadAction","target":["https:\/\/quizzbox.com\/de\/online-abstimmung\/"]}]},{"@type":"ImageObject","inLanguage":"de","@id":"https:\/\/quizzbox.com\/de\/online-abstimmung\/#primaryimage","url":"https:\/\/quizzbox.com\/wp-content\/uploads\/2022\/06\/quizzbox_2.jpg","contentUrl":"https:\/\/quizzbox.com\/wp-content\/uploads\/2022\/06\/quizzbox_2.jpg"},{"@type":"BreadcrumbList","@id":"https:\/\/quizzbox.com\/de\/online-abstimmung\/#breadcrumb","itemListElement":[{"@type":"ListItem","position":1,"name":"Accueil","item":"https:\/\/quizzbox.com\/de\/"},{"@type":"ListItem","position":2,"name":"Online-Abstimmung"}]},{"@type":"WebSite","@id":"https:\/\/quizzbox.com\/de\/#website","url":"https:\/\/quizzbox.com\/de\/","name":"Quizzbox","description":"Boitier de vote et vote en ligne","publisher":{"@id":"https:\/\/quizzbox.com\/de\/#organization"},"potentialAction":[{"@type":"SearchAction","target":{"@type":"EntryPoint","urlTemplate":"https:\/\/quizzbox.com\/de\/?s={search_term_string}"},"query-input":{"@type":"PropertyValueSpecification","valueRequired":true,"valueName":"search_term_string"}}],"inLanguage":"de"},{"@type":"Organization","@id":"https:\/\/quizzbox.com\/de\/#organization","name":"Quizzbox","url":"https:\/\/quizzbox.com\/de\/","logo":{"@type":"ImageObject","inLanguage":"de","@id":"https:\/\/quizzbox.com\/de\/#\/schema\/logo\/image\/","url":"https:\/\/quizzbox.com\/wp-content\/uploads\/2021\/06\/340db54ee7c0ed1quizzbox-entreprises.png","contentUrl":"https:\/\/quizzbox.com\/wp-content\/uploads\/2021\/06\/340db54ee7c0ed1quizzbox-entreprises.png","width":2108,"height":688,"caption":"Quizzbox"},"image":{"@id":"https:\/\/quizzbox.com\/de\/#\/schema\/logo\/image\/"}}]}},"_links":{"self":[{"href":"https:\/\/quizzbox.com\/de\/wp-json\/wp\/v2\/pages\/5659","targetHints":{"allow":["GET"]}}],"collection":[{"href":"https:\/\/quizzbox.com\/de\/wp-json\/wp\/v2\/pages"}],"about":[{"href":"https:\/\/quizzbox.com\/de\/wp-json\/wp\/v2\/types\/page"}],"author":[{"embeddable":true,"href":"https:\/\/quizzbox.com\/de\/wp-json\/wp\/v2\/users\/18"}],"replies":[{"embeddable":true,"href":"https:\/\/quizzbox.com\/de\/wp-json\/wp\/v2\/comments?post=5659"}],"version-history":[{"count":10,"href":"https:\/\/quizzbox.com\/de\/wp-json\/wp\/v2\/pages\/5659\/revisions"}],"predecessor-version":[{"id":7244,"href":"https:\/\/quizzbox.com\/de\/wp-json\/wp\/v2\/pages\/5659\/revisions\/7244"}],"wp:attachment":[{"href":"https:\/\/quizzbox.com\/de\/wp-json\/wp\/v2\/media?parent=5659"}],"curies":[{"name":"wp","href":"https:\/\/api.w.org\/{rel}","templated":true}]}}