{"id":5676,"date":"2022-02-12T00:59:05","date_gmt":"2022-02-11T23:59:05","guid":{"rendered":"https:\/\/quizzbox.com\/digitales-teilnehmendenmanagement\/"},"modified":"2025-12-10T11:35:39","modified_gmt":"2025-12-10T10:35:39","slug":"digitales-teilnehmendenmanagement","status":"publish","type":"page","link":"https:\/\/quizzbox.com\/de\/digitales-teilnehmendenmanagement\/","title":{"rendered":"Digitales Teilnehmendenmanagement"},"content":{"rendered":"\t\t<div data-elementor-type=\"wp-page\" data-elementor-id=\"5676\" class=\"elementor elementor-5676 elementor-775\" data-elementor-post-type=\"page\">\n\t\t\t\t\t\t<section class=\"elementor-section elementor-top-section elementor-element elementor-element-aee64e9 elementor-section-height-min-height elementor-section-boxed elementor-section-height-default elementor-section-items-middle\" data-id=\"aee64e9\" data-element_type=\"section\" data-settings=\"{&quot;background_background&quot;:&quot;classic&quot;,&quot;shape_divider_bottom&quot;:&quot;curve&quot;}\">\n\t\t\t\t\t<div class=\"elementor-shape elementor-shape-bottom\" aria-hidden=\"true\" data-negative=\"false\">\n\t\t\t<svg xmlns=\"http:\/\/www.w3.org\/2000\/svg\" viewBox=\"0 0 1000 100\" preserveAspectRatio=\"none\">\n    <path class=\"elementor-shape-fill\" d=\"M1000,4.3V0H0v4.3C0.9,23.1,126.7,99.2,500,100S1000,22.7,1000,4.3z\"\/>\n<\/svg>\t\t<\/div>\n\t\t\t\t\t<div class=\"elementor-container elementor-column-gap-default\">\n\t\t\t\t\t<div class=\"elementor-column elementor-col-100 elementor-top-column elementor-element elementor-element-b9a2bf4\" data-id=\"b9a2bf4\" data-element_type=\"column\">\n\t\t\t<div class=\"elementor-widget-wrap elementor-element-populated\">\n\t\t\t\t\t\t<div class=\"elementor-element elementor-element-3c9a295 elementor-view-default elementor-widget elementor-widget-icon\" data-id=\"3c9a295\" data-element_type=\"widget\" data-widget_type=\"icon.default\">\n\t\t\t\t<div class=\"elementor-widget-container\">\n\t\t\t\t\t\t\t<div class=\"elementor-icon-wrapper\">\n\t\t\t<div class=\"elementor-icon\">\n\t\t\t<i aria-hidden=\"true\" class=\"fas fa-signature\"><\/i>\t\t\t<\/div>\n\t\t<\/div>\n\t\t\t\t\t\t<\/div>\n\t\t\t\t<\/div>\n\t\t\t\t<div class=\"elementor-element elementor-element-728b469 elementor-widget elementor-widget-heading\" data-id=\"728b469\" data-element_type=\"widget\" data-widget_type=\"heading.default\">\n\t\t\t\t<div class=\"elementor-widget-container\">\n\t\t\t\t\t<h1 class=\"elementor-heading-title elementor-size-default\">Digitalisierung der Anwesenheits- und Unterschriftenliste<\/h1>\t\t\t\t<\/div>\n\t\t\t\t<\/div>\n\t\t\t\t\t<\/div>\n\t\t<\/div>\n\t\t\t\t\t<\/div>\n\t\t<\/section>\n\t\t\t\t<section class=\"elementor-section elementor-top-section elementor-element elementor-element-5256a51 elementor-section-content-middle elementor-section-boxed elementor-section-height-default elementor-section-height-default\" data-id=\"5256a51\" data-element_type=\"section\">\n\t\t\t\t\t\t<div class=\"elementor-container elementor-column-gap-default\">\n\t\t\t\t\t<div class=\"elementor-column elementor-col-50 elementor-top-column elementor-element elementor-element-dada79f\" data-id=\"dada79f\" data-element_type=\"column\">\n\t\t\t<div class=\"elementor-widget-wrap elementor-element-populated\">\n\t\t\t\t\t\t<div class=\"elementor-element elementor-element-4b21bf8 elementor-widget elementor-widget-heading\" data-id=\"4b21bf8\" data-element_type=\"widget\" data-widget_type=\"heading.default\">\n\t\t\t\t<div class=\"elementor-widget-container\">\n\t\t\t\t\t<h2 class=\"elementor-heading-title elementor-size-default\">Die elektronische Unterschriftenliste<\/h2>\t\t\t\t<\/div>\n\t\t\t\t<\/div>\n\t\t\t\t<div class=\"elementor-element elementor-element-b2c6280 elementor-widget-divider--view-line elementor-widget elementor-widget-global elementor-global-3706 elementor-global-499 elementor-widget-divider\" data-id=\"b2c6280\" data-element_type=\"widget\" data-widget_type=\"divider.default\">\n\t\t\t\t<div class=\"elementor-widget-container\">\n\t\t\t\t\t\t\t<div class=\"elementor-divider\">\n\t\t\t<span class=\"elementor-divider-separator\">\n\t\t\t\t\t\t<\/span>\n\t\t<\/div>\n\t\t\t\t\t\t<\/div>\n\t\t\t\t<\/div>\n\t\t\t\t<div class=\"elementor-element elementor-element-fa81b8b elementor-widget elementor-widget-text-editor\" data-id=\"fa81b8b\" data-element_type=\"widget\" data-widget_type=\"text-editor.default\">\n\t\t\t\t<div class=\"elementor-widget-container\">\n\t\t\t\t\t\t\t\t\t<p><strong>Sparen Sie Zeit<\/strong>dank elektronischer Unterschriften!<\/p><p>Lassen Sie Ihre TeilnehmerInnen \u00fcber unsere <b>App<\/b> auf Tablets oder Smartphones unterschreiben.<\/p>\t\t\t\t\t\t\t\t<\/div>\n\t\t\t\t<\/div>\n\t\t\t\t\t<\/div>\n\t\t<\/div>\n\t\t\t\t<div class=\"elementor-column elementor-col-50 elementor-top-column elementor-element elementor-element-0146631\" data-id=\"0146631\" data-element_type=\"column\">\n\t\t\t<div class=\"elementor-widget-wrap elementor-element-populated\">\n\t\t\t\t\t\t<div class=\"elementor-element elementor-element-7c848e9 elementor-widget elementor-widget-image\" data-id=\"7c848e9\" data-element_type=\"widget\" data-widget_type=\"image.default\">\n\t\t\t\t<div class=\"elementor-widget-container\">\n\t\t\t\t\t\t\t\t\t\t\t\t\t\t\t<img fetchpriority=\"high\" decoding=\"async\" width=\"700\" height=\"700\" src=\"https:\/\/quizzbox.com\/wp-content\/uploads\/2022\/06\/quizzbox_visuel_-signature-electronique.png\" class=\"attachment-large size-large wp-image-3857\" alt=\"\" \/>\t\t\t\t\t\t\t\t\t\t\t\t\t\t\t<\/div>\n\t\t\t\t<\/div>\n\t\t\t\t\t<\/div>\n\t\t<\/div>\n\t\t\t\t\t<\/div>\n\t\t<\/section>\n\t\t\t\t<section class=\"elementor-section elementor-top-section elementor-element elementor-element-354516c elementor-section-content-middle elementor-reverse-mobile elementor-section-boxed elementor-section-height-default elementor-section-height-default\" data-id=\"354516c\" data-element_type=\"section\">\n\t\t\t\t\t\t<div class=\"elementor-container elementor-column-gap-default\">\n\t\t\t\t\t<div class=\"elementor-column elementor-col-50 elementor-top-column elementor-element elementor-element-c6ec26b\" data-id=\"c6ec26b\" data-element_type=\"column\">\n\t\t\t<div class=\"elementor-widget-wrap elementor-element-populated\">\n\t\t\t\t\t\t<div class=\"elementor-element elementor-element-70633e0 elementor-widget elementor-widget-image\" data-id=\"70633e0\" data-element_type=\"widget\" data-widget_type=\"image.default\">\n\t\t\t\t<div class=\"elementor-widget-container\">\n\t\t\t\t\t\t\t\t\t\t\t\t\t\t\t<img decoding=\"async\" width=\"700\" height=\"700\" src=\"https:\/\/quizzbox.com\/wp-content\/uploads\/2022\/06\/quizzbox_visuel-_-emarger.png\" class=\"attachment-large size-large wp-image-3854\" alt=\"\" \/>\t\t\t\t\t\t\t\t\t\t\t\t\t\t\t<\/div>\n\t\t\t\t<\/div>\n\t\t\t\t\t<\/div>\n\t\t<\/div>\n\t\t\t\t<div class=\"elementor-column elementor-col-50 elementor-top-column elementor-element elementor-element-0d3fc69\" data-id=\"0d3fc69\" data-element_type=\"column\">\n\t\t\t<div class=\"elementor-widget-wrap elementor-element-populated\">\n\t\t\t\t\t\t<div class=\"elementor-element elementor-element-0a0fd3f elementor-widget elementor-widget-heading\" data-id=\"0a0fd3f\" data-element_type=\"widget\" data-widget_type=\"heading.default\">\n\t\t\t\t<div class=\"elementor-widget-container\">\n\t\t\t\t\t<h2 class=\"elementor-heading-title elementor-size-default\">Ihre Online-Unterschriftenliste<\/h2>\t\t\t\t<\/div>\n\t\t\t\t<\/div>\n\t\t\t\t<div class=\"elementor-element elementor-element-bdbc60e elementor-widget-divider--view-line elementor-widget elementor-widget-global elementor-global-3706 elementor-global-499 elementor-widget-divider\" data-id=\"bdbc60e\" data-element_type=\"widget\" data-widget_type=\"divider.default\">\n\t\t\t\t<div class=\"elementor-widget-container\">\n\t\t\t\t\t\t\t<div class=\"elementor-divider\">\n\t\t\t<span class=\"elementor-divider-separator\">\n\t\t\t\t\t\t<\/span>\n\t\t<\/div>\n\t\t\t\t\t\t<\/div>\n\t\t\t\t<\/div>\n\t\t\t\t<div class=\"elementor-element elementor-element-fef1349 elementor-widget elementor-widget-text-editor\" data-id=\"fef1349\" data-element_type=\"widget\" data-widget_type=\"text-editor.default\">\n\t\t\t\t<div class=\"elementor-widget-container\">\n\t\t\t\t\t\t\t\t\t<p>Erstellen und exportieren Sie Ihre Anwesenheitsliste \u00fcber eine Android-App, die mit <strong><a href=\"http:\/\/quizzweb.eu\">Quizzweb<\/a><\/strong> verbunden ist.<\/p><p>Rufen Sie die unterzeichnete <strong>Anwesenheitsliste<\/strong> \u00fcber Ihren Administratorenbereich auf.<\/p>\t\t\t\t\t\t\t\t<\/div>\n\t\t\t\t<\/div>\n\t\t\t\t\t<\/div>\n\t\t<\/div>\n\t\t\t\t\t<\/div>\n\t\t<\/section>\n\t\t\t\t<section class=\"elementor-section elementor-top-section elementor-element elementor-element-1f45e26e elementor-section-boxed elementor-section-height-default elementor-section-height-default elementor-invisible\" data-id=\"1f45e26e\" data-element_type=\"section\" data-settings=\"{&quot;background_background&quot;:&quot;classic&quot;,&quot;animation&quot;:&quot;fadeInUp&quot;}\">\n\t\t\t\t\t\t<div class=\"elementor-container elementor-column-gap-default\">\n\t\t\t\t\t<div class=\"elementor-column elementor-col-100 elementor-top-column elementor-element elementor-element-35d01f67\" data-id=\"35d01f67\" data-element_type=\"column\">\n\t\t\t<div class=\"elementor-widget-wrap elementor-element-populated\">\n\t\t\t\t\t\t<div class=\"elementor-element elementor-element-18a02008 elementor-widget elementor-widget-heading\" data-id=\"18a02008\" data-element_type=\"widget\" data-widget_type=\"heading.default\">\n\t\t\t\t<div class=\"elementor-widget-container\">\n\t\t\t\t\t<h2 class=\"elementor-heading-title elementor-size-default\">M\u00f6chten Sie mehr \u00fcber unsere Preise erfahren oder eine Demo unserer L\u00f6sung erhalten?<\/h2>\t\t\t\t<\/div>\n\t\t\t\t<\/div>\n\t\t\t\t<div class=\"elementor-element elementor-element-54e9c4f2 elementor-align-center elementor-widget elementor-widget-button\" data-id=\"54e9c4f2\" data-element_type=\"widget\" data-widget_type=\"button.default\">\n\t\t\t\t<div class=\"elementor-widget-container\">\n\t\t\t\t\t\t\t\t\t<div class=\"elementor-button-wrapper\">\n\t\t\t\t\t<a class=\"elementor-button elementor-button-link elementor-size-xl elementor-animation-grow\" href=\"https:\/\/quizzbox.com\/de\/demo-angebot-anfordern\/\">\n\t\t\t\t\t\t<span class=\"elementor-button-content-wrapper\">\n\t\t\t\t\t\t\t\t\t<span class=\"elementor-button-text\">Demo\/Angebot anfordern<\/span>\n\t\t\t\t\t<\/span>\n\t\t\t\t\t<\/a>\n\t\t\t\t<\/div>\n\t\t\t\t\t\t\t\t<\/div>\n\t\t\t\t<\/div>\n\t\t\t\t\t<\/div>\n\t\t<\/div>\n\t\t\t\t\t<\/div>\n\t\t<\/section>\n\t\t\t\t<\/div>\n\t\t","protected":false},"excerpt":{"rendered":"<p>Digitalisierung der Anwesenheits- und Unterschriftenliste Die elektronische Unterschriftenliste Sparen Sie Zeitdank elektronischer Unterschriften! Lassen Sie Ihre TeilnehmerInnen \u00fcber unsere App auf Tablets oder Smartphones unterschreiben. Ihre Online-Unterschriftenliste Erstellen und exportieren Sie Ihre Anwesenheitsliste \u00fcber eine Android-App, die mit Quizzweb verbunden ist. Rufen Sie die unterzeichnete Anwesenheitsliste \u00fcber Ihren Administratorenbereich auf. M\u00f6chten Sie mehr \u00fcber unsere [&hellip;]<\/p>\n","protected":false},"author":18,"featured_media":0,"parent":0,"menu_order":0,"comment_status":"closed","ping_status":"closed","template":"elementor_header_footer","meta":{"footnotes":""},"class_list":["post-5676","page","type-page","status-publish","hentry"],"yoast_head":"<!-- This site is optimized with the Yoast SEO plugin v26.2 - https:\/\/yoast.com\/wordpress\/plugins\/seo\/ -->\n<title>Digitales Teilnehmendenmanagement - Quizzbox<\/title>\n<meta name=\"robots\" content=\"index, follow, max-snippet:-1, max-image-preview:large, max-video-preview:-1\" \/>\n<link rel=\"canonical\" href=\"https:\/\/quizzbox.com\/de\/digitales-teilnehmendenmanagement\/\" \/>\n<meta property=\"og:locale\" content=\"de_DE\" \/>\n<meta property=\"og:type\" content=\"article\" \/>\n<meta property=\"og:title\" content=\"Digitales Teilnehmendenmanagement - Quizzbox\" \/>\n<meta property=\"og:description\" content=\"Digitalisierung der Anwesenheits- und Unterschriftenliste Die elektronische Unterschriftenliste Sparen Sie Zeitdank elektronischer Unterschriften! Lassen Sie Ihre TeilnehmerInnen \u00fcber unsere App auf Tablets oder Smartphones unterschreiben. Ihre Online-Unterschriftenliste Erstellen und exportieren Sie Ihre Anwesenheitsliste \u00fcber eine Android-App, die mit Quizzweb verbunden ist. Rufen Sie die unterzeichnete Anwesenheitsliste \u00fcber Ihren Administratorenbereich auf. M\u00f6chten Sie mehr \u00fcber unsere [&hellip;]\" \/>\n<meta property=\"og:url\" content=\"https:\/\/quizzbox.com\/de\/digitales-teilnehmendenmanagement\/\" \/>\n<meta property=\"og:site_name\" content=\"Quizzbox\" \/>\n<meta property=\"article:modified_time\" content=\"2025-12-10T10:35:39+00:00\" \/>\n<meta property=\"og:image\" content=\"https:\/\/quizzbox.com\/wp-content\/uploads\/2022\/06\/quizzbox_visuel_-signature-electronique.png\" \/>\n<meta name=\"twitter:card\" content=\"summary_large_image\" \/>\n<script type=\"application\/ld+json\" class=\"yoast-schema-graph\">{\"@context\":\"https:\/\/schema.org\",\"@graph\":[{\"@type\":\"WebPage\",\"@id\":\"https:\/\/quizzbox.com\/de\/digitales-teilnehmendenmanagement\/\",\"url\":\"https:\/\/quizzbox.com\/de\/digitales-teilnehmendenmanagement\/\",\"name\":\"Digitales Teilnehmendenmanagement - Quizzbox\",\"isPartOf\":{\"@id\":\"https:\/\/quizzbox.com\/de\/#website\"},\"primaryImageOfPage\":{\"@id\":\"https:\/\/quizzbox.com\/de\/digitales-teilnehmendenmanagement\/#primaryimage\"},\"image\":{\"@id\":\"https:\/\/quizzbox.com\/de\/digitales-teilnehmendenmanagement\/#primaryimage\"},\"thumbnailUrl\":\"https:\/\/quizzbox.com\/wp-content\/uploads\/2022\/06\/quizzbox_visuel_-signature-electronique.png\",\"datePublished\":\"2022-02-11T23:59:05+00:00\",\"dateModified\":\"2025-12-10T10:35:39+00:00\",\"breadcrumb\":{\"@id\":\"https:\/\/quizzbox.com\/de\/digitales-teilnehmendenmanagement\/#breadcrumb\"},\"inLanguage\":\"de\",\"potentialAction\":[{\"@type\":\"ReadAction\",\"target\":[\"https:\/\/quizzbox.com\/de\/digitales-teilnehmendenmanagement\/\"]}]},{\"@type\":\"ImageObject\",\"inLanguage\":\"de\",\"@id\":\"https:\/\/quizzbox.com\/de\/digitales-teilnehmendenmanagement\/#primaryimage\",\"url\":\"https:\/\/quizzbox.com\/wp-content\/uploads\/2022\/06\/quizzbox_visuel_-signature-electronique.png\",\"contentUrl\":\"https:\/\/quizzbox.com\/wp-content\/uploads\/2022\/06\/quizzbox_visuel_-signature-electronique.png\"},{\"@type\":\"BreadcrumbList\",\"@id\":\"https:\/\/quizzbox.com\/de\/digitales-teilnehmendenmanagement\/#breadcrumb\",\"itemListElement\":[{\"@type\":\"ListItem\",\"position\":1,\"name\":\"Accueil\",\"item\":\"https:\/\/quizzbox.com\/de\/\"},{\"@type\":\"ListItem\",\"position\":2,\"name\":\"Digitales Teilnehmendenmanagement\"}]},{\"@type\":\"WebSite\",\"@id\":\"https:\/\/quizzbox.com\/de\/#website\",\"url\":\"https:\/\/quizzbox.com\/de\/\",\"name\":\"Quizzbox\",\"description\":\"Boitier de vote et vote en ligne\",\"publisher\":{\"@id\":\"https:\/\/quizzbox.com\/de\/#organization\"},\"potentialAction\":[{\"@type\":\"SearchAction\",\"target\":{\"@type\":\"EntryPoint\",\"urlTemplate\":\"https:\/\/quizzbox.com\/de\/?s={search_term_string}\"},\"query-input\":{\"@type\":\"PropertyValueSpecification\",\"valueRequired\":true,\"valueName\":\"search_term_string\"}}],\"inLanguage\":\"de\"},{\"@type\":\"Organization\",\"@id\":\"https:\/\/quizzbox.com\/de\/#organization\",\"name\":\"Quizzbox\",\"url\":\"https:\/\/quizzbox.com\/de\/\",\"logo\":{\"@type\":\"ImageObject\",\"inLanguage\":\"de\",\"@id\":\"https:\/\/quizzbox.com\/de\/#\/schema\/logo\/image\/\",\"url\":\"https:\/\/quizzbox.com\/wp-content\/uploads\/2021\/06\/340db54ee7c0ed1quizzbox-entreprises.png\",\"contentUrl\":\"https:\/\/quizzbox.com\/wp-content\/uploads\/2021\/06\/340db54ee7c0ed1quizzbox-entreprises.png\",\"width\":2108,\"height\":688,\"caption\":\"Quizzbox\"},\"image\":{\"@id\":\"https:\/\/quizzbox.com\/de\/#\/schema\/logo\/image\/\"}}]}<\/script>\n<!-- \/ Yoast SEO plugin. -->","yoast_head_json":{"title":"Digitales Teilnehmendenmanagement - Quizzbox","robots":{"index":"index","follow":"follow","max-snippet":"max-snippet:-1","max-image-preview":"max-image-preview:large","max-video-preview":"max-video-preview:-1"},"canonical":"https:\/\/quizzbox.com\/de\/digitales-teilnehmendenmanagement\/","og_locale":"de_DE","og_type":"article","og_title":"Digitales Teilnehmendenmanagement - Quizzbox","og_description":"Digitalisierung der Anwesenheits- und Unterschriftenliste Die elektronische Unterschriftenliste Sparen Sie Zeitdank elektronischer Unterschriften! Lassen Sie Ihre TeilnehmerInnen \u00fcber unsere App auf Tablets oder Smartphones unterschreiben. Ihre Online-Unterschriftenliste Erstellen und exportieren Sie Ihre Anwesenheitsliste \u00fcber eine Android-App, die mit Quizzweb verbunden ist. Rufen Sie die unterzeichnete Anwesenheitsliste \u00fcber Ihren Administratorenbereich auf. M\u00f6chten Sie mehr \u00fcber unsere [&hellip;]","og_url":"https:\/\/quizzbox.com\/de\/digitales-teilnehmendenmanagement\/","og_site_name":"Quizzbox","article_modified_time":"2025-12-10T10:35:39+00:00","og_image":[{"url":"https:\/\/quizzbox.com\/wp-content\/uploads\/2022\/06\/quizzbox_visuel_-signature-electronique.png","type":"","width":"","height":""}],"twitter_card":"summary_large_image","schema":{"@context":"https:\/\/schema.org","@graph":[{"@type":"WebPage","@id":"https:\/\/quizzbox.com\/de\/digitales-teilnehmendenmanagement\/","url":"https:\/\/quizzbox.com\/de\/digitales-teilnehmendenmanagement\/","name":"Digitales Teilnehmendenmanagement - Quizzbox","isPartOf":{"@id":"https:\/\/quizzbox.com\/de\/#website"},"primaryImageOfPage":{"@id":"https:\/\/quizzbox.com\/de\/digitales-teilnehmendenmanagement\/#primaryimage"},"image":{"@id":"https:\/\/quizzbox.com\/de\/digitales-teilnehmendenmanagement\/#primaryimage"},"thumbnailUrl":"https:\/\/quizzbox.com\/wp-content\/uploads\/2022\/06\/quizzbox_visuel_-signature-electronique.png","datePublished":"2022-02-11T23:59:05+00:00","dateModified":"2025-12-10T10:35:39+00:00","breadcrumb":{"@id":"https:\/\/quizzbox.com\/de\/digitales-teilnehmendenmanagement\/#breadcrumb"},"inLanguage":"de","potentialAction":[{"@type":"ReadAction","target":["https:\/\/quizzbox.com\/de\/digitales-teilnehmendenmanagement\/"]}]},{"@type":"ImageObject","inLanguage":"de","@id":"https:\/\/quizzbox.com\/de\/digitales-teilnehmendenmanagement\/#primaryimage","url":"https:\/\/quizzbox.com\/wp-content\/uploads\/2022\/06\/quizzbox_visuel_-signature-electronique.png","contentUrl":"https:\/\/quizzbox.com\/wp-content\/uploads\/2022\/06\/quizzbox_visuel_-signature-electronique.png"},{"@type":"BreadcrumbList","@id":"https:\/\/quizzbox.com\/de\/digitales-teilnehmendenmanagement\/#breadcrumb","itemListElement":[{"@type":"ListItem","position":1,"name":"Accueil","item":"https:\/\/quizzbox.com\/de\/"},{"@type":"ListItem","position":2,"name":"Digitales Teilnehmendenmanagement"}]},{"@type":"WebSite","@id":"https:\/\/quizzbox.com\/de\/#website","url":"https:\/\/quizzbox.com\/de\/","name":"Quizzbox","description":"Boitier de vote et vote en ligne","publisher":{"@id":"https:\/\/quizzbox.com\/de\/#organization"},"potentialAction":[{"@type":"SearchAction","target":{"@type":"EntryPoint","urlTemplate":"https:\/\/quizzbox.com\/de\/?s={search_term_string}"},"query-input":{"@type":"PropertyValueSpecification","valueRequired":true,"valueName":"search_term_string"}}],"inLanguage":"de"},{"@type":"Organization","@id":"https:\/\/quizzbox.com\/de\/#organization","name":"Quizzbox","url":"https:\/\/quizzbox.com\/de\/","logo":{"@type":"ImageObject","inLanguage":"de","@id":"https:\/\/quizzbox.com\/de\/#\/schema\/logo\/image\/","url":"https:\/\/quizzbox.com\/wp-content\/uploads\/2021\/06\/340db54ee7c0ed1quizzbox-entreprises.png","contentUrl":"https:\/\/quizzbox.com\/wp-content\/uploads\/2021\/06\/340db54ee7c0ed1quizzbox-entreprises.png","width":2108,"height":688,"caption":"Quizzbox"},"image":{"@id":"https:\/\/quizzbox.com\/de\/#\/schema\/logo\/image\/"}}]}},"_links":{"self":[{"href":"https:\/\/quizzbox.com\/de\/wp-json\/wp\/v2\/pages\/5676","targetHints":{"allow":["GET"]}}],"collection":[{"href":"https:\/\/quizzbox.com\/de\/wp-json\/wp\/v2\/pages"}],"about":[{"href":"https:\/\/quizzbox.com\/de\/wp-json\/wp\/v2\/types\/page"}],"author":[{"embeddable":true,"href":"https:\/\/quizzbox.com\/de\/wp-json\/wp\/v2\/users\/18"}],"replies":[{"embeddable":true,"href":"https:\/\/quizzbox.com\/de\/wp-json\/wp\/v2\/comments?post=5676"}],"version-history":[{"count":5,"href":"https:\/\/quizzbox.com\/de\/wp-json\/wp\/v2\/pages\/5676\/revisions"}],"predecessor-version":[{"id":6394,"href":"https:\/\/quizzbox.com\/de\/wp-json\/wp\/v2\/pages\/5676\/revisions\/6394"}],"wp:attachment":[{"href":"https:\/\/quizzbox.com\/de\/wp-json\/wp\/v2\/media?parent=5676"}],"curies":[{"name":"wp","href":"https:\/\/api.w.org\/{rel}","templated":true}]}}