{"id":5827,"date":"2021-06-21T11:35:26","date_gmt":"2021-06-21T09:35:26","guid":{"rendered":"https:\/\/quizzbox.com\/unsere-geschichte\/"},"modified":"2023-07-19T09:18:27","modified_gmt":"2023-07-19T07:18:27","slug":"unsere-geschichte","status":"publish","type":"page","link":"https:\/\/quizzbox.com\/de\/unsere-geschichte\/","title":{"rendered":"Unsere Geschichte"},"content":{"rendered":"\t\t<div data-elementor-type=\"wp-page\" data-elementor-id=\"5827\" class=\"elementor elementor-5827 elementor-31\" data-elementor-post-type=\"page\">\n\t\t\t\t\t\t<section class=\"elementor-section elementor-top-section elementor-element elementor-element-9006fe6 elementor-section-height-min-height elementor-section-boxed elementor-section-height-default elementor-section-items-middle\" data-id=\"9006fe6\" data-element_type=\"section\" data-settings=\"{&quot;background_background&quot;:&quot;classic&quot;}\">\n\t\t\t\t\t\t<div class=\"elementor-container elementor-column-gap-default\">\n\t\t\t\t\t<div class=\"elementor-column elementor-col-100 elementor-top-column elementor-element elementor-element-adcc1b8\" data-id=\"adcc1b8\" data-element_type=\"column\">\n\t\t\t<div class=\"elementor-widget-wrap elementor-element-populated\">\n\t\t\t\t\t\t<div class=\"elementor-element elementor-element-c71c0ef elementor-widget elementor-widget-heading\" data-id=\"c71c0ef\" data-element_type=\"widget\" data-widget_type=\"heading.default\">\n\t\t\t\t<div class=\"elementor-widget-container\">\n\t\t\t\t\t<h1 class=\"elementor-heading-title elementor-size-default\">Geschichte<\/h1>\t\t\t\t<\/div>\n\t\t\t\t<\/div>\n\t\t\t\t\t<\/div>\n\t\t<\/div>\n\t\t\t\t\t<\/div>\n\t\t<\/section>\n\t\t\t\t<section class=\"elementor-section elementor-top-section elementor-element elementor-element-eafa658 elementor-section-boxed elementor-section-height-default elementor-section-height-default\" data-id=\"eafa658\" data-element_type=\"section\">\n\t\t\t\t\t\t<div class=\"elementor-container elementor-column-gap-default\">\n\t\t\t\t\t<div class=\"elementor-column elementor-col-100 elementor-top-column elementor-element elementor-element-0fc302d\" data-id=\"0fc302d\" data-element_type=\"column\">\n\t\t\t<div class=\"elementor-widget-wrap elementor-element-populated\">\n\t\t\t\t\t\t<div class=\"elementor-element elementor-element-9ea8cff elementor-widget elementor-widget-heading\" data-id=\"9ea8cff\" data-element_type=\"widget\" data-widget_type=\"heading.default\">\n\t\t\t\t<div class=\"elementor-widget-container\">\n\t\t\t\t\t<h2 class=\"elementor-heading-title elementor-size-default\">Urspr\u00fcnge und Geschichte der interaktiven L\u00f6sungen der Firma Quizzbox Solutions<\/h2>\t\t\t\t<\/div>\n\t\t\t\t<\/div>\n\t\t\t\t<div class=\"elementor-element elementor-element-f019f84 elementor-widget-divider--view-line elementor-widget elementor-widget-divider\" data-id=\"f019f84\" data-element_type=\"widget\" data-widget_type=\"divider.default\">\n\t\t\t\t<div class=\"elementor-widget-container\">\n\t\t\t\t\t\t\t<div class=\"elementor-divider\">\n\t\t\t<span class=\"elementor-divider-separator\">\n\t\t\t\t\t\t<\/span>\n\t\t<\/div>\n\t\t\t\t\t\t<\/div>\n\t\t\t\t<\/div>\n\t\t\t\t<div class=\"elementor-element elementor-element-3180fa6 elementor-widget elementor-widget-text-editor\" data-id=\"3180fa6\" data-element_type=\"widget\" data-widget_type=\"text-editor.default\">\n\t\t\t\t<div class=\"elementor-widget-container\">\n\t\t\t\t\t\t\t\t\t<p>Next Media, Muttergesellschaft und Entstehungsort des Unternehmens Quizzbox Solutions ist seit 1988 ein digitales Dienstleistungsunternehmen. Da der Gesch\u00e4ftsanteil von Quizzbox immer mehr an Bedeutung gewann, wurde die Sparte von Next Media abgekoppelt und 2015 zu einem eigenst\u00e4ndigen Unternehmen: Quizzbox Solutions. Seit Jahren f\u00fchrt Quizzbox Solutions nationale und internationale Projekte mit gro\u00dfen franz\u00f6sischen Konzernen sowie mit verschiedenen Ministerien wie dem Bildungs-, dem Verteidigungs- oder dem Arbeitsministerium durch.<\/p>\n<p>Dank dem hauseigenen Schulungszentrum, in dem Quizzbox t\u00e4glich eingesetzt wird, verf\u00fcgt das Unternehmen \u00fcber Kompetenzen in Informatik und P\u00e4dagogik, was es schnell dazu brachte, einerseits IT-Tools zur p\u00e4dagogischen Unterst\u00fctzung und andererseits Tools zur Bewertung von Ausbildung und Ausbildungsinhalten zu entwickeln, darunter <b>Quizzbox<\/b>, ein interaktives Abstimmungssystem seit 2001.<\/p>\n<p>Seit 2018 werden unsere deutschsprachigen Kunden von unserem Team in <b>Stuttgart<\/b> betreut, so dass eine pers\u00f6nliche Beratung in Ihrer N\u00e4he jederzeit m\u00f6glich ist.<\/p>\n<p>Das interaktive Abstimmungssystem Quizzbox ist bereits in zahlreichen T\u00e4tigkeitsbereichen erprobt und wird dort effizient eingesetzt: Unternehmen, Ausbildungs- und Pr\u00fcfungszentren, Schulen, Hochschulen, Universit\u00e4ten, Eventagenturen u.v.m&#8230; Unsere Kunden sind anspruchsvoll, immer auf der Suche nach Neuem und unser internes Entwicklungsteam erm\u00f6glicht es uns, st\u00e4ndig auf jeden Ihrer spezifischen Bed\u00fcrfnisse einzugehen.<\/p>\n\t\t\t\t\t\t\t\t<\/div>\n\t\t\t\t<\/div>\n\t\t\t\t\t<\/div>\n\t\t<\/div>\n\t\t\t\t\t<\/div>\n\t\t<\/section>\n\t\t\t\t<section class=\"elementor-section elementor-top-section elementor-element elementor-element-2fb2927 fr-only elementor-section-boxed elementor-section-height-default elementor-section-height-default\" data-id=\"2fb2927\" data-element_type=\"section\">\n\t\t\t\t\t\t<div class=\"elementor-container elementor-column-gap-default\">\n\t\t\t\t\t<div class=\"elementor-column elementor-col-100 elementor-top-column elementor-element elementor-element-e1449a3\" data-id=\"e1449a3\" data-element_type=\"column\">\n\t\t\t<div class=\"elementor-widget-wrap elementor-element-populated\">\n\t\t\t\t\t\t<div class=\"elementor-element elementor-element-7393599 elementor-widget elementor-widget-heading\" data-id=\"7393599\" data-element_type=\"widget\" data-widget_type=\"heading.default\">\n\t\t\t\t<div class=\"elementor-widget-container\">\n\t\t\t\t\t<h2 class=\"elementor-heading-title elementor-size-default\">Wichtige Daten <\/h2>\t\t\t\t<\/div>\n\t\t\t\t<\/div>\n\t\t\t\t<div class=\"elementor-element elementor-element-5a69680 elementor-widget-divider--view-line elementor-widget elementor-widget-divider\" data-id=\"5a69680\" data-element_type=\"widget\" data-widget_type=\"divider.default\">\n\t\t\t\t<div class=\"elementor-widget-container\">\n\t\t\t\t\t\t\t<div class=\"elementor-divider\">\n\t\t\t<span class=\"elementor-divider-separator\">\n\t\t\t\t\t\t<\/span>\n\t\t<\/div>\n\t\t\t\t\t\t<\/div>\n\t\t\t\t<\/div>\n\t\t\t\t<div class=\"elementor-element elementor-element-526c482 elementor-widget elementor-widget-timeline-widget-addon\" data-id=\"526c482\" data-element_type=\"widget\" data-widget_type=\"timeline-widget-addon.default\">\n\t\t\t\t<div class=\"elementor-widget-container\">\n\t\t\t\t\t<!-- ========= Timeline Widget Addon For Elementor 1.6.13 ========= -->\n<div id=\"twae-wrapper-526c482\" class=\"twae-vertical twae-wrapper  twae-both-sided\">   \n    <div class=\"twae-start\"><\/div>    \n    <div id=\"twea-timeline-526c482\" class=\"twae-timeline\" ><!-- Start of Story Repeater Content --><div id=\"story-40699a4\" class=\"twae-story twae-repeater-item twae-story-right twae-story-no-icon\"><!-- Story Label --><div class=\"twae-labels\"><div class=\"twae-label-big\">2001<\/div><\/div><!-- Story Icon --><div class=\"twae-icon\"><\/div><!-- Story Arrow --><div class=\"twae-arrow\"><\/div><!-- Start of Story Content --><div class=\"twae-content\"><!-- Story Title --><div class=\"twae-title\">Quizzbox Version 1<\/div><!-- Story Description --><div class=\"twae-description\"><p>Premi\u00e8re \u00e9tape majeure avec la mise au point de la version du syst\u00e8me de vote Quizzbox 1, qui instaure plusieurs questionnaires \u00e0 partir de PowerPoint ainsi que l\u2019exploitation des r\u00e9sultats dans Excel.<\/p><\/div><\/div><\/div><!-- Start of Story Repeater Content --><div id=\"story-3598444\" class=\"twae-story twae-repeater-item twae-story-left twae-story-no-icon\"><!-- Story Label --><div class=\"twae-labels\"><div class=\"twae-label-big\">2002-2004<\/div><\/div><!-- Story Icon --><div class=\"twae-icon\"><\/div><!-- Story Arrow --><div class=\"twae-arrow\"><\/div><!-- Start of Story Content --><div class=\"twae-content\"><!-- Story Title --><div class=\"twae-title\">Quizzbox Version 2<\/div><!-- Story Description --><div class=\"twae-description\"><p>Quelques ann\u00e9es plus tard, Quizzbox devient leader du march\u00e9 fran\u00e7ais des syst\u00e8mes de vote \u00e0 moins de 60 t\u00e9l\u00e9commandes gr\u00e2ce \u00e0 sa solution Quizzbox 2.<\/p><\/div><\/div><\/div><!-- Start of Story Repeater Content --><div id=\"story-5177204\" class=\"twae-story twae-repeater-item twae-story-right twae-story-no-icon\"><!-- Story Label --><div class=\"twae-labels\"><div class=\"twae-label-big\">2005<\/div><\/div><!-- Story Icon --><div class=\"twae-icon\"><\/div><!-- Story Arrow --><div class=\"twae-arrow\"><\/div><!-- Start of Story Content --><div class=\"twae-content\"><!-- Story Title --><div class=\"twae-title\">Version SSIAP<\/div><!-- Story Description --><div class=\"twae-description\"><p>Depuis\u00a0<strong>2005<\/strong>, mise en place avec le Minist\u00e8re de l\u2019Int\u00e9rieur des examens SSIAP\u00a0: Service de S\u00e9curit\u00e9 Incendie et d'Assistance \u00e0 Personnes. Quizzbox est leader dans ce domaine et g\u00e8re l\u2019int\u00e9gralit\u00e9 du march\u00e9 en France en \u00e9quipant tous les centres d\u2019examens r\u00e9f\u00e9rents.<\/p><\/div><\/div><\/div><!-- Start of Story Repeater Content --><div id=\"story-48c51db\" class=\"twae-story twae-repeater-item twae-story-left twae-story-no-icon\"><!-- Story Label --><div class=\"twae-labels\"><div class=\"twae-label-big\">2007<\/div><\/div><!-- Story Icon --><div class=\"twae-icon\"><\/div><!-- Story Arrow --><div class=\"twae-arrow\"><\/div><!-- Start of Story Content --><div class=\"twae-content\"><!-- Story Title --><div class=\"twae-title\">Prix de l'innovation<\/div><!-- Story Description --><div class=\"twae-description\"><p>Le prix de l\u2019innovation au Salon Pr\u00e9ventica est d\u00e9cern\u00e9 \u00e0 Quizzbox au regard des travaux r\u00e9alis\u00e9s en collaboration avec le groupe Bureau Veritas.<\/p><\/div><\/div><\/div><!-- Start of Story Repeater Content --><div id=\"story-0d72483\" class=\"twae-story twae-repeater-item twae-story-right twae-story-no-icon\"><!-- Story Label --><div class=\"twae-labels\"><div class=\"twae-label-big\">2012<\/div><\/div><!-- Story Icon --><div class=\"twae-icon\"><\/div><!-- Story Arrow --><div class=\"twae-arrow\"><\/div><!-- Start of Story Content --><div class=\"twae-content\"><!-- Story Title --><div class=\"twae-title\">Quizzbox Version 3<\/div><!-- Story Description --><div class=\"twae-description\"><p>Lancement de la version Quizzbox 1000, qui peut piloter des jeux de plus de 1000 t\u00e9l\u00e9commandes simultan\u00e9ment<\/p><\/div><\/div><\/div><!-- Start of Story Repeater Content --><div id=\"story-5e86c96\" class=\"twae-story twae-repeater-item twae-story-left twae-story-no-icon\"><!-- Story Label --><div class=\"twae-labels\"><div class=\"twae-label-big\">2014<\/div><\/div><!-- Story Icon --><div class=\"twae-icon\"><\/div><!-- Story Arrow --><div class=\"twae-arrow\"><\/div><!-- Start of Story Content --><div class=\"twae-content\"><!-- Story Title --><div class=\"twae-title\">Contrat avec l'\u00e9tat : Journ\u00e9e D\u00e9fense citoyennet\u00e9<\/div><!-- Story Description --><div class=\"twae-description\"><p>Quizzbox est retenu par le Minist\u00e8re de la D\u00e9fense pour l\u2019examen de la journ\u00e9e D\u00e9fense et Citoyennet\u00e9, un projet qui se d\u00e9ploie sur la totalit\u00e9 du territoire Fran\u00e7ais, DOM et TOM compris.<\/p>\n<p>Chaque ann\u00e9e, \u00e0 l\u2019occasion de cette journ\u00e9e, 750&nbsp;000 de nos jeunes citoyens fran\u00e7ais prennent en main nos syst\u00e8mes Quizzbox.<\/p>\n<p>Ils passent un test de fran\u00e7ais et les r\u00e9sultats sont ensuite collect\u00e9s et consolid\u00e9s par le Minist\u00e8re de l\u2019Education Nationale qui mesure le taux d\u2019illettrisme en France avec ces donn\u00e9es, par r\u00e9gion et par d\u00e9partement. Le gain de temps est spectaculaire&nbsp;: plus aucune saisie manuelle&nbsp;!<\/p><\/div><\/div><\/div><!-- Start of Story Repeater Content --><div id=\"story-17c10c8\" class=\"twae-story twae-repeater-item twae-story-right twae-story-no-icon\"><!-- Story Label --><div class=\"twae-labels\"><div class=\"twae-label-big\">2016<\/div><\/div><!-- Story Icon --><div class=\"twae-icon\"><\/div><!-- Story Arrow --><div class=\"twae-arrow\"><\/div><!-- Start of Story Content --><div class=\"twae-content\"><!-- Story Title --><div class=\"twae-title\">Version Assembl\u00e9e<\/div><!-- Story Description --><div class=\"twae-description\"><p>Prise en charge des Assembl\u00e9es Pl\u00e9ni\u00e8res de la R\u00e9gion Occitanie. 158 \u00e9lus utilisent les boitiers de vote Quizzbox et votent de 30 \u00e0 50 d\u00e9lib\u00e9rations avec.<\/p><\/div><\/div><\/div><!-- Start of Story Repeater Content --><div id=\"story-346858f\" class=\"twae-story twae-repeater-item twae-story-left twae-story-no-icon\"><!-- Story Label --><div class=\"twae-labels\"><div class=\"twae-label-big\">2017<\/div><\/div><!-- Story Icon --><div class=\"twae-icon\"><\/div><!-- Story Arrow --><div class=\"twae-arrow\"><\/div><!-- Start of Story Content --><div class=\"twae-content\"><!-- Story Title --><div class=\"twae-title\">Version Vid\u00e9o<\/div><!-- Story Description --><div class=\"twae-description\"><p>Lancement de notre solution de vid\u00e9o interactive et participative\u00a0: Quizzbox Vid\u00e9o.<\/p><\/div><\/div><\/div><!-- Start of Story Repeater Content --><div id=\"story-ca9679d\" class=\"twae-story twae-repeater-item twae-story-right twae-story-no-icon\"><!-- Story Label --><div class=\"twae-labels\"><div class=\"twae-label-big\">2018<\/div><\/div><!-- Story Icon --><div class=\"twae-icon\"><\/div><!-- Story Arrow --><div class=\"twae-arrow\"><\/div><!-- Start of Story Content --><div class=\"twae-content\"><!-- Story Title --><div class=\"twae-title\">Filiale Quizzbox Allemagne<\/div><!-- Story Description --><div class=\"twae-description\"><p>Cr\u00e9ation de notre filiale Quizzbox GMBH \u00e0 Stuttgart, Allemagne.<\/p>\n<p>Lancement de Quizzbox Online. Votre boitier de vote Quizzbox d\u00e9sormais disponible sur tous vos appareils connect\u00e9s&nbsp;: smartphones, tablettes, ordinateurs.<\/p><\/div><\/div><\/div><!-- Start of Story Repeater Content --><div id=\"story-23026d1\" class=\"twae-story twae-repeater-item twae-story-left twae-story-no-icon\"><!-- Story Label --><div class=\"twae-labels\"><div class=\"twae-label-big\">2019<\/div><\/div><!-- Story Icon --><div class=\"twae-icon\"><\/div><!-- Story Arrow --><div class=\"twae-arrow\"><\/div><!-- Start of Story Content --><div class=\"twae-content\"><!-- Story Title --><div class=\"twae-title\">Projet Le moutard<\/div><!-- Story Description --><div class=\"twae-description\"><p>Lancement d'expo-quiz\u00ae, un support d\u2019animation qui permet d\u2019organiser et d\u2019animer, de mani\u00e8re autonome, des temps d\u2019\u00e9changes et de r\u00e9flexion entre enfants, entre adolescents et entre adultes sur des sujets de soci\u00e9t\u00e9.<\/p><\/div><\/div><\/div><!-- Start of Story Repeater Content --><div id=\"story-04494df\" class=\"twae-story twae-repeater-item twae-story-right twae-story-no-icon\"><!-- Story Label --><div class=\"twae-labels\"><div class=\"twae-label-big\">2020<\/div><\/div><!-- Story Icon --><div class=\"twae-icon\"><\/div><!-- Story Arrow --><div class=\"twae-arrow\"><\/div><!-- Start of Story Content --><div class=\"twae-content\"><!-- Story Title --><div class=\"twae-title\">Votebox : Leader national<\/div><!-- Story Description --><div class=\"twae-description\"><p>Suite \u00e0 la pand\u00e9mie de la Covid 19, Quizzbox version assembl\u00e9e devient Votebox et permet le vote \u00e0 distance ou hybride permettant ainsi \u00e0 des milliers d'assembl\u00e9es de collectivit\u00e9s, d'associations, et de copropri\u00e9t\u00e9s de maintenir leurs activit\u00e9s.<\/p>\n<p>Votebox convainc et se place leader sur le march\u00e9 du vote \u00e9lectronique<\/p><\/div><\/div><\/div><\/div>\n    <div class=\"twae-end\"><\/div>\n    <\/div><style type=\"text\/css\">.elementor-5827 .elementor-element.elementor-element-526c482 .twae-wrapper.twae-vertical .twae-story{margin-bottom:60px!important}.elementor-5827 .elementor-element.elementor-element-526c482 .twae-wrapper{--tw-cbx-title-color:#E88C43;}.elementor-5827 .elementor-element.elementor-element-526c482 .twae-wrapper{--tw-lbl-big-color:#000000;}.elementor-5827 .elementor-element.elementor-element-526c482 .twae-wrapper{--tw-cbx-des-color:#000000;}.elementor-5827 .elementor-element.elementor-element-526c482 .twae-wrapper{--tw-cbx-bg:#FFFFFF}.elementor-5827 .elementor-element.elementor-element-526c482 .twae-wrapper{--tw-line-bg:#E88C43}.elementor-5827 .elementor-element.elementor-element-526c482 .twae-label-big{}@media (max-width: 1024px){ .twae-wrapper{--tw-ybx-size: 80px !important;}}@media (max-width: 767px){ .twae-wrapper{--tw-ybx-size: 80px !important}}<\/style>\t\t\t\t<\/div>\n\t\t\t\t<\/div>\n\t\t\t\t\t<\/div>\n\t\t<\/div>\n\t\t\t\t\t<\/div>\n\t\t<\/section>\n\t\t\t\t<section class=\"elementor-section elementor-top-section elementor-element elementor-element-7c579d2b elementor-section-boxed elementor-section-height-default elementor-section-height-default elementor-invisible\" data-id=\"7c579d2b\" data-element_type=\"section\" data-settings=\"{&quot;background_background&quot;:&quot;classic&quot;,&quot;animation&quot;:&quot;fadeInUp&quot;}\">\n\t\t\t\t\t\t<div class=\"elementor-container elementor-column-gap-default\">\n\t\t\t\t\t<div class=\"elementor-column elementor-col-100 elementor-top-column elementor-element elementor-element-37338b58\" data-id=\"37338b58\" data-element_type=\"column\">\n\t\t\t<div class=\"elementor-widget-wrap elementor-element-populated\">\n\t\t\t\t\t\t<div class=\"elementor-element elementor-element-73a5c64e elementor-widget elementor-widget-heading\" data-id=\"73a5c64e\" data-element_type=\"widget\" data-widget_type=\"heading.default\">\n\t\t\t\t<div class=\"elementor-widget-container\">\n\t\t\t\t\t<h2 class=\"elementor-heading-title elementor-size-default\">M\u00f6chten Sie mehr \u00fcber unsere Preise erfahren oder eine Demo unserer L\u00f6sung erhalten?<\/h2>\t\t\t\t<\/div>\n\t\t\t\t<\/div>\n\t\t\t\t<div class=\"elementor-element elementor-element-39262cfa elementor-align-center elementor-widget elementor-widget-button\" data-id=\"39262cfa\" data-element_type=\"widget\" data-widget_type=\"button.default\">\n\t\t\t\t<div class=\"elementor-widget-container\">\n\t\t\t\t\t\t\t\t\t<div class=\"elementor-button-wrapper\">\n\t\t\t\t\t<a class=\"elementor-button elementor-button-link elementor-size-xl elementor-animation-grow\" href=\"https:\/\/quizzbox.com\/de\/devis\/\">\n\t\t\t\t\t\t<span class=\"elementor-button-content-wrapper\">\n\t\t\t\t\t\t\t\t\t<span class=\"elementor-button-text\">Demo\/Angebot anfordern<\/span>\n\t\t\t\t\t<\/span>\n\t\t\t\t\t<\/a>\n\t\t\t\t<\/div>\n\t\t\t\t\t\t\t\t<\/div>\n\t\t\t\t<\/div>\n\t\t\t\t\t<\/div>\n\t\t<\/div>\n\t\t\t\t\t<\/div>\n\t\t<\/section>\n\t\t\t\t<\/div>\n\t\t","protected":false},"excerpt":{"rendered":"<p>Geschichte Urspr\u00fcnge und Geschichte der interaktiven L\u00f6sungen der Firma Quizzbox Solutions Next Media, Muttergesellschaft und Entstehungsort des Unternehmens Quizzbox Solutions ist seit 1988 ein digitales Dienstleistungsunternehmen. Da der Gesch\u00e4ftsanteil von Quizzbox immer mehr an Bedeutung gewann, wurde die Sparte von Next Media abgekoppelt und 2015 zu einem eigenst\u00e4ndigen Unternehmen: Quizzbox Solutions. Seit Jahren f\u00fchrt Quizzbox [&hellip;]<\/p>\n","protected":false},"author":18,"featured_media":0,"parent":0,"menu_order":0,"comment_status":"closed","ping_status":"closed","template":"elementor_header_footer","meta":{"footnotes":""},"class_list":["post-5827","page","type-page","status-publish","hentry"],"yoast_head":"<!-- This site is optimized with the Yoast SEO plugin v26.2 - https:\/\/yoast.com\/wordpress\/plugins\/seo\/ -->\n<title>Quizzbox Solutions<\/title>\n<meta name=\"description\" content=\"Quizzbox Solutions\" \/>\n<meta name=\"robots\" content=\"index, follow, max-snippet:-1, max-image-preview:large, max-video-preview:-1\" \/>\n<link rel=\"canonical\" href=\"https:\/\/quizzbox.com\/de\/unsere-geschichte\/\" \/>\n<meta property=\"og:locale\" content=\"de_DE\" \/>\n<meta property=\"og:type\" content=\"article\" \/>\n<meta property=\"og:title\" content=\"Quizzbox Solutions\" \/>\n<meta property=\"og:description\" content=\"Quizzbox Solutions\" \/>\n<meta property=\"og:url\" content=\"https:\/\/quizzbox.com\/de\/unsere-geschichte\/\" \/>\n<meta property=\"og:site_name\" content=\"Quizzbox\" \/>\n<meta property=\"article:modified_time\" content=\"2023-07-19T07:18:27+00:00\" \/>\n<meta name=\"twitter:card\" content=\"summary_large_image\" \/>\n<meta name=\"twitter:label1\" content=\"Gesch\u00e4tzte Lesezeit\" \/>\n\t<meta name=\"twitter:data1\" content=\"3\u00a0Minuten\" \/>\n<script type=\"application\/ld+json\" class=\"yoast-schema-graph\">{\"@context\":\"https:\/\/schema.org\",\"@graph\":[{\"@type\":\"WebPage\",\"@id\":\"https:\/\/quizzbox.com\/de\/unsere-geschichte\/\",\"url\":\"https:\/\/quizzbox.com\/de\/unsere-geschichte\/\",\"name\":\"Quizzbox Solutions\",\"isPartOf\":{\"@id\":\"https:\/\/quizzbox.com\/de\/#website\"},\"datePublished\":\"2021-06-21T09:35:26+00:00\",\"dateModified\":\"2023-07-19T07:18:27+00:00\",\"description\":\"Quizzbox Solutions\",\"breadcrumb\":{\"@id\":\"https:\/\/quizzbox.com\/de\/unsere-geschichte\/#breadcrumb\"},\"inLanguage\":\"de\",\"potentialAction\":[{\"@type\":\"ReadAction\",\"target\":[\"https:\/\/quizzbox.com\/de\/unsere-geschichte\/\"]}]},{\"@type\":\"BreadcrumbList\",\"@id\":\"https:\/\/quizzbox.com\/de\/unsere-geschichte\/#breadcrumb\",\"itemListElement\":[{\"@type\":\"ListItem\",\"position\":1,\"name\":\"Accueil\",\"item\":\"https:\/\/quizzbox.com\/de\/\"},{\"@type\":\"ListItem\",\"position\":2,\"name\":\"Unsere Geschichte\"}]},{\"@type\":\"WebSite\",\"@id\":\"https:\/\/quizzbox.com\/de\/#website\",\"url\":\"https:\/\/quizzbox.com\/de\/\",\"name\":\"Quizzbox\",\"description\":\"Boitier de vote et vote en ligne\",\"publisher\":{\"@id\":\"https:\/\/quizzbox.com\/de\/#organization\"},\"potentialAction\":[{\"@type\":\"SearchAction\",\"target\":{\"@type\":\"EntryPoint\",\"urlTemplate\":\"https:\/\/quizzbox.com\/de\/?s={search_term_string}\"},\"query-input\":{\"@type\":\"PropertyValueSpecification\",\"valueRequired\":true,\"valueName\":\"search_term_string\"}}],\"inLanguage\":\"de\"},{\"@type\":\"Organization\",\"@id\":\"https:\/\/quizzbox.com\/de\/#organization\",\"name\":\"Quizzbox\",\"url\":\"https:\/\/quizzbox.com\/de\/\",\"logo\":{\"@type\":\"ImageObject\",\"inLanguage\":\"de\",\"@id\":\"https:\/\/quizzbox.com\/de\/#\/schema\/logo\/image\/\",\"url\":\"https:\/\/quizzbox.com\/wp-content\/uploads\/2021\/06\/340db54ee7c0ed1quizzbox-entreprises.png\",\"contentUrl\":\"https:\/\/quizzbox.com\/wp-content\/uploads\/2021\/06\/340db54ee7c0ed1quizzbox-entreprises.png\",\"width\":2108,\"height\":688,\"caption\":\"Quizzbox\"},\"image\":{\"@id\":\"https:\/\/quizzbox.com\/de\/#\/schema\/logo\/image\/\"}}]}<\/script>\n<!-- \/ Yoast SEO plugin. -->","yoast_head_json":{"title":"Quizzbox Solutions","description":"Quizzbox Solutions","robots":{"index":"index","follow":"follow","max-snippet":"max-snippet:-1","max-image-preview":"max-image-preview:large","max-video-preview":"max-video-preview:-1"},"canonical":"https:\/\/quizzbox.com\/de\/unsere-geschichte\/","og_locale":"de_DE","og_type":"article","og_title":"Quizzbox Solutions","og_description":"Quizzbox Solutions","og_url":"https:\/\/quizzbox.com\/de\/unsere-geschichte\/","og_site_name":"Quizzbox","article_modified_time":"2023-07-19T07:18:27+00:00","twitter_card":"summary_large_image","twitter_misc":{"Gesch\u00e4tzte Lesezeit":"3\u00a0Minuten"},"schema":{"@context":"https:\/\/schema.org","@graph":[{"@type":"WebPage","@id":"https:\/\/quizzbox.com\/de\/unsere-geschichte\/","url":"https:\/\/quizzbox.com\/de\/unsere-geschichte\/","name":"Quizzbox Solutions","isPartOf":{"@id":"https:\/\/quizzbox.com\/de\/#website"},"datePublished":"2021-06-21T09:35:26+00:00","dateModified":"2023-07-19T07:18:27+00:00","description":"Quizzbox Solutions","breadcrumb":{"@id":"https:\/\/quizzbox.com\/de\/unsere-geschichte\/#breadcrumb"},"inLanguage":"de","potentialAction":[{"@type":"ReadAction","target":["https:\/\/quizzbox.com\/de\/unsere-geschichte\/"]}]},{"@type":"BreadcrumbList","@id":"https:\/\/quizzbox.com\/de\/unsere-geschichte\/#breadcrumb","itemListElement":[{"@type":"ListItem","position":1,"name":"Accueil","item":"https:\/\/quizzbox.com\/de\/"},{"@type":"ListItem","position":2,"name":"Unsere Geschichte"}]},{"@type":"WebSite","@id":"https:\/\/quizzbox.com\/de\/#website","url":"https:\/\/quizzbox.com\/de\/","name":"Quizzbox","description":"Boitier de vote et vote en ligne","publisher":{"@id":"https:\/\/quizzbox.com\/de\/#organization"},"potentialAction":[{"@type":"SearchAction","target":{"@type":"EntryPoint","urlTemplate":"https:\/\/quizzbox.com\/de\/?s={search_term_string}"},"query-input":{"@type":"PropertyValueSpecification","valueRequired":true,"valueName":"search_term_string"}}],"inLanguage":"de"},{"@type":"Organization","@id":"https:\/\/quizzbox.com\/de\/#organization","name":"Quizzbox","url":"https:\/\/quizzbox.com\/de\/","logo":{"@type":"ImageObject","inLanguage":"de","@id":"https:\/\/quizzbox.com\/de\/#\/schema\/logo\/image\/","url":"https:\/\/quizzbox.com\/wp-content\/uploads\/2021\/06\/340db54ee7c0ed1quizzbox-entreprises.png","contentUrl":"https:\/\/quizzbox.com\/wp-content\/uploads\/2021\/06\/340db54ee7c0ed1quizzbox-entreprises.png","width":2108,"height":688,"caption":"Quizzbox"},"image":{"@id":"https:\/\/quizzbox.com\/de\/#\/schema\/logo\/image\/"}}]}},"_links":{"self":[{"href":"https:\/\/quizzbox.com\/de\/wp-json\/wp\/v2\/pages\/5827","targetHints":{"allow":["GET"]}}],"collection":[{"href":"https:\/\/quizzbox.com\/de\/wp-json\/wp\/v2\/pages"}],"about":[{"href":"https:\/\/quizzbox.com\/de\/wp-json\/wp\/v2\/types\/page"}],"author":[{"embeddable":true,"href":"https:\/\/quizzbox.com\/de\/wp-json\/wp\/v2\/users\/18"}],"replies":[{"embeddable":true,"href":"https:\/\/quizzbox.com\/de\/wp-json\/wp\/v2\/comments?post=5827"}],"version-history":[{"count":25,"href":"https:\/\/quizzbox.com\/de\/wp-json\/wp\/v2\/pages\/5827\/revisions"}],"predecessor-version":[{"id":7342,"href":"https:\/\/quizzbox.com\/de\/wp-json\/wp\/v2\/pages\/5827\/revisions\/7342"}],"wp:attachment":[{"href":"https:\/\/quizzbox.com\/de\/wp-json\/wp\/v2\/media?parent=5827"}],"curies":[{"name":"wp","href":"https:\/\/api.w.org\/{rel}","templated":true}]}}