{"id":5964,"date":"2022-04-12T16:55:22","date_gmt":"2022-04-12T14:55:22","guid":{"rendered":"https:\/\/quizzbox.com\/hybrid-veranstaltung\/"},"modified":"2022-08-08T16:32:58","modified_gmt":"2022-08-08T14:32:58","slug":"hybrid-veranstaltung","status":"publish","type":"page","link":"https:\/\/quizzbox.com\/de\/hybrid-veranstaltung\/","title":{"rendered":"Hybrid-Veranstaltung"},"content":{"rendered":"\t\t<div data-elementor-type=\"wp-page\" data-elementor-id=\"5964\" class=\"elementor elementor-5964 elementor-1363\" data-elementor-post-type=\"page\">\n\t\t\t\t\t\t<section class=\"elementor-section elementor-top-section elementor-element elementor-element-39001ff elementor-section-height-min-height elementor-section-boxed elementor-section-height-default elementor-section-items-middle\" data-id=\"39001ff\" data-element_type=\"section\" data-settings=\"{&quot;background_background&quot;:&quot;classic&quot;,&quot;shape_divider_bottom&quot;:&quot;curve&quot;}\">\n\t\t\t\t\t<div class=\"elementor-shape elementor-shape-bottom\" aria-hidden=\"true\" data-negative=\"false\">\n\t\t\t<svg xmlns=\"http:\/\/www.w3.org\/2000\/svg\" viewBox=\"0 0 1000 100\" preserveAspectRatio=\"none\">\n    <path class=\"elementor-shape-fill\" d=\"M1000,4.3V0H0v4.3C0.9,23.1,126.7,99.2,500,100S1000,22.7,1000,4.3z\"\/>\n<\/svg>\t\t<\/div>\n\t\t\t\t\t<div class=\"elementor-container elementor-column-gap-default\">\n\t\t\t\t\t<div class=\"elementor-column elementor-col-100 elementor-top-column elementor-element elementor-element-b957d37\" data-id=\"b957d37\" data-element_type=\"column\">\n\t\t\t<div class=\"elementor-widget-wrap elementor-element-populated\">\n\t\t\t\t\t\t<div class=\"elementor-element elementor-element-69e25b0 elementor-view-default elementor-widget elementor-widget-icon\" data-id=\"69e25b0\" data-element_type=\"widget\" data-widget_type=\"icon.default\">\n\t\t\t\t<div class=\"elementor-widget-container\">\n\t\t\t\t\t\t\t<div class=\"elementor-icon-wrapper\">\n\t\t\t<div class=\"elementor-icon\">\n\t\t\t<i aria-hidden=\"true\" class=\"fas fa-arrows-alt-h\"><\/i>\t\t\t<\/div>\n\t\t<\/div>\n\t\t\t\t\t\t<\/div>\n\t\t\t\t<\/div>\n\t\t\t\t<div class=\"elementor-element elementor-element-91e6afb elementor-widget elementor-widget-heading\" data-id=\"91e6afb\" data-element_type=\"widget\" data-widget_type=\"heading.default\">\n\t\t\t\t<div class=\"elementor-widget-container\">\n\t\t\t\t\t<h1 class=\"elementor-heading-title elementor-size-default\">Hybrid-Veranstaltung<\/h1>\t\t\t\t<\/div>\n\t\t\t\t<\/div>\n\t\t\t\t\t<\/div>\n\t\t<\/div>\n\t\t\t\t\t<\/div>\n\t\t<\/section>\n\t\t\t\t<section class=\"elementor-section elementor-top-section elementor-element elementor-element-d25076e elementor-section-content-middle elementor-section-boxed elementor-section-height-default elementor-section-height-default\" data-id=\"d25076e\" data-element_type=\"section\">\n\t\t\t\t\t\t<div class=\"elementor-container elementor-column-gap-default\">\n\t\t\t\t\t<div class=\"elementor-column elementor-col-50 elementor-top-column elementor-element elementor-element-b36d4a4\" data-id=\"b36d4a4\" data-element_type=\"column\">\n\t\t\t<div class=\"elementor-widget-wrap elementor-element-populated\">\n\t\t\t\t\t\t<div class=\"elementor-element elementor-element-402838a elementor-widget elementor-widget-heading\" data-id=\"402838a\" data-element_type=\"widget\" data-widget_type=\"heading.default\">\n\t\t\t\t<div class=\"elementor-widget-container\">\n\t\t\t\t\t<h2 class=\"elementor-heading-title elementor-size-default\">Was versteht man unter hybrid?<\/h2>\t\t\t\t<\/div>\n\t\t\t\t<\/div>\n\t\t\t\t<div class=\"elementor-element elementor-element-2abdc8d elementor-widget-divider--view-line elementor-widget elementor-widget-divider\" data-id=\"2abdc8d\" data-element_type=\"widget\" data-widget_type=\"divider.default\">\n\t\t\t\t<div class=\"elementor-widget-container\">\n\t\t\t\t\t\t\t<div class=\"elementor-divider\">\n\t\t\t<span class=\"elementor-divider-separator\">\n\t\t\t\t\t\t<\/span>\n\t\t<\/div>\n\t\t\t\t\t\t<\/div>\n\t\t\t\t<\/div>\n\t\t\t\t<div class=\"elementor-element elementor-element-f89d3e2 elementor-widget elementor-widget-text-editor\" data-id=\"f89d3e2\" data-element_type=\"widget\" data-widget_type=\"text-editor.default\">\n\t\t\t\t<div class=\"elementor-widget-container\">\n\t\t\t\t\t\t\t\t\t<p>Wenn Sie einen Teil Ihres Publikums <strong>vor Ort<\/strong> und einen anderen Teil per <strong>Videokonferenz<\/strong> zugeschaltet haben, k\u00f6nnen Sie mithilfe von <strong>Quizzbox<\/strong> alle zeitgleich abstimmen lassen. <\/p><p>Sie stellen Ihre Fragen und zeigen die Ergebnisse Ihres gesamten Publikums in <strong>Echtzeit<\/strong> an. <\/p>\t\t\t\t\t\t\t\t<\/div>\n\t\t\t\t<\/div>\n\t\t\t\t\t<\/div>\n\t\t<\/div>\n\t\t\t\t<div class=\"elementor-column elementor-col-50 elementor-top-column elementor-element elementor-element-f7b18b2\" data-id=\"f7b18b2\" data-element_type=\"column\">\n\t\t\t<div class=\"elementor-widget-wrap elementor-element-populated\">\n\t\t\t\t\t\t<div class=\"elementor-element elementor-element-f497d8c elementor-invisible elementor-widget elementor-widget-image\" data-id=\"f497d8c\" data-element_type=\"widget\" data-settings=\"{&quot;_animation&quot;:&quot;pulse&quot;}\" data-widget_type=\"image.default\">\n\t\t\t\t<div class=\"elementor-widget-container\">\n\t\t\t\t\t\t\t\t\t\t\t\t\t\t\t<img fetchpriority=\"high\" decoding=\"async\" width=\"700\" height=\"700\" src=\"https:\/\/quizzbox.com\/wp-content\/uploads\/2022\/06\/quizzbox_8.jpg\" class=\"attachment-large size-large wp-image-3447\" alt=\"Vote hybride\" \/>\t\t\t\t\t\t\t\t\t\t\t\t\t\t\t<\/div>\n\t\t\t\t<\/div>\n\t\t\t\t\t<\/div>\n\t\t<\/div>\n\t\t\t\t\t<\/div>\n\t\t<\/section>\n\t\t\t\t<section class=\"elementor-section elementor-top-section elementor-element elementor-element-241561a elementor-section-content-middle elementor-reverse-mobile elementor-section-boxed elementor-section-height-default elementor-section-height-default\" data-id=\"241561a\" data-element_type=\"section\">\n\t\t\t\t\t\t<div class=\"elementor-container elementor-column-gap-default\">\n\t\t\t\t\t<div class=\"elementor-column elementor-col-50 elementor-top-column elementor-element elementor-element-173de87\" data-id=\"173de87\" data-element_type=\"column\">\n\t\t\t<div class=\"elementor-widget-wrap elementor-element-populated\">\n\t\t\t\t\t\t<div class=\"elementor-element elementor-element-b58a56c elementor-widget elementor-widget-image\" data-id=\"b58a56c\" data-element_type=\"widget\" data-widget_type=\"image.default\">\n\t\t\t\t<div class=\"elementor-widget-container\">\n\t\t\t\t\t\t\t\t\t\t\t\t\t\t\t<img decoding=\"async\" width=\"700\" height=\"700\" src=\"https:\/\/quizzbox.com\/wp-content\/uploads\/2022\/06\/quizzbox_1bis.jpg\" class=\"attachment-large size-large wp-image-3451\" alt=\"Vote hybride\" \/>\t\t\t\t\t\t\t\t\t\t\t\t\t\t\t<\/div>\n\t\t\t\t<\/div>\n\t\t\t\t\t<\/div>\n\t\t<\/div>\n\t\t\t\t<div class=\"elementor-column elementor-col-50 elementor-top-column elementor-element elementor-element-afb1c25\" data-id=\"afb1c25\" data-element_type=\"column\">\n\t\t\t<div class=\"elementor-widget-wrap elementor-element-populated\">\n\t\t\t\t\t\t<div class=\"elementor-element elementor-element-40c846e elementor-widget elementor-widget-heading\" data-id=\"40c846e\" data-element_type=\"widget\" data-widget_type=\"heading.default\">\n\t\t\t\t<div class=\"elementor-widget-container\">\n\t\t\t\t\t<h2 class=\"elementor-heading-title elementor-size-default\">Wie funktioniert die Abstimmung im hybriden Veranstaltungsformat?<\/h2>\t\t\t\t<\/div>\n\t\t\t\t<\/div>\n\t\t\t\t<div class=\"elementor-element elementor-element-8a5f25b elementor-widget-divider--view-line elementor-widget elementor-widget-divider\" data-id=\"8a5f25b\" data-element_type=\"widget\" data-widget_type=\"divider.default\">\n\t\t\t\t<div class=\"elementor-widget-container\">\n\t\t\t\t\t\t\t<div class=\"elementor-divider\">\n\t\t\t<span class=\"elementor-divider-separator\">\n\t\t\t\t\t\t<\/span>\n\t\t<\/div>\n\t\t\t\t\t\t<\/div>\n\t\t\t\t<\/div>\n\t\t\t\t<div class=\"elementor-element elementor-element-0efcd98 elementor-widget elementor-widget-text-editor\" data-id=\"0efcd98\" data-element_type=\"widget\" data-widget_type=\"text-editor.default\">\n\t\t\t\t<div class=\"elementor-widget-container\">\n\t\t\t\t\t\t\t\t\t<p>F\u00fcr Pr\u00e4senz-Teilnehmende haben Sie zwei Optionen: Sie k\u00f6nnen sie entweder mit den <b>Funk-Abstimmger\u00e4ten<\/b> oder mit der <b>Webapp<\/b> \u00fcber Smartphone\/Tablet\/PC abstimmen lassen.<\/p><p><strong>Online-Teilnehmende<\/strong> m\u00fcssen die <strong>Webapp<\/strong> verwenden. <\/p><p><strong>Fragen und Ergebnisse<\/strong>, die in der Pr\u00e4senz-Veranstaltung auf eine <strong>Leinwand projiziert<\/strong> werden, k\u00f6nnen den Teilnehmenden der Videokonferenz per <strong>Screensharing<\/strong> angezeigt werden.<\/p>\t\t\t\t\t\t\t\t<\/div>\n\t\t\t\t<\/div>\n\t\t\t\t\t<\/div>\n\t\t<\/div>\n\t\t\t\t\t<\/div>\n\t\t<\/section>\n\t\t\t\t<section class=\"elementor-section elementor-top-section elementor-element elementor-element-270c5bbf elementor-section-boxed elementor-section-height-default elementor-section-height-default elementor-invisible\" data-id=\"270c5bbf\" data-element_type=\"section\" data-settings=\"{&quot;background_background&quot;:&quot;classic&quot;,&quot;animation&quot;:&quot;fadeInUp&quot;}\">\n\t\t\t\t\t\t<div class=\"elementor-container elementor-column-gap-default\">\n\t\t\t\t\t<div class=\"elementor-column elementor-col-100 elementor-top-column elementor-element elementor-element-3e116c3f\" data-id=\"3e116c3f\" data-element_type=\"column\">\n\t\t\t<div class=\"elementor-widget-wrap elementor-element-populated\">\n\t\t\t\t\t\t<div class=\"elementor-element elementor-element-dcf788d elementor-widget elementor-widget-heading\" data-id=\"dcf788d\" data-element_type=\"widget\" data-widget_type=\"heading.default\">\n\t\t\t\t<div class=\"elementor-widget-container\">\n\t\t\t\t\t<h2 class=\"elementor-heading-title elementor-size-default\">M\u00f6chten Sie mehr \u00fcber unsere Preise erfahren oder eine Demo unserer L\u00f6sung erhalten?<\/h2>\t\t\t\t<\/div>\n\t\t\t\t<\/div>\n\t\t\t\t<div class=\"elementor-element elementor-element-3f57dcb3 elementor-align-center elementor-widget elementor-widget-button\" data-id=\"3f57dcb3\" data-element_type=\"widget\" data-widget_type=\"button.default\">\n\t\t\t\t<div class=\"elementor-widget-container\">\n\t\t\t\t\t\t\t\t\t<div class=\"elementor-button-wrapper\">\n\t\t\t\t\t<a class=\"elementor-button elementor-button-link elementor-size-xl elementor-animation-grow\" href=\"https:\/\/quizzbox.com\/de\/devis\/\">\n\t\t\t\t\t\t<span class=\"elementor-button-content-wrapper\">\n\t\t\t\t\t\t\t\t\t<span class=\"elementor-button-text\">Demo\/Angebot anfordern<\/span>\n\t\t\t\t\t<\/span>\n\t\t\t\t\t<\/a>\n\t\t\t\t<\/div>\n\t\t\t\t\t\t\t\t<\/div>\n\t\t\t\t<\/div>\n\t\t\t\t\t<\/div>\n\t\t<\/div>\n\t\t\t\t\t<\/div>\n\t\t<\/section>\n\t\t\t\t<\/div>\n\t\t","protected":false},"excerpt":{"rendered":"<p>Hybrid-Veranstaltung Was versteht man unter hybrid? Wenn Sie einen Teil Ihres Publikums vor Ort und einen anderen Teil per Videokonferenz zugeschaltet haben, k\u00f6nnen Sie mithilfe von Quizzbox alle zeitgleich abstimmen lassen. Sie stellen Ihre Fragen und zeigen die Ergebnisse Ihres gesamten Publikums in Echtzeit an. Wie funktioniert die Abstimmung im hybriden Veranstaltungsformat? F\u00fcr Pr\u00e4senz-Teilnehmende haben [&hellip;]<\/p>\n","protected":false},"author":18,"featured_media":0,"parent":0,"menu_order":0,"comment_status":"closed","ping_status":"closed","template":"elementor_header_footer","meta":{"footnotes":""},"class_list":["post-5964","page","type-page","status-publish","hentry"],"yoast_head":"<!-- This site is optimized with the Yoast SEO plugin v26.2 - https:\/\/yoast.com\/wordpress\/plugins\/seo\/ -->\n<title>Abstimmung im hybriden Veranstaltungsformat<\/title>\n<meta name=\"description\" content=\"Hybride Abstimmung Elektronische Abstimmung in hybriden Veranstaltungen\" \/>\n<meta name=\"robots\" content=\"index, follow, max-snippet:-1, max-image-preview:large, max-video-preview:-1\" \/>\n<link rel=\"canonical\" href=\"https:\/\/quizzbox.com\/de\/hybrid-veranstaltung\/\" \/>\n<meta property=\"og:locale\" content=\"de_DE\" \/>\n<meta property=\"og:type\" content=\"article\" \/>\n<meta property=\"og:title\" content=\"Abstimmung im hybriden Veranstaltungsformat\" \/>\n<meta property=\"og:description\" content=\"Hybride Abstimmung Elektronische Abstimmung in hybriden Veranstaltungen\" \/>\n<meta property=\"og:url\" content=\"https:\/\/quizzbox.com\/de\/hybrid-veranstaltung\/\" \/>\n<meta property=\"og:site_name\" content=\"Quizzbox\" \/>\n<meta property=\"article:modified_time\" content=\"2022-08-08T14:32:58+00:00\" \/>\n<meta property=\"og:image\" content=\"https:\/\/quizzbox.com\/wp-content\/uploads\/2022\/06\/quizzbox_8.jpg\" \/>\n<meta name=\"twitter:card\" content=\"summary_large_image\" \/>\n<meta name=\"twitter:label1\" content=\"Gesch\u00e4tzte Lesezeit\" \/>\n\t<meta name=\"twitter:data1\" content=\"1\u00a0Minute\" \/>\n<script type=\"application\/ld+json\" class=\"yoast-schema-graph\">{\"@context\":\"https:\/\/schema.org\",\"@graph\":[{\"@type\":\"WebPage\",\"@id\":\"https:\/\/quizzbox.com\/de\/hybrid-veranstaltung\/\",\"url\":\"https:\/\/quizzbox.com\/de\/hybrid-veranstaltung\/\",\"name\":\"Abstimmung im hybriden Veranstaltungsformat\",\"isPartOf\":{\"@id\":\"https:\/\/quizzbox.com\/de\/#website\"},\"primaryImageOfPage\":{\"@id\":\"https:\/\/quizzbox.com\/de\/hybrid-veranstaltung\/#primaryimage\"},\"image\":{\"@id\":\"https:\/\/quizzbox.com\/de\/hybrid-veranstaltung\/#primaryimage\"},\"thumbnailUrl\":\"https:\/\/quizzbox.com\/wp-content\/uploads\/2022\/06\/quizzbox_8.jpg\",\"datePublished\":\"2022-04-12T14:55:22+00:00\",\"dateModified\":\"2022-08-08T14:32:58+00:00\",\"description\":\"Hybride Abstimmung Elektronische Abstimmung in hybriden Veranstaltungen\",\"breadcrumb\":{\"@id\":\"https:\/\/quizzbox.com\/de\/hybrid-veranstaltung\/#breadcrumb\"},\"inLanguage\":\"de\",\"potentialAction\":[{\"@type\":\"ReadAction\",\"target\":[\"https:\/\/quizzbox.com\/de\/hybrid-veranstaltung\/\"]}]},{\"@type\":\"ImageObject\",\"inLanguage\":\"de\",\"@id\":\"https:\/\/quizzbox.com\/de\/hybrid-veranstaltung\/#primaryimage\",\"url\":\"https:\/\/quizzbox.com\/wp-content\/uploads\/2022\/06\/quizzbox_8.jpg\",\"contentUrl\":\"https:\/\/quizzbox.com\/wp-content\/uploads\/2022\/06\/quizzbox_8.jpg\"},{\"@type\":\"BreadcrumbList\",\"@id\":\"https:\/\/quizzbox.com\/de\/hybrid-veranstaltung\/#breadcrumb\",\"itemListElement\":[{\"@type\":\"ListItem\",\"position\":1,\"name\":\"Accueil\",\"item\":\"https:\/\/quizzbox.com\/de\/\"},{\"@type\":\"ListItem\",\"position\":2,\"name\":\"Hybrid-Veranstaltung\"}]},{\"@type\":\"WebSite\",\"@id\":\"https:\/\/quizzbox.com\/de\/#website\",\"url\":\"https:\/\/quizzbox.com\/de\/\",\"name\":\"Quizzbox\",\"description\":\"Boitier de vote et vote en ligne\",\"publisher\":{\"@id\":\"https:\/\/quizzbox.com\/de\/#organization\"},\"potentialAction\":[{\"@type\":\"SearchAction\",\"target\":{\"@type\":\"EntryPoint\",\"urlTemplate\":\"https:\/\/quizzbox.com\/de\/?s={search_term_string}\"},\"query-input\":{\"@type\":\"PropertyValueSpecification\",\"valueRequired\":true,\"valueName\":\"search_term_string\"}}],\"inLanguage\":\"de\"},{\"@type\":\"Organization\",\"@id\":\"https:\/\/quizzbox.com\/de\/#organization\",\"name\":\"Quizzbox\",\"url\":\"https:\/\/quizzbox.com\/de\/\",\"logo\":{\"@type\":\"ImageObject\",\"inLanguage\":\"de\",\"@id\":\"https:\/\/quizzbox.com\/de\/#\/schema\/logo\/image\/\",\"url\":\"https:\/\/quizzbox.com\/wp-content\/uploads\/2021\/06\/340db54ee7c0ed1quizzbox-entreprises.png\",\"contentUrl\":\"https:\/\/quizzbox.com\/wp-content\/uploads\/2021\/06\/340db54ee7c0ed1quizzbox-entreprises.png\",\"width\":2108,\"height\":688,\"caption\":\"Quizzbox\"},\"image\":{\"@id\":\"https:\/\/quizzbox.com\/de\/#\/schema\/logo\/image\/\"}}]}<\/script>\n<!-- \/ Yoast SEO plugin. -->","yoast_head_json":{"title":"Abstimmung im hybriden Veranstaltungsformat","description":"Hybride Abstimmung Elektronische Abstimmung in hybriden Veranstaltungen","robots":{"index":"index","follow":"follow","max-snippet":"max-snippet:-1","max-image-preview":"max-image-preview:large","max-video-preview":"max-video-preview:-1"},"canonical":"https:\/\/quizzbox.com\/de\/hybrid-veranstaltung\/","og_locale":"de_DE","og_type":"article","og_title":"Abstimmung im hybriden Veranstaltungsformat","og_description":"Hybride Abstimmung Elektronische Abstimmung in hybriden Veranstaltungen","og_url":"https:\/\/quizzbox.com\/de\/hybrid-veranstaltung\/","og_site_name":"Quizzbox","article_modified_time":"2022-08-08T14:32:58+00:00","og_image":[{"url":"https:\/\/quizzbox.com\/wp-content\/uploads\/2022\/06\/quizzbox_8.jpg","type":"","width":"","height":""}],"twitter_card":"summary_large_image","twitter_misc":{"Gesch\u00e4tzte Lesezeit":"1\u00a0Minute"},"schema":{"@context":"https:\/\/schema.org","@graph":[{"@type":"WebPage","@id":"https:\/\/quizzbox.com\/de\/hybrid-veranstaltung\/","url":"https:\/\/quizzbox.com\/de\/hybrid-veranstaltung\/","name":"Abstimmung im hybriden Veranstaltungsformat","isPartOf":{"@id":"https:\/\/quizzbox.com\/de\/#website"},"primaryImageOfPage":{"@id":"https:\/\/quizzbox.com\/de\/hybrid-veranstaltung\/#primaryimage"},"image":{"@id":"https:\/\/quizzbox.com\/de\/hybrid-veranstaltung\/#primaryimage"},"thumbnailUrl":"https:\/\/quizzbox.com\/wp-content\/uploads\/2022\/06\/quizzbox_8.jpg","datePublished":"2022-04-12T14:55:22+00:00","dateModified":"2022-08-08T14:32:58+00:00","description":"Hybride Abstimmung Elektronische Abstimmung in hybriden Veranstaltungen","breadcrumb":{"@id":"https:\/\/quizzbox.com\/de\/hybrid-veranstaltung\/#breadcrumb"},"inLanguage":"de","potentialAction":[{"@type":"ReadAction","target":["https:\/\/quizzbox.com\/de\/hybrid-veranstaltung\/"]}]},{"@type":"ImageObject","inLanguage":"de","@id":"https:\/\/quizzbox.com\/de\/hybrid-veranstaltung\/#primaryimage","url":"https:\/\/quizzbox.com\/wp-content\/uploads\/2022\/06\/quizzbox_8.jpg","contentUrl":"https:\/\/quizzbox.com\/wp-content\/uploads\/2022\/06\/quizzbox_8.jpg"},{"@type":"BreadcrumbList","@id":"https:\/\/quizzbox.com\/de\/hybrid-veranstaltung\/#breadcrumb","itemListElement":[{"@type":"ListItem","position":1,"name":"Accueil","item":"https:\/\/quizzbox.com\/de\/"},{"@type":"ListItem","position":2,"name":"Hybrid-Veranstaltung"}]},{"@type":"WebSite","@id":"https:\/\/quizzbox.com\/de\/#website","url":"https:\/\/quizzbox.com\/de\/","name":"Quizzbox","description":"Boitier de vote et vote en ligne","publisher":{"@id":"https:\/\/quizzbox.com\/de\/#organization"},"potentialAction":[{"@type":"SearchAction","target":{"@type":"EntryPoint","urlTemplate":"https:\/\/quizzbox.com\/de\/?s={search_term_string}"},"query-input":{"@type":"PropertyValueSpecification","valueRequired":true,"valueName":"search_term_string"}}],"inLanguage":"de"},{"@type":"Organization","@id":"https:\/\/quizzbox.com\/de\/#organization","name":"Quizzbox","url":"https:\/\/quizzbox.com\/de\/","logo":{"@type":"ImageObject","inLanguage":"de","@id":"https:\/\/quizzbox.com\/de\/#\/schema\/logo\/image\/","url":"https:\/\/quizzbox.com\/wp-content\/uploads\/2021\/06\/340db54ee7c0ed1quizzbox-entreprises.png","contentUrl":"https:\/\/quizzbox.com\/wp-content\/uploads\/2021\/06\/340db54ee7c0ed1quizzbox-entreprises.png","width":2108,"height":688,"caption":"Quizzbox"},"image":{"@id":"https:\/\/quizzbox.com\/de\/#\/schema\/logo\/image\/"}}]}},"_links":{"self":[{"href":"https:\/\/quizzbox.com\/de\/wp-json\/wp\/v2\/pages\/5964","targetHints":{"allow":["GET"]}}],"collection":[{"href":"https:\/\/quizzbox.com\/de\/wp-json\/wp\/v2\/pages"}],"about":[{"href":"https:\/\/quizzbox.com\/de\/wp-json\/wp\/v2\/types\/page"}],"author":[{"embeddable":true,"href":"https:\/\/quizzbox.com\/de\/wp-json\/wp\/v2\/users\/18"}],"replies":[{"embeddable":true,"href":"https:\/\/quizzbox.com\/de\/wp-json\/wp\/v2\/comments?post=5964"}],"version-history":[{"count":6,"href":"https:\/\/quizzbox.com\/de\/wp-json\/wp\/v2\/pages\/5964\/revisions"}],"predecessor-version":[{"id":6363,"href":"https:\/\/quizzbox.com\/de\/wp-json\/wp\/v2\/pages\/5964\/revisions\/6363"}],"wp:attachment":[{"href":"https:\/\/quizzbox.com\/de\/wp-json\/wp\/v2\/media?parent=5964"}],"curies":[{"name":"wp","href":"https:\/\/api.w.org\/{rel}","templated":true}]}}