{"id":8210,"date":"2025-02-04T08:55:26","date_gmt":"2025-02-04T07:55:26","guid":{"rendered":"https:\/\/quizzbox.com\/?page_id=8210"},"modified":"2025-02-04T18:06:29","modified_gmt":"2025-02-04T17:06:29","slug":"demo-angebot","status":"publish","type":"page","link":"https:\/\/quizzbox.com\/de\/demo-angebot\/","title":{"rendered":"Demo\/Angebot"},"content":{"rendered":"\t\t<div data-elementor-type=\"wp-page\" data-elementor-id=\"8210\" class=\"elementor elementor-8210\" data-elementor-post-type=\"page\">\n\t\t\t\t\t\t<section class=\"elementor-section elementor-top-section elementor-element elementor-element-ea757f4 elementor-section-boxed elementor-section-height-default elementor-section-height-default\" data-id=\"ea757f4\" data-element_type=\"section\">\n\t\t\t\t\t\t<div class=\"elementor-container elementor-column-gap-default\">\n\t\t\t\t\t<div class=\"elementor-column elementor-col-100 elementor-top-column elementor-element elementor-element-9f0edec\" data-id=\"9f0edec\" data-element_type=\"column\">\n\t\t\t<div class=\"elementor-widget-wrap elementor-element-populated\">\n\t\t\t\t\t\t<div class=\"elementor-element elementor-element-f1f7188 elementor-widget elementor-widget-html\" data-id=\"f1f7188\" data-element_type=\"widget\" data-widget_type=\"html.default\">\n\t\t\t\t<div class=\"elementor-widget-container\">\n\t\t\t\t\t<form action=\"https:\/\/webto.salesforce.com\/servlet\/servlet.WebToLead?encoding=UTF-8&orgId=00D7Q000003Q3Wk\" onsubmit=\"return validateRecaptcha();\" method=\"POST\">\r\n\r\n<input type=hidden name='captcha_settings' value='{\"keyname\":\"Site_internet_Quizzbox\",\"fallback\":\"true\",\"orgId\":\"00D7Q000003Q3Wk\",\"ts\":\"\"}'>\r\n\r\n<input type=hidden name=\"oid\" value=\"00D7Q000003Q3Wk\">\r\n<input type=hidden name=\"retURL\" value=\"https:\/\/quizzbox.com\/de\/danke\">\r\n\r\n\r\n<label for=\"company\">Institution *<\/label><input  id=\"company\" maxlength=\"40\" name=\"company\" size=\"20\" type=\"text\" \/><br>\r\n\r\n<label for=\"salutation\">Anrede<\/label><select  id=\"salutation\" name=\"salutation\"><option value=\"Mme\">Frau<\/option>\r\n<option value=\"M\">Herr<\/option>\r\n<\/select>\r\n\r\n<label for=\"first_name\">Vorname *<\/label><input  id=\"first_name\" maxlength=\"40\" name=\"first_name\" size=\"20\" type=\"text\" \/><br>\r\n<label for=\"last_name\">Nachname *<\/label><input  id=\"last_name\" maxlength=\"80\" name=\"last_name\" size=\"20\" type=\"text\" \/><br>\r\n<label for=\"email\">E-Mail *<\/label><input  id=\"email\" maxlength=\"80\" name=\"email\" size=\"20\" type=\"text\" \/><br>\r\n<label for=\"phone\">Telefon<\/label><input  id=\"phone\" maxlength=\"40\" name=\"phone\" size=\"20\" type=\"text\" \/><br>\r\n\r\n<label for=\"country_code\">Land<\/label><select  id=\"country_code\" name=\"country_code\"><option value=\"DE\">Deutchland<\/option>\r\n<option value=\"EN\">English<\/option>\r\n<option value=\"EN\">French<\/option>\r\n<option value=\"FR\">Other<\/option>\r\n<\/select>\r\n\r\n<label for=\"street\">Adresse<\/label><textarea name=\"street\"><\/textarea><br>\r\n<label for=\"zip\">PLZ<\/label><input  id=\"zip\" maxlength=\"20\" name=\"zip\" size=\"20\" type=\"text\" \/><br>\r\n<label for=\"city\">Stadt<\/label><input  id=\"city\" maxlength=\"40\" name=\"city\" size=\"20\" type=\"text\" \/><br>\r\n\r\n<label for=\"00NSm00000HyHvS\">Sie m\u00f6chten :<\/label>\r\n<select id=\"00NSm00000HyHvS\" name=\"00NSm00000HyHvS\" >\r\n\t<option value=\"online-demo\">Einen Termin f\u00fcr eine Online-Demo vereinbaren<\/option>\r\n        <option value=\"schriftliches-angebot\">Ein schriftliches Angebot erhalten<\/option>\r\n        <option value=\"telefon-rueckruf\">Einen telefonischen R\u00fcckruf<\/option>\r\n\t<\/select>\r\n<label for=\"00N7Q00000GZ1ay\">Wof\u00fcr m\u00f6chten Sie QuizzBox einsetzen? * <\/label><select  id=\"00N7Q00000GZ1ay\" name=\"00N7Q00000GZ1ay\" title=\"Persona\">\r\n<option value=\"Formation\">Fort- und Weiterbildung<\/option>\r\n<option value=\"Assembl\u00e9e\">Assembly<\/option>\r\n<option value=\"Examen \/ certification\">Examens\/certifications<\/option>\r\n<option value=\"\u00c9v\u00e9nementiel\">Event<\/option>\r\n<option value=\"Education\">Lehre<\/option>\r\n<\/select><br>\r\n\r\n<label for=\"00N7Q00000GbGtk\">Weitere Informationen :<\/label><textarea  id=\"00N7Q00000GbGtk\" name=\"00N7Q00000GbGtk\" rows=\"4\" type=\"text\" wrap=\"soft\"><\/textarea><br>\r\n<br>\r\n<input required type=\"checkbox\" style=\"margin-right:10px;\" name=\"rgpd\" id=\"rgpd\" value=\"333711\" onchange=\"\"><label  style=\"font-size:14px; margin-bottom:15px;\" class=\"\" for=\"rgpd\">Ich best\u00e4tige, dass ich die <a href=\"https:\/\/votebox.com\/de\/datenschutz\/\" target=\"_blank\">Datenschutzerkl\u00e4rung<\/a> zur Kenntnis genommen habe und mit der darin beschriebenen Datenverarbeitung meiner \u00fcbermittelten Informationen einverstanden bin.<\/label>\r\n<br>\r\n\r\n<script>\r\n    document.addEventListener(\"DOMContentLoaded\", () => {\r\n      const storedGclid = localStorage.getItem(\"gclid\");\r\n      if (storedGclid) {\r\n        \/\/ Injecter le GCLID stock\u00e9 dans le champ cach\u00e9 du formulaire\r\n        const gclidField = document.getElementById(\"00N7Q00000JnXUZ\");\r\n        if (gclidField) {\r\n          gclidField.value = storedGclid;\r\n          console.log(\"GCLID inject\u00e9 dans le formulaire :\", storedGclid);\r\n        }\r\n      } else {\r\n        console.log(\"Aucun GCLID stock\u00e9 trouv\u00e9.\");\r\n      }\r\n    });\r\n<\/script>\r\n\r\n<input type=\"hidden\" id=\"00N7Q00000JnXUZ\" name=\"00N7Q00000JnXUZ\" title=\"GCLID\" value=\"\" \/>\r\n<input type=\"hidden\" id=\"00N7Q00000GZ1aw\" name=\"00N7Q00000GZ1aw\" title=\"Int\u00e9r\u00eat produit\" value=\"Quizzbox\" \/>\r\n<input type=\"hidden\"  id=\"00N7Q00000GZ1ax\" name=\"00N7Q00000GZ1ax\" title=\"Langue\" value=\"de_DE\" \/>\r\n<input type=\"hidden\" id=\"lead_source\" name=\"lead_source\" value=\"Site Internet\" \/>\r\n<input type=\"hidden\"  id=\"00N7Q00000GZ1az\" name=\"00N7Q00000GZ1az\" title=\"Sous-origine\" value=\"Site Quizzbox\" \/>\r\n<input type=\"hidden\"  id=\"00N7Q00000Gba0J\" name=\"00N7Q00000Gba0J\" title=\"Entit\u00e9 piste\" value=\"Germany\" \/>\r\n\r\n<br>\r\n<script src=\"https:\/\/www.google.com\/recaptcha\/api.js?hl=de\" async defer><\/script>\r\n\r\n<!-- Afficher le reCAPTCHA -->\r\n\r\n<div class=\"g-recaptcha\" data-sitekey=\"6Le6xRYTAAAAAPltMiwHLHEPag3H0QrKGdp_cuvI\"><\/div>\r\n<br><script>\r\n    document.querySelector('form').addEventListener('submit', function(event) {\r\n        \/\/ V\u00e9rifier si le CAPTCHA a \u00e9t\u00e9 valid\u00e9\r\n        var response = grecaptcha.getResponse();\r\n        if (response.length === 0) {\r\n            event.preventDefault(); \/\/ Emp\u00eache la soumission du formulaire\r\n            alert('Veuillez confirmer que vous n\u2019\u00eates pas un robot.');\r\n        }\r\n    });\r\n<\/script>\r\n\r\n<input value=\"Absenden\" type=\"submit\" name=\"submit\">\r\n\r\n<\/form>\r\n\t\t\t\t<\/div>\n\t\t\t\t<\/div>\n\t\t\t\t\t<\/div>\n\t\t<\/div>\n\t\t\t\t\t<\/div>\n\t\t<\/section>\n\t\t\t\t<\/div>\n\t\t","protected":false},"excerpt":{"rendered":"<p>Institution * AnredeFrauHerr Vorname * Nachname * E-Mail * Telefon LandDeutchlandEnglishFrenchOther Adresse PLZ Stadt Sie m\u00f6chten : Einen Termin f\u00fcr eine Online-Demo vereinbarenEin schriftliches Angebot erhaltenEinen telefonischen R\u00fcckruf Wof\u00fcr m\u00f6chten Sie QuizzBox einsetzen? * Fort- und WeiterbildungAssemblyExamens\/certificationsEventLehre Weitere Informationen : Ich best\u00e4tige, dass ich die Datenschutzerkl\u00e4rung zur Kenntnis genommen habe und mit der darin beschriebenen [&hellip;]<\/p>\n","protected":false},"author":15,"featured_media":0,"parent":0,"menu_order":0,"comment_status":"closed","ping_status":"closed","template":"","meta":{"footnotes":""},"class_list":["post-8210","page","type-page","status-publish","hentry"],"yoast_head":"<!-- This site is optimized with the Yoast SEO plugin v26.2 - https:\/\/yoast.com\/wordpress\/plugins\/seo\/ -->\n<title>Demo\/Angebot - Quizzbox<\/title>\n<meta name=\"robots\" content=\"index, follow, max-snippet:-1, max-image-preview:large, max-video-preview:-1\" \/>\n<link rel=\"canonical\" href=\"https:\/\/quizzbox.com\/de\/demo-angebot\/\" \/>\n<meta property=\"og:locale\" content=\"de_DE\" \/>\n<meta property=\"og:type\" content=\"article\" \/>\n<meta property=\"og:title\" content=\"Demo\/Angebot - Quizzbox\" \/>\n<meta property=\"og:description\" content=\"Institution * AnredeFrauHerr Vorname * Nachname * E-Mail * Telefon LandDeutchlandEnglishFrenchOther Adresse PLZ Stadt Sie m\u00f6chten : Einen Termin f\u00fcr eine Online-Demo vereinbarenEin schriftliches Angebot erhaltenEinen telefonischen R\u00fcckruf Wof\u00fcr m\u00f6chten Sie QuizzBox einsetzen? * Fort- und WeiterbildungAssemblyExamens\/certificationsEventLehre Weitere Informationen : Ich best\u00e4tige, dass ich die Datenschutzerkl\u00e4rung zur Kenntnis genommen habe und mit der darin beschriebenen [&hellip;]\" \/>\n<meta property=\"og:url\" content=\"https:\/\/quizzbox.com\/de\/demo-angebot\/\" \/>\n<meta property=\"og:site_name\" content=\"Quizzbox\" \/>\n<meta property=\"article:modified_time\" content=\"2025-02-04T17:06:29+00:00\" \/>\n<meta name=\"twitter:card\" content=\"summary_large_image\" \/>\n<script type=\"application\/ld+json\" class=\"yoast-schema-graph\">{\"@context\":\"https:\/\/schema.org\",\"@graph\":[{\"@type\":\"WebPage\",\"@id\":\"https:\/\/quizzbox.com\/de\/demo-angebot\/\",\"url\":\"https:\/\/quizzbox.com\/de\/demo-angebot\/\",\"name\":\"Demo\/Angebot - Quizzbox\",\"isPartOf\":{\"@id\":\"https:\/\/quizzbox.com\/de\/#website\"},\"datePublished\":\"2025-02-04T07:55:26+00:00\",\"dateModified\":\"2025-02-04T17:06:29+00:00\",\"breadcrumb\":{\"@id\":\"https:\/\/quizzbox.com\/de\/demo-angebot\/#breadcrumb\"},\"inLanguage\":\"de\",\"potentialAction\":[{\"@type\":\"ReadAction\",\"target\":[\"https:\/\/quizzbox.com\/de\/demo-angebot\/\"]}]},{\"@type\":\"BreadcrumbList\",\"@id\":\"https:\/\/quizzbox.com\/de\/demo-angebot\/#breadcrumb\",\"itemListElement\":[{\"@type\":\"ListItem\",\"position\":1,\"name\":\"Accueil\",\"item\":\"https:\/\/quizzbox.com\/de\/\"},{\"@type\":\"ListItem\",\"position\":2,\"name\":\"Demo\/Angebot\"}]},{\"@type\":\"WebSite\",\"@id\":\"https:\/\/quizzbox.com\/de\/#website\",\"url\":\"https:\/\/quizzbox.com\/de\/\",\"name\":\"Quizzbox\",\"description\":\"Boitier de vote et vote en ligne\",\"publisher\":{\"@id\":\"https:\/\/quizzbox.com\/de\/#organization\"},\"potentialAction\":[{\"@type\":\"SearchAction\",\"target\":{\"@type\":\"EntryPoint\",\"urlTemplate\":\"https:\/\/quizzbox.com\/de\/?s={search_term_string}\"},\"query-input\":{\"@type\":\"PropertyValueSpecification\",\"valueRequired\":true,\"valueName\":\"search_term_string\"}}],\"inLanguage\":\"de\"},{\"@type\":\"Organization\",\"@id\":\"https:\/\/quizzbox.com\/de\/#organization\",\"name\":\"Quizzbox\",\"url\":\"https:\/\/quizzbox.com\/de\/\",\"logo\":{\"@type\":\"ImageObject\",\"inLanguage\":\"de\",\"@id\":\"https:\/\/quizzbox.com\/de\/#\/schema\/logo\/image\/\",\"url\":\"https:\/\/quizzbox.com\/wp-content\/uploads\/2021\/06\/340db54ee7c0ed1quizzbox-entreprises.png\",\"contentUrl\":\"https:\/\/quizzbox.com\/wp-content\/uploads\/2021\/06\/340db54ee7c0ed1quizzbox-entreprises.png\",\"width\":2108,\"height\":688,\"caption\":\"Quizzbox\"},\"image\":{\"@id\":\"https:\/\/quizzbox.com\/de\/#\/schema\/logo\/image\/\"}}]}<\/script>\n<!-- \/ Yoast SEO plugin. -->","yoast_head_json":{"title":"Demo\/Angebot - Quizzbox","robots":{"index":"index","follow":"follow","max-snippet":"max-snippet:-1","max-image-preview":"max-image-preview:large","max-video-preview":"max-video-preview:-1"},"canonical":"https:\/\/quizzbox.com\/de\/demo-angebot\/","og_locale":"de_DE","og_type":"article","og_title":"Demo\/Angebot - Quizzbox","og_description":"Institution * AnredeFrauHerr Vorname * Nachname * E-Mail * Telefon LandDeutchlandEnglishFrenchOther Adresse PLZ Stadt Sie m\u00f6chten : Einen Termin f\u00fcr eine Online-Demo vereinbarenEin schriftliches Angebot erhaltenEinen telefonischen R\u00fcckruf Wof\u00fcr m\u00f6chten Sie QuizzBox einsetzen? * Fort- und WeiterbildungAssemblyExamens\/certificationsEventLehre Weitere Informationen : Ich best\u00e4tige, dass ich die Datenschutzerkl\u00e4rung zur Kenntnis genommen habe und mit der darin beschriebenen [&hellip;]","og_url":"https:\/\/quizzbox.com\/de\/demo-angebot\/","og_site_name":"Quizzbox","article_modified_time":"2025-02-04T17:06:29+00:00","twitter_card":"summary_large_image","schema":{"@context":"https:\/\/schema.org","@graph":[{"@type":"WebPage","@id":"https:\/\/quizzbox.com\/de\/demo-angebot\/","url":"https:\/\/quizzbox.com\/de\/demo-angebot\/","name":"Demo\/Angebot - Quizzbox","isPartOf":{"@id":"https:\/\/quizzbox.com\/de\/#website"},"datePublished":"2025-02-04T07:55:26+00:00","dateModified":"2025-02-04T17:06:29+00:00","breadcrumb":{"@id":"https:\/\/quizzbox.com\/de\/demo-angebot\/#breadcrumb"},"inLanguage":"de","potentialAction":[{"@type":"ReadAction","target":["https:\/\/quizzbox.com\/de\/demo-angebot\/"]}]},{"@type":"BreadcrumbList","@id":"https:\/\/quizzbox.com\/de\/demo-angebot\/#breadcrumb","itemListElement":[{"@type":"ListItem","position":1,"name":"Accueil","item":"https:\/\/quizzbox.com\/de\/"},{"@type":"ListItem","position":2,"name":"Demo\/Angebot"}]},{"@type":"WebSite","@id":"https:\/\/quizzbox.com\/de\/#website","url":"https:\/\/quizzbox.com\/de\/","name":"Quizzbox","description":"Boitier de vote et vote en ligne","publisher":{"@id":"https:\/\/quizzbox.com\/de\/#organization"},"potentialAction":[{"@type":"SearchAction","target":{"@type":"EntryPoint","urlTemplate":"https:\/\/quizzbox.com\/de\/?s={search_term_string}"},"query-input":{"@type":"PropertyValueSpecification","valueRequired":true,"valueName":"search_term_string"}}],"inLanguage":"de"},{"@type":"Organization","@id":"https:\/\/quizzbox.com\/de\/#organization","name":"Quizzbox","url":"https:\/\/quizzbox.com\/de\/","logo":{"@type":"ImageObject","inLanguage":"de","@id":"https:\/\/quizzbox.com\/de\/#\/schema\/logo\/image\/","url":"https:\/\/quizzbox.com\/wp-content\/uploads\/2021\/06\/340db54ee7c0ed1quizzbox-entreprises.png","contentUrl":"https:\/\/quizzbox.com\/wp-content\/uploads\/2021\/06\/340db54ee7c0ed1quizzbox-entreprises.png","width":2108,"height":688,"caption":"Quizzbox"},"image":{"@id":"https:\/\/quizzbox.com\/de\/#\/schema\/logo\/image\/"}}]}},"_links":{"self":[{"href":"https:\/\/quizzbox.com\/de\/wp-json\/wp\/v2\/pages\/8210","targetHints":{"allow":["GET"]}}],"collection":[{"href":"https:\/\/quizzbox.com\/de\/wp-json\/wp\/v2\/pages"}],"about":[{"href":"https:\/\/quizzbox.com\/de\/wp-json\/wp\/v2\/types\/page"}],"author":[{"embeddable":true,"href":"https:\/\/quizzbox.com\/de\/wp-json\/wp\/v2\/users\/15"}],"replies":[{"embeddable":true,"href":"https:\/\/quizzbox.com\/de\/wp-json\/wp\/v2\/comments?post=8210"}],"version-history":[{"count":16,"href":"https:\/\/quizzbox.com\/de\/wp-json\/wp\/v2\/pages\/8210\/revisions"}],"predecessor-version":[{"id":8253,"href":"https:\/\/quizzbox.com\/de\/wp-json\/wp\/v2\/pages\/8210\/revisions\/8253"}],"wp:attachment":[{"href":"https:\/\/quizzbox.com\/de\/wp-json\/wp\/v2\/media?parent=8210"}],"curies":[{"name":"wp","href":"https:\/\/api.w.org\/{rel}","templated":true}]}}