{"id":5411,"date":"2022-01-20T13:34:35","date_gmt":"2022-01-20T12:34:35","guid":{"rendered":"https:\/\/quizzbox.com\/contact-us\/"},"modified":"2025-02-04T09:16:12","modified_gmt":"2025-02-04T08:16:12","slug":"contact-us","status":"publish","type":"page","link":"https:\/\/quizzbox.com\/en\/contact-us\/","title":{"rendered":"Contact us"},"content":{"rendered":"\t\t<div data-elementor-type=\"wp-page\" data-elementor-id=\"5411\" class=\"elementor elementor-5411 elementor-361\" data-elementor-post-type=\"page\">\n\t\t\t\t\t\t<section class=\"elementor-section elementor-top-section elementor-element elementor-element-f9a9882 elementor-section-height-min-height elementor-section-boxed elementor-section-height-default elementor-section-items-middle\" data-id=\"f9a9882\" data-element_type=\"section\">\n\t\t\t\t\t\t<div class=\"elementor-container elementor-column-gap-default\">\n\t\t\t\t\t<div class=\"elementor-column elementor-col-100 elementor-top-column elementor-element elementor-element-02174e9\" data-id=\"02174e9\" data-element_type=\"column\">\n\t\t\t<div class=\"elementor-widget-wrap elementor-element-populated\">\n\t\t\t\t\t\t<div class=\"elementor-element elementor-element-8bbb21a elementor-widget elementor-widget-heading\" data-id=\"8bbb21a\" data-element_type=\"widget\" data-widget_type=\"heading.default\">\n\t\t\t\t<div class=\"elementor-widget-container\">\n\t\t\t\t\t<h1 class=\"elementor-heading-title elementor-size-default\">Contact request<\/h1>\t\t\t\t<\/div>\n\t\t\t\t<\/div>\n\t\t\t\t\t<\/div>\n\t\t<\/div>\n\t\t\t\t\t<\/div>\n\t\t<\/section>\n\t\t\t\t<section class=\"elementor-section elementor-top-section elementor-element elementor-element-7beb3d4 elementor-section-boxed elementor-section-height-default elementor-section-height-default\" data-id=\"7beb3d4\" data-element_type=\"section\">\n\t\t\t\t\t\t<div class=\"elementor-container elementor-column-gap-default\">\n\t\t\t\t\t<div class=\"elementor-column elementor-col-50 elementor-top-column elementor-element elementor-element-e50c34d\" data-id=\"e50c34d\" data-element_type=\"column\" data-settings=\"{&quot;background_background&quot;:&quot;classic&quot;}\">\n\t\t\t<div class=\"elementor-widget-wrap elementor-element-populated\">\n\t\t\t\t\t\t<div class=\"elementor-element elementor-element-e3a14be elementor-widget elementor-widget-heading\" data-id=\"e3a14be\" data-element_type=\"widget\" data-widget_type=\"heading.default\">\n\t\t\t\t<div class=\"elementor-widget-container\">\n\t\t\t\t\t<h2 class=\"elementor-heading-title elementor-size-default\">Do you have a question?<\/h2>\t\t\t\t<\/div>\n\t\t\t\t<\/div>\n\t\t\t\t<div class=\"elementor-element elementor-element-038ca52 elementor-widget elementor-widget-html\" data-id=\"038ca52\" data-element_type=\"widget\" data-widget_type=\"html.default\">\n\t\t\t\t<div class=\"elementor-widget-container\">\n\t\t\t\t\t<form action=\"https:\/\/webto.salesforce.com\/servlet\/servlet.WebToLead?encoding=UTF-8&orgId=00D7Q000003Q3Wk\" onsubmit=\"return validateRecaptcha();\" method=\"POST\">\r\n\r\n<input type=hidden name='captcha_settings' value='{\"keyname\":\"Site_internet_Quizzbox\",\"fallback\":\"true\",\"orgId\":\"00D7Q000003Q3Wk\",\"ts\":\"\"}'>\r\n\r\n<input type=hidden name=\"oid\" value=\"00D7Q000003Q3Wk\">\r\n<input type=hidden name=\"retURL\" value=\"https:\/\/quizzbox.com\/en\/thank-you\">\r\n\r\n\r\n<label for=\"company\">Organization *<\/label><input  id=\"company\" maxlength=\"40\" name=\"company\" size=\"20\" type=\"text\" \/><br>\r\n\r\n<label for=\"salutation\">Salutation<\/label><select  id=\"salutation\" name=\"salutation\"><option value=\"Mme\">Mrs<\/option>\r\n<option value=\"M\">Mr<\/option>\r\n<\/select>\r\n\r\n<label for=\"first_name\">First name *<\/label><input  id=\"first_name\" maxlength=\"40\" name=\"first_name\" size=\"20\" type=\"text\" \/><br>\r\n<label for=\"last_name\">Surname *<\/label><input  id=\"last_name\" maxlength=\"80\" name=\"last_name\" size=\"20\" type=\"text\" \/><br>\r\n<label for=\"email\">E-Mail *<\/label><input  id=\"email\" maxlength=\"80\" name=\"email\" size=\"20\" type=\"text\" \/><br>\r\n<label for=\"phone\">Phone number *<\/label><input  id=\"phone\" maxlength=\"40\" name=\"phone\" size=\"20\" type=\"text\" \/><br>\r\n\r\n<label for=\"country_code\">Country *<\/label><select  id=\"country_code\" name=\"country_code\"><option value=\"EN\">United Kingdom<\/option>\r\n<option value=\"US\">United States<\/option>\r\n<option value=\"DE\">Germany<\/option>\r\n<option value=\"FR\">French<\/option>\r\n<option value=\"\">Other<\/option>\r\n<\/select>\r\n\r\n<label for=\"street\">Address<\/label><textarea name=\"street\"><\/textarea><br>\r\n<label for=\"zip\">Zip Code<\/label><input  id=\"zip\" maxlength=\"20\" name=\"zip\" size=\"20\" type=\"text\" \/><br>\r\n<label for=\"city\">City<\/label><input  id=\"city\" maxlength=\"40\" name=\"city\" size=\"20\" type=\"text\" \/><br>\r\n\r\n<label for=\"00NSm00000HyHvS\">I would like :<\/label>\r\n<select id=\"00NSm00000HyHvS\" name=\"00NSm00000HyHvS\" >\r\n\t\t<option value=\"online-demo\">To arrange an appointment for an online demo<\/option>\r\n        <option value=\"written-quote\">A written quote<\/option>\r\n        <option value=\"phone-callback\">A phone callback<\/option>\r\n\t<\/select>\r\n<label for=\"00N7Q00000GZ1ay\">For which purpose do you want to use QuizzBox? * <\/label>\r\n<select  id=\"00N7Q00000GZ1ay\" name=\"00N7Q00000GZ1ay\" title=\"Persona\">\r\n<option value=\"Formation\">Corporate training<\/option>\r\n<option value=\"Assembl\u00e9e\">General assembly<\/option>\r\n<option value=\"Examen \/ certification\">Examination \/ certification<\/option>\r\n<option value=\"\u00c9v\u00e9nementiel\">Event<\/option>\r\n<option value=\"Education\">Teaching<\/option>\r\n\r\n<\/select>\r\n\r\n<label for=\"00N7Q00000GbGtk\">Further information :<\/label><textarea  id=\"00N7Q00000GbGtk\" name=\"00N7Q00000GbGtk\" rows=\"4\" type=\"text\" wrap=\"soft\"><\/textarea>\r\n<br>\r\n<input required type=\"checkbox\" style=\"margin-right:10px;\" name=\"rgpd\" id=\"rgpd\" value=\"333711\" onchange=\"\">\r\n<label  style=\"font-size:14px; margin-bottom:15px;\" class=\"\" for=\"rgpd\">I confirm that I have read the <a href=\"https:\/\/votebox.com\/en\/legal-notice\/\" target=\"_blank\">privacy policy<\/a> and consent to having this website store my submitted information so they can respond to my inquiry.<\/label>\r\n\r\n<input type=\"hidden\" id=\"00N7Q00000JnXUZ\" name=\"00N7Q00000JnXUZ\" title=\"GCLID\" value=\"\" \/>\r\n<input type=\"hidden\" id=\"00N7Q00000GZ1aw\" name=\"00N7Q00000GZ1aw\" title=\"Int\u00e9r\u00eat produit\" value=\"Quizzbox\" \/>\r\n<input type=\"hidden\"  id=\"00N7Q00000GZ1ax\" name=\"00N7Q00000GZ1ax\" title=\"Langue\" value=\"en_US\" \/>\r\n<input type=\"hidden\" id=\"lead_source\" name=\"lead_source\" value=\"Site Internet\" \/>\r\n<input type=\"hidden\"  id=\"00N7Q00000GZ1az\" name=\"00N7Q00000GZ1az\" title=\"Sous-origine\" value=\"Site Quizzbox\" \/>\r\n<input type=\"hidden\"  id=\"00N7Q00000Gba0J\" name=\"00N7Q00000Gba0J\" title=\"Entit\u00e9 piste\" value=\"France\" \/>\r\n\r\n<script src=\"https:\/\/www.google.com\/recaptcha\/api.js?hl=en\" async defer><\/script>\r\n\r\n<!-- Afficher le reCAPTCHA -->\r\n\r\n<div class=\"g-recaptcha\" data-sitekey=\"6Le6xRYTAAAAAPltMiwHLHEPag3H0QrKGdp_cuvI\"><\/div>\r\n<br><script>\r\n    document.querySelector('form').addEventListener('submit', function(event) {\r\n        \/\/ V\u00e9rifier si le CAPTCHA a \u00e9t\u00e9 valid\u00e9\r\n        var response = grecaptcha.getResponse();\r\n        if (response.length === 0) {\r\n            event.preventDefault(); \/\/ Emp\u00eache la soumission du formulaire\r\n            alert('Veuillez confirmer que vous n\u2019\u00eates pas un robot.');\r\n        }\r\n    });\r\n<\/script>\r\n\r\n<input value=\"Send\" type=\"submit\" name=\"submit\">\r\n<\/form>\t\t\t\t<\/div>\n\t\t\t\t<\/div>\n\t\t\t\t\t<\/div>\n\t\t<\/div>\n\t\t\t\t<div class=\"elementor-column elementor-col-50 elementor-top-column elementor-element elementor-element-2b978d6\" data-id=\"2b978d6\" data-element_type=\"column\">\n\t\t\t<div class=\"elementor-widget-wrap elementor-element-populated\">\n\t\t\t\t\t\t<div class=\"elementor-element elementor-element-5450e79 elementor-widget elementor-widget-heading\" data-id=\"5450e79\" data-element_type=\"widget\" data-widget_type=\"heading.default\">\n\t\t\t\t<div class=\"elementor-widget-container\">\n\t\t\t\t\t<h2 class=\"elementor-heading-title elementor-size-default\">You need support<\/h2>\t\t\t\t<\/div>\n\t\t\t\t<\/div>\n\t\t\t\t<div class=\"elementor-element elementor-element-ebe224c elementor-widget__width-initial elementor-widget elementor-widget-text-editor\" data-id=\"ebe224c\" data-element_type=\"widget\" data-widget_type=\"text-editor.default\">\n\t\t\t\t<div class=\"elementor-widget-container\">\n\t\t\t\t\t\t\t\t\t<p><strong>Phone number:<\/strong> +33 4 73 14 32 82<\/p>\n<p><strong>E-mail:<\/strong> support@quizzbox.com<\/p>\n<p><strong>Availability:<\/strong> monday-friday 8:30 &#8211; 12:00 AM, 13:30-17:30 PM<\/p>\t\t\t\t\t\t\t\t<\/div>\n\t\t\t\t<\/div>\n\t\t\t\t<div class=\"elementor-element elementor-element-8a2166a de-only elementor-widget elementor-widget-heading\" data-id=\"8a2166a\" data-element_type=\"widget\" data-widget_type=\"heading.default\">\n\t\t\t\t<div class=\"elementor-widget-container\">\n\t\t\t\t\t<h2 class=\"elementor-heading-title elementor-size-default\">Stuttgart<\/h2>\t\t\t\t<\/div>\n\t\t\t\t<\/div>\n\t\t\t\t<div class=\"elementor-element elementor-element-d41365a de-only elementor-widget elementor-widget-google_maps\" data-id=\"d41365a\" data-element_type=\"widget\" data-widget_type=\"google_maps.default\">\n\t\t\t\t<div class=\"elementor-widget-container\">\n\t\t\t\t\t\t\t<div class=\"elementor-custom-embed\">\n\t\t\t<iframe loading=\"lazy\"\n\t\t\t\t\tsrc=\"https:\/\/maps.google.com\/maps?q=quizzbox%20M%C3%B6hringer%20Landstrasse%2C%20stuttgart&#038;t=m&#038;z=10&#038;output=embed&#038;iwloc=near\"\n\t\t\t\t\ttitle=\"quizzbox M\u00f6hringer Landstrasse, stuttgart\"\n\t\t\t\t\taria-label=\"quizzbox M\u00f6hringer Landstrasse, stuttgart\"\n\t\t\t><\/iframe>\n\t\t<\/div>\n\t\t\t\t\t\t<\/div>\n\t\t\t\t<\/div>\n\t\t\t\t<div class=\"elementor-element elementor-element-f56447d elementor-widget elementor-widget-heading\" data-id=\"f56447d\" data-element_type=\"widget\" data-widget_type=\"heading.default\">\n\t\t\t\t<div class=\"elementor-widget-container\">\n\t\t\t\t\t<h2 class=\"elementor-heading-title elementor-size-default\">Paris<\/h2>\t\t\t\t<\/div>\n\t\t\t\t<\/div>\n\t\t\t\t<div class=\"elementor-element elementor-element-1f077c5 elementor-widget elementor-widget-google_maps\" data-id=\"1f077c5\" data-element_type=\"widget\" data-widget_type=\"google_maps.default\">\n\t\t\t\t<div class=\"elementor-widget-container\">\n\t\t\t\t\t\t\t<div class=\"elementor-custom-embed\">\n\t\t\t<iframe loading=\"lazy\"\n\t\t\t\t\tsrc=\"https:\/\/maps.google.com\/maps?q=Rue%20monge%20paris&#038;t=m&#038;z=10&#038;output=embed&#038;iwloc=near\"\n\t\t\t\t\ttitle=\"Rue monge paris\"\n\t\t\t\t\taria-label=\"Rue monge paris\"\n\t\t\t><\/iframe>\n\t\t<\/div>\n\t\t\t\t\t\t<\/div>\n\t\t\t\t<\/div>\n\t\t\t\t<div class=\"elementor-element elementor-element-4006bdc elementor-widget elementor-widget-heading\" data-id=\"4006bdc\" data-element_type=\"widget\" data-widget_type=\"heading.default\">\n\t\t\t\t<div class=\"elementor-widget-container\">\n\t\t\t\t\t<h2 class=\"elementor-heading-title elementor-size-default\">Clermont-Ferrand<\/h2>\t\t\t\t<\/div>\n\t\t\t\t<\/div>\n\t\t\t\t<div class=\"elementor-element elementor-element-6959a56 elementor-widget elementor-widget-google_maps\" data-id=\"6959a56\" data-element_type=\"widget\" data-widget_type=\"google_maps.default\">\n\t\t\t\t<div class=\"elementor-widget-container\">\n\t\t\t\t\t\t\t<div class=\"elementor-custom-embed\">\n\t\t\t<iframe loading=\"lazy\"\n\t\t\t\t\tsrc=\"https:\/\/maps.google.com\/maps?q=quizzbox%20Clermont-ferrand&#038;t=m&#038;z=11&#038;output=embed&#038;iwloc=near\"\n\t\t\t\t\ttitle=\"quizzbox Clermont-ferrand\"\n\t\t\t\t\taria-label=\"quizzbox Clermont-ferrand\"\n\t\t\t><\/iframe>\n\t\t<\/div>\n\t\t\t\t\t\t<\/div>\n\t\t\t\t<\/div>\n\t\t\t\t<div class=\"elementor-element elementor-element-780a6da en-only elementor-widget elementor-widget-heading\" data-id=\"780a6da\" data-element_type=\"widget\" data-widget_type=\"heading.default\">\n\t\t\t\t<div class=\"elementor-widget-container\">\n\t\t\t\t\t<h2 class=\"elementor-heading-title elementor-size-default\">Stuttgart<\/h2>\t\t\t\t<\/div>\n\t\t\t\t<\/div>\n\t\t\t\t<div class=\"elementor-element elementor-element-c2b7e1e fr-only elementor-widget elementor-widget-heading\" data-id=\"c2b7e1e\" data-element_type=\"widget\" data-widget_type=\"heading.default\">\n\t\t\t\t<div class=\"elementor-widget-container\">\n\t\t\t\t\t<h2 class=\"elementor-heading-title elementor-size-default\">Stuttgart<\/h2>\t\t\t\t<\/div>\n\t\t\t\t<\/div>\n\t\t\t\t<div class=\"elementor-element elementor-element-473a1b2 en-only elementor-widget elementor-widget-google_maps\" data-id=\"473a1b2\" data-element_type=\"widget\" data-widget_type=\"google_maps.default\">\n\t\t\t\t<div class=\"elementor-widget-container\">\n\t\t\t\t\t\t\t<div class=\"elementor-custom-embed\">\n\t\t\t<iframe loading=\"lazy\"\n\t\t\t\t\tsrc=\"https:\/\/maps.google.com\/maps?q=quizzbox%20M%C3%B6hringer%20Landstrasse%2C%20stuttgart&#038;t=m&#038;z=10&#038;output=embed&#038;iwloc=near\"\n\t\t\t\t\ttitle=\"quizzbox M\u00f6hringer Landstrasse, stuttgart\"\n\t\t\t\t\taria-label=\"quizzbox M\u00f6hringer Landstrasse, stuttgart\"\n\t\t\t><\/iframe>\n\t\t<\/div>\n\t\t\t\t\t\t<\/div>\n\t\t\t\t<\/div>\n\t\t\t\t<div class=\"elementor-element elementor-element-a3f6493 fr-only elementor-widget elementor-widget-google_maps\" data-id=\"a3f6493\" data-element_type=\"widget\" data-widget_type=\"google_maps.default\">\n\t\t\t\t<div class=\"elementor-widget-container\">\n\t\t\t\t\t\t\t<div class=\"elementor-custom-embed\">\n\t\t\t<iframe loading=\"lazy\"\n\t\t\t\t\tsrc=\"https:\/\/maps.google.com\/maps?q=quizzbox%20M%C3%B6hringer%20Landstrasse%2C%20stuttgart&#038;t=m&#038;z=10&#038;output=embed&#038;iwloc=near\"\n\t\t\t\t\ttitle=\"quizzbox M\u00f6hringer Landstrasse, stuttgart\"\n\t\t\t\t\taria-label=\"quizzbox M\u00f6hringer Landstrasse, stuttgart\"\n\t\t\t><\/iframe>\n\t\t<\/div>\n\t\t\t\t\t\t<\/div>\n\t\t\t\t<\/div>\n\t\t\t\t\t<\/div>\n\t\t<\/div>\n\t\t\t\t\t<\/div>\n\t\t<\/section>\n\t\t\t\t<\/div>\n\t\t","protected":false},"excerpt":{"rendered":"<p>Contact request Do you have a question? Organization * SalutationMrsMr First name * Surname * E-Mail * Phone number * Country *United KingdomUnited StatesGermanyFrenchOther Address Zip Code City I would like : To arrange an appointment for an online demoA written quoteA phone callback For which purpose do you want to use QuizzBox? * Corporate [&hellip;]<\/p>\n","protected":false},"author":18,"featured_media":0,"parent":0,"menu_order":0,"comment_status":"closed","ping_status":"closed","template":"elementor_header_footer","meta":{"footnotes":""},"class_list":["post-5411","page","type-page","status-publish","hentry"],"yoast_head":"<!-- This site is optimized with the Yoast SEO plugin v26.2 - https:\/\/yoast.com\/wordpress\/plugins\/seo\/ -->\n<title>Contact Quizzbox Solutions : Interactive voting system<\/title>\n<meta name=\"description\" content=\"Do you have questions regarding Quizzbox? You will find all contact details on this page.\" \/>\n<meta name=\"robots\" content=\"index, follow, max-snippet:-1, max-image-preview:large, max-video-preview:-1\" \/>\n<link rel=\"canonical\" href=\"https:\/\/quizzbox.com\/en\/contact-us\/\" \/>\n<meta property=\"og:locale\" content=\"en_US\" \/>\n<meta property=\"og:type\" content=\"article\" \/>\n<meta property=\"og:title\" content=\"Contact Quizzbox Solutions : Interactive voting system\" \/>\n<meta property=\"og:description\" content=\"Do you have questions regarding Quizzbox? You will find all contact details on this page.\" \/>\n<meta property=\"og:url\" content=\"https:\/\/quizzbox.com\/en\/contact-us\/\" \/>\n<meta property=\"og:site_name\" content=\"Quizzbox\" \/>\n<meta property=\"article:modified_time\" content=\"2025-02-04T08:16:12+00:00\" \/>\n<meta name=\"twitter:card\" content=\"summary_large_image\" \/>\n<meta name=\"twitter:label1\" content=\"Est. reading time\" \/>\n\t<meta name=\"twitter:data1\" content=\"1 minute\" \/>\n<script type=\"application\/ld+json\" class=\"yoast-schema-graph\">{\"@context\":\"https:\/\/schema.org\",\"@graph\":[{\"@type\":\"WebPage\",\"@id\":\"https:\/\/quizzbox.com\/en\/contact-us\/\",\"url\":\"https:\/\/quizzbox.com\/en\/contact-us\/\",\"name\":\"Contact Quizzbox Solutions : Interactive voting system\",\"isPartOf\":{\"@id\":\"https:\/\/quizzbox.com\/en\/#website\"},\"datePublished\":\"2022-01-20T12:34:35+00:00\",\"dateModified\":\"2025-02-04T08:16:12+00:00\",\"description\":\"Do you have questions regarding Quizzbox? You will find all contact details on this page.\",\"breadcrumb\":{\"@id\":\"https:\/\/quizzbox.com\/en\/contact-us\/#breadcrumb\"},\"inLanguage\":\"en-US\",\"potentialAction\":[{\"@type\":\"ReadAction\",\"target\":[\"https:\/\/quizzbox.com\/en\/contact-us\/\"]}]},{\"@type\":\"BreadcrumbList\",\"@id\":\"https:\/\/quizzbox.com\/en\/contact-us\/#breadcrumb\",\"itemListElement\":[{\"@type\":\"ListItem\",\"position\":1,\"name\":\"Accueil\",\"item\":\"https:\/\/quizzbox.com\/en\/home\/\"},{\"@type\":\"ListItem\",\"position\":2,\"name\":\"Contact us\"}]},{\"@type\":\"WebSite\",\"@id\":\"https:\/\/quizzbox.com\/en\/#website\",\"url\":\"https:\/\/quizzbox.com\/en\/\",\"name\":\"Quizzbox\",\"description\":\"Boitier de vote et vote en ligne\",\"publisher\":{\"@id\":\"https:\/\/quizzbox.com\/en\/#organization\"},\"potentialAction\":[{\"@type\":\"SearchAction\",\"target\":{\"@type\":\"EntryPoint\",\"urlTemplate\":\"https:\/\/quizzbox.com\/en\/?s={search_term_string}\"},\"query-input\":{\"@type\":\"PropertyValueSpecification\",\"valueRequired\":true,\"valueName\":\"search_term_string\"}}],\"inLanguage\":\"en-US\"},{\"@type\":\"Organization\",\"@id\":\"https:\/\/quizzbox.com\/en\/#organization\",\"name\":\"Quizzbox\",\"url\":\"https:\/\/quizzbox.com\/en\/\",\"logo\":{\"@type\":\"ImageObject\",\"inLanguage\":\"en-US\",\"@id\":\"https:\/\/quizzbox.com\/en\/#\/schema\/logo\/image\/\",\"url\":\"https:\/\/quizzbox.com\/wp-content\/uploads\/2021\/06\/340db54ee7c0ed1quizzbox-entreprises.png\",\"contentUrl\":\"https:\/\/quizzbox.com\/wp-content\/uploads\/2021\/06\/340db54ee7c0ed1quizzbox-entreprises.png\",\"width\":2108,\"height\":688,\"caption\":\"Quizzbox\"},\"image\":{\"@id\":\"https:\/\/quizzbox.com\/en\/#\/schema\/logo\/image\/\"}}]}<\/script>\n<!-- \/ Yoast SEO plugin. -->","yoast_head_json":{"title":"Contact Quizzbox Solutions : Interactive voting system","description":"Do you have questions regarding Quizzbox? You will find all contact details on this page.","robots":{"index":"index","follow":"follow","max-snippet":"max-snippet:-1","max-image-preview":"max-image-preview:large","max-video-preview":"max-video-preview:-1"},"canonical":"https:\/\/quizzbox.com\/en\/contact-us\/","og_locale":"en_US","og_type":"article","og_title":"Contact Quizzbox Solutions : Interactive voting system","og_description":"Do you have questions regarding Quizzbox? You will find all contact details on this page.","og_url":"https:\/\/quizzbox.com\/en\/contact-us\/","og_site_name":"Quizzbox","article_modified_time":"2025-02-04T08:16:12+00:00","twitter_card":"summary_large_image","twitter_misc":{"Est. reading time":"1 minute"},"schema":{"@context":"https:\/\/schema.org","@graph":[{"@type":"WebPage","@id":"https:\/\/quizzbox.com\/en\/contact-us\/","url":"https:\/\/quizzbox.com\/en\/contact-us\/","name":"Contact Quizzbox Solutions : Interactive voting system","isPartOf":{"@id":"https:\/\/quizzbox.com\/en\/#website"},"datePublished":"2022-01-20T12:34:35+00:00","dateModified":"2025-02-04T08:16:12+00:00","description":"Do you have questions regarding Quizzbox? You will find all contact details on this page.","breadcrumb":{"@id":"https:\/\/quizzbox.com\/en\/contact-us\/#breadcrumb"},"inLanguage":"en-US","potentialAction":[{"@type":"ReadAction","target":["https:\/\/quizzbox.com\/en\/contact-us\/"]}]},{"@type":"BreadcrumbList","@id":"https:\/\/quizzbox.com\/en\/contact-us\/#breadcrumb","itemListElement":[{"@type":"ListItem","position":1,"name":"Accueil","item":"https:\/\/quizzbox.com\/en\/home\/"},{"@type":"ListItem","position":2,"name":"Contact us"}]},{"@type":"WebSite","@id":"https:\/\/quizzbox.com\/en\/#website","url":"https:\/\/quizzbox.com\/en\/","name":"Quizzbox","description":"Boitier de vote et vote en ligne","publisher":{"@id":"https:\/\/quizzbox.com\/en\/#organization"},"potentialAction":[{"@type":"SearchAction","target":{"@type":"EntryPoint","urlTemplate":"https:\/\/quizzbox.com\/en\/?s={search_term_string}"},"query-input":{"@type":"PropertyValueSpecification","valueRequired":true,"valueName":"search_term_string"}}],"inLanguage":"en-US"},{"@type":"Organization","@id":"https:\/\/quizzbox.com\/en\/#organization","name":"Quizzbox","url":"https:\/\/quizzbox.com\/en\/","logo":{"@type":"ImageObject","inLanguage":"en-US","@id":"https:\/\/quizzbox.com\/en\/#\/schema\/logo\/image\/","url":"https:\/\/quizzbox.com\/wp-content\/uploads\/2021\/06\/340db54ee7c0ed1quizzbox-entreprises.png","contentUrl":"https:\/\/quizzbox.com\/wp-content\/uploads\/2021\/06\/340db54ee7c0ed1quizzbox-entreprises.png","width":2108,"height":688,"caption":"Quizzbox"},"image":{"@id":"https:\/\/quizzbox.com\/en\/#\/schema\/logo\/image\/"}}]}},"_links":{"self":[{"href":"https:\/\/quizzbox.com\/en\/wp-json\/wp\/v2\/pages\/5411","targetHints":{"allow":["GET"]}}],"collection":[{"href":"https:\/\/quizzbox.com\/en\/wp-json\/wp\/v2\/pages"}],"about":[{"href":"https:\/\/quizzbox.com\/en\/wp-json\/wp\/v2\/types\/page"}],"author":[{"embeddable":true,"href":"https:\/\/quizzbox.com\/en\/wp-json\/wp\/v2\/users\/18"}],"replies":[{"embeddable":true,"href":"https:\/\/quizzbox.com\/en\/wp-json\/wp\/v2\/comments?post=5411"}],"version-history":[{"count":13,"href":"https:\/\/quizzbox.com\/en\/wp-json\/wp\/v2\/pages\/5411\/revisions"}],"predecessor-version":[{"id":8245,"href":"https:\/\/quizzbox.com\/en\/wp-json\/wp\/v2\/pages\/5411\/revisions\/8245"}],"wp:attachment":[{"href":"https:\/\/quizzbox.com\/en\/wp-json\/wp\/v2\/media?parent=5411"}],"curies":[{"name":"wp","href":"https:\/\/api.w.org\/{rel}","templated":true}]}}