{"id":6736,"date":"2021-06-21T11:35:26","date_gmt":"2021-06-21T09:35:26","guid":{"rendered":"https:\/\/quizzbox.com\/our-story\/"},"modified":"2023-07-19T09:18:27","modified_gmt":"2023-07-19T07:18:27","slug":"our-story","status":"publish","type":"page","link":"https:\/\/quizzbox.com\/en\/our-story\/","title":{"rendered":"Our story"},"content":{"rendered":"\t\t<div data-elementor-type=\"wp-page\" data-elementor-id=\"6736\" class=\"elementor elementor-6736 elementor-31\" data-elementor-post-type=\"page\">\n\t\t\t\t\t\t<section class=\"elementor-section elementor-top-section elementor-element elementor-element-9006fe6 elementor-section-height-min-height elementor-section-boxed elementor-section-height-default elementor-section-items-middle\" data-id=\"9006fe6\" data-element_type=\"section\" data-settings=\"{&quot;background_background&quot;:&quot;classic&quot;}\">\n\t\t\t\t\t\t<div class=\"elementor-container elementor-column-gap-default\">\n\t\t\t\t\t<div class=\"elementor-column elementor-col-100 elementor-top-column elementor-element elementor-element-adcc1b8\" data-id=\"adcc1b8\" data-element_type=\"column\">\n\t\t\t<div class=\"elementor-widget-wrap elementor-element-populated\">\n\t\t\t\t\t\t<div class=\"elementor-element elementor-element-c71c0ef elementor-widget elementor-widget-heading\" data-id=\"c71c0ef\" data-element_type=\"widget\" data-widget_type=\"heading.default\">\n\t\t\t\t<div class=\"elementor-widget-container\">\n\t\t\t\t\t<h1 class=\"elementor-heading-title elementor-size-default\">Our story<\/h1>\t\t\t\t<\/div>\n\t\t\t\t<\/div>\n\t\t\t\t\t<\/div>\n\t\t<\/div>\n\t\t\t\t\t<\/div>\n\t\t<\/section>\n\t\t\t\t<section class=\"elementor-section elementor-top-section elementor-element elementor-element-eafa658 elementor-section-boxed elementor-section-height-default elementor-section-height-default\" data-id=\"eafa658\" data-element_type=\"section\">\n\t\t\t\t\t\t<div class=\"elementor-container elementor-column-gap-default\">\n\t\t\t\t\t<div class=\"elementor-column elementor-col-100 elementor-top-column elementor-element elementor-element-0fc302d\" data-id=\"0fc302d\" data-element_type=\"column\">\n\t\t\t<div class=\"elementor-widget-wrap elementor-element-populated\">\n\t\t\t\t\t\t<div class=\"elementor-element elementor-element-9ea8cff elementor-widget elementor-widget-heading\" data-id=\"9ea8cff\" data-element_type=\"widget\" data-widget_type=\"heading.default\">\n\t\t\t\t<div class=\"elementor-widget-container\">\n\t\t\t\t\t<h2 class=\"elementor-heading-title elementor-size-default\">The origins and history of interactive solutions from Quizzbox Solutions<\/h2>\t\t\t\t<\/div>\n\t\t\t\t<\/div>\n\t\t\t\t<div class=\"elementor-element elementor-element-f019f84 elementor-widget-divider--view-line elementor-widget elementor-widget-divider\" data-id=\"f019f84\" data-element_type=\"widget\" data-widget_type=\"divider.default\">\n\t\t\t\t<div class=\"elementor-widget-container\">\n\t\t\t\t\t\t\t<div class=\"elementor-divider\">\n\t\t\t<span class=\"elementor-divider-separator\">\n\t\t\t\t\t\t<\/span>\n\t\t<\/div>\n\t\t\t\t\t\t<\/div>\n\t\t\t\t<\/div>\n\t\t\t\t<div class=\"elementor-element elementor-element-3180fa6 elementor-widget elementor-widget-text-editor\" data-id=\"3180fa6\" data-element_type=\"widget\" data-widget_type=\"text-editor.default\">\n\t\t\t\t<div class=\"elementor-widget-container\">\n\t\t\t\t\t\t\t\t\t<p>Next Media, the parent company and starting point for Quizzbox Solutions, is a digital services company that was founded in 1988. As the business share of Quizzbox continued to grow, the division separated from Next Media in 2015 to become an independent company: Quizzbox Solutions. For a number of years now, Quizzbox Solutions has been involved in national and international projects with major French companies and with various French ministries, including the ministries of education, defence and labour.<\/p>\n<p>Benefitting from its own in-house training centre, where Quizzbox is used on a daily basis, the company has built up expertise in IT and educational theory. This quickly led it to develop IT tools for teaching support, along with resources for evaluating training and training content. One such tool is <b>Quizzbox<\/b>, an interactive voting system launched in 2001.<\/p>\n<p>Since 2018, our German-speaking customers have been supported by our team in <b>Stuttgart<\/b>, so personalized advice is always close at hand.<\/p>\n<p>The Quizzbox interactive voting system is already being used successfully in many different spheres: in companies, at training and exam centres, in primary schools and high schools, at universities, at events agencies, and many more. Our customers have high standards and are constantly on the lookout for something new, but thanks to our in-house development team we are always able to respond to their specific needs.<\/p>\n\t\t\t\t\t\t\t\t<\/div>\n\t\t\t\t<\/div>\n\t\t\t\t\t<\/div>\n\t\t<\/div>\n\t\t\t\t\t<\/div>\n\t\t<\/section>\n\t\t\t\t<section class=\"elementor-section elementor-top-section elementor-element elementor-element-2fb2927 fr-only elementor-section-boxed elementor-section-height-default elementor-section-height-default\" data-id=\"2fb2927\" data-element_type=\"section\">\n\t\t\t\t\t\t<div class=\"elementor-container elementor-column-gap-default\">\n\t\t\t\t\t<div class=\"elementor-column elementor-col-100 elementor-top-column elementor-element elementor-element-e1449a3\" data-id=\"e1449a3\" data-element_type=\"column\">\n\t\t\t<div class=\"elementor-widget-wrap elementor-element-populated\">\n\t\t\t\t\t\t<div class=\"elementor-element elementor-element-7393599 elementor-widget elementor-widget-heading\" data-id=\"7393599\" data-element_type=\"widget\" data-widget_type=\"heading.default\">\n\t\t\t\t<div class=\"elementor-widget-container\">\n\t\t\t\t\t<h2 class=\"elementor-heading-title elementor-size-default\">Key dates <\/h2>\t\t\t\t<\/div>\n\t\t\t\t<\/div>\n\t\t\t\t<div class=\"elementor-element elementor-element-5a69680 elementor-widget-divider--view-line elementor-widget elementor-widget-divider\" data-id=\"5a69680\" data-element_type=\"widget\" data-widget_type=\"divider.default\">\n\t\t\t\t<div class=\"elementor-widget-container\">\n\t\t\t\t\t\t\t<div class=\"elementor-divider\">\n\t\t\t<span class=\"elementor-divider-separator\">\n\t\t\t\t\t\t<\/span>\n\t\t<\/div>\n\t\t\t\t\t\t<\/div>\n\t\t\t\t<\/div>\n\t\t\t\t<div class=\"elementor-element elementor-element-526c482 elementor-widget elementor-widget-timeline-widget-addon\" data-id=\"526c482\" data-element_type=\"widget\" data-widget_type=\"timeline-widget-addon.default\">\n\t\t\t\t<div class=\"elementor-widget-container\">\n\t\t\t\t\t<!-- ========= Timeline Widget Addon For Elementor 1.6.13 ========= -->\n<div id=\"twae-wrapper-526c482\" class=\"twae-vertical twae-wrapper  twae-both-sided\">   \n    <div class=\"twae-start\"><\/div>    \n    <div id=\"twea-timeline-526c482\" class=\"twae-timeline\" ><!-- Start of Story Repeater Content --><div id=\"story-40699a4\" class=\"twae-story twae-repeater-item twae-story-right twae-story-no-icon\"><!-- Story Label --><div class=\"twae-labels\"><div class=\"twae-label-big\">2001<\/div><\/div><!-- Story Icon --><div class=\"twae-icon\"><\/div><!-- Story Arrow --><div class=\"twae-arrow\"><\/div><!-- Start of Story Content --><div class=\"twae-content\"><!-- Story Title --><div class=\"twae-title\">Quizzbox Version 1<\/div><!-- Story Description --><div class=\"twae-description\"><p>Premi\u00e8re \u00e9tape majeure avec la mise au point de la version du syst\u00e8me de vote Quizzbox 1, qui instaure plusieurs questionnaires \u00e0 partir de PowerPoint ainsi que l\u2019exploitation des r\u00e9sultats dans Excel.<\/p><\/div><\/div><\/div><!-- Start of Story Repeater Content --><div id=\"story-3598444\" class=\"twae-story twae-repeater-item twae-story-left twae-story-no-icon\"><!-- Story Label --><div class=\"twae-labels\"><div class=\"twae-label-big\">2002-2004<\/div><\/div><!-- Story Icon --><div class=\"twae-icon\"><\/div><!-- Story Arrow --><div class=\"twae-arrow\"><\/div><!-- Start of Story Content --><div class=\"twae-content\"><!-- Story Title --><div class=\"twae-title\">Quizzbox Version 2<\/div><!-- Story Description --><div class=\"twae-description\"><p>Quelques ann\u00e9es plus tard, Quizzbox devient leader du march\u00e9 fran\u00e7ais des syst\u00e8mes de vote \u00e0 moins de 60 t\u00e9l\u00e9commandes gr\u00e2ce \u00e0 sa solution Quizzbox 2.<\/p><\/div><\/div><\/div><!-- Start of Story Repeater Content --><div id=\"story-5177204\" class=\"twae-story twae-repeater-item twae-story-right twae-story-no-icon\"><!-- Story Label --><div class=\"twae-labels\"><div class=\"twae-label-big\">2005<\/div><\/div><!-- Story Icon --><div class=\"twae-icon\"><\/div><!-- Story Arrow --><div class=\"twae-arrow\"><\/div><!-- Start of Story Content --><div class=\"twae-content\"><!-- Story Title --><div class=\"twae-title\">Version SSIAP<\/div><!-- Story Description --><div class=\"twae-description\"><p>Depuis\u00a0<strong>2005<\/strong>, mise en place avec le Minist\u00e8re de l\u2019Int\u00e9rieur des examens SSIAP\u00a0: Service de S\u00e9curit\u00e9 Incendie et d'Assistance \u00e0 Personnes. Quizzbox est leader dans ce domaine et g\u00e8re l\u2019int\u00e9gralit\u00e9 du march\u00e9 en France en \u00e9quipant tous les centres d\u2019examens r\u00e9f\u00e9rents.<\/p><\/div><\/div><\/div><!-- Start of Story Repeater Content --><div id=\"story-48c51db\" class=\"twae-story twae-repeater-item twae-story-left twae-story-no-icon\"><!-- Story Label --><div class=\"twae-labels\"><div class=\"twae-label-big\">2007<\/div><\/div><!-- Story Icon --><div class=\"twae-icon\"><\/div><!-- Story Arrow --><div class=\"twae-arrow\"><\/div><!-- Start of Story Content --><div class=\"twae-content\"><!-- Story Title --><div class=\"twae-title\">Prix de l'innovation<\/div><!-- Story Description --><div class=\"twae-description\"><p>Le prix de l\u2019innovation au Salon Pr\u00e9ventica est d\u00e9cern\u00e9 \u00e0 Quizzbox au regard des travaux r\u00e9alis\u00e9s en collaboration avec le groupe Bureau Veritas.<\/p><\/div><\/div><\/div><!-- Start of Story Repeater Content --><div id=\"story-0d72483\" class=\"twae-story twae-repeater-item twae-story-right twae-story-no-icon\"><!-- Story Label --><div class=\"twae-labels\"><div class=\"twae-label-big\">2012<\/div><\/div><!-- Story Icon --><div class=\"twae-icon\"><\/div><!-- Story Arrow --><div class=\"twae-arrow\"><\/div><!-- Start of Story Content --><div class=\"twae-content\"><!-- Story Title --><div class=\"twae-title\">Quizzbox Version 3<\/div><!-- Story Description --><div class=\"twae-description\"><p>Lancement de la version Quizzbox 1000, qui peut piloter des jeux de plus de 1000 t\u00e9l\u00e9commandes simultan\u00e9ment<\/p><\/div><\/div><\/div><!-- Start of Story Repeater Content --><div id=\"story-5e86c96\" class=\"twae-story twae-repeater-item twae-story-left twae-story-no-icon\"><!-- Story Label --><div class=\"twae-labels\"><div class=\"twae-label-big\">2014<\/div><\/div><!-- Story Icon --><div class=\"twae-icon\"><\/div><!-- Story Arrow --><div class=\"twae-arrow\"><\/div><!-- Start of Story Content --><div class=\"twae-content\"><!-- Story Title --><div class=\"twae-title\">Contrat avec l'\u00e9tat : Journ\u00e9e D\u00e9fense citoyennet\u00e9<\/div><!-- Story Description --><div class=\"twae-description\"><p>Quizzbox est retenu par le Minist\u00e8re de la D\u00e9fense pour l\u2019examen de la journ\u00e9e D\u00e9fense et Citoyennet\u00e9, un projet qui se d\u00e9ploie sur la totalit\u00e9 du territoire Fran\u00e7ais, DOM et TOM compris.<\/p>\n<p>Chaque ann\u00e9e, \u00e0 l\u2019occasion de cette journ\u00e9e, 750&nbsp;000 de nos jeunes citoyens fran\u00e7ais prennent en main nos syst\u00e8mes Quizzbox.<\/p>\n<p>Ils passent un test de fran\u00e7ais et les r\u00e9sultats sont ensuite collect\u00e9s et consolid\u00e9s par le Minist\u00e8re de l\u2019Education Nationale qui mesure le taux d\u2019illettrisme en France avec ces donn\u00e9es, par r\u00e9gion et par d\u00e9partement. Le gain de temps est spectaculaire&nbsp;: plus aucune saisie manuelle&nbsp;!<\/p><\/div><\/div><\/div><!-- Start of Story Repeater Content --><div id=\"story-17c10c8\" class=\"twae-story twae-repeater-item twae-story-right twae-story-no-icon\"><!-- Story Label --><div class=\"twae-labels\"><div class=\"twae-label-big\">2016<\/div><\/div><!-- Story Icon --><div class=\"twae-icon\"><\/div><!-- Story Arrow --><div class=\"twae-arrow\"><\/div><!-- Start of Story Content --><div class=\"twae-content\"><!-- Story Title --><div class=\"twae-title\">Version Assembl\u00e9e<\/div><!-- Story Description --><div class=\"twae-description\"><p>Prise en charge des Assembl\u00e9es Pl\u00e9ni\u00e8res de la R\u00e9gion Occitanie. 158 \u00e9lus utilisent les boitiers de vote Quizzbox et votent de 30 \u00e0 50 d\u00e9lib\u00e9rations avec.<\/p><\/div><\/div><\/div><!-- Start of Story Repeater Content --><div id=\"story-346858f\" class=\"twae-story twae-repeater-item twae-story-left twae-story-no-icon\"><!-- Story Label --><div class=\"twae-labels\"><div class=\"twae-label-big\">2017<\/div><\/div><!-- Story Icon --><div class=\"twae-icon\"><\/div><!-- Story Arrow --><div class=\"twae-arrow\"><\/div><!-- Start of Story Content --><div class=\"twae-content\"><!-- Story Title --><div class=\"twae-title\">Version Vid\u00e9o<\/div><!-- Story Description --><div class=\"twae-description\"><p>Lancement de notre solution de vid\u00e9o interactive et participative\u00a0: Quizzbox Vid\u00e9o.<\/p><\/div><\/div><\/div><!-- Start of Story Repeater Content --><div id=\"story-ca9679d\" class=\"twae-story twae-repeater-item twae-story-right twae-story-no-icon\"><!-- Story Label --><div class=\"twae-labels\"><div class=\"twae-label-big\">2018<\/div><\/div><!-- Story Icon --><div class=\"twae-icon\"><\/div><!-- Story Arrow --><div class=\"twae-arrow\"><\/div><!-- Start of Story Content --><div class=\"twae-content\"><!-- Story Title --><div class=\"twae-title\">Filiale Quizzbox Allemagne<\/div><!-- Story Description --><div class=\"twae-description\"><p>Cr\u00e9ation de notre filiale Quizzbox GMBH \u00e0 Stuttgart, Allemagne.<\/p>\n<p>Lancement de Quizzbox Online. Votre boitier de vote Quizzbox d\u00e9sormais disponible sur tous vos appareils connect\u00e9s&nbsp;: smartphones, tablettes, ordinateurs.<\/p><\/div><\/div><\/div><!-- Start of Story Repeater Content --><div id=\"story-23026d1\" class=\"twae-story twae-repeater-item twae-story-left twae-story-no-icon\"><!-- Story Label --><div class=\"twae-labels\"><div class=\"twae-label-big\">2019<\/div><\/div><!-- Story Icon --><div class=\"twae-icon\"><\/div><!-- Story Arrow --><div class=\"twae-arrow\"><\/div><!-- Start of Story Content --><div class=\"twae-content\"><!-- Story Title --><div class=\"twae-title\">Projet Le moutard<\/div><!-- Story Description --><div class=\"twae-description\"><p>Lancement d'expo-quiz\u00ae, un support d\u2019animation qui permet d\u2019organiser et d\u2019animer, de mani\u00e8re autonome, des temps d\u2019\u00e9changes et de r\u00e9flexion entre enfants, entre adolescents et entre adultes sur des sujets de soci\u00e9t\u00e9.<\/p><\/div><\/div><\/div><!-- Start of Story Repeater Content --><div id=\"story-04494df\" class=\"twae-story twae-repeater-item twae-story-right twae-story-no-icon\"><!-- Story Label --><div class=\"twae-labels\"><div class=\"twae-label-big\">2020<\/div><\/div><!-- Story Icon --><div class=\"twae-icon\"><\/div><!-- Story Arrow --><div class=\"twae-arrow\"><\/div><!-- Start of Story Content --><div class=\"twae-content\"><!-- Story Title --><div class=\"twae-title\">Votebox : Leader national<\/div><!-- Story Description --><div class=\"twae-description\"><p>Suite \u00e0 la pand\u00e9mie de la Covid 19, Quizzbox version assembl\u00e9e devient Votebox et permet le vote \u00e0 distance ou hybride permettant ainsi \u00e0 des milliers d'assembl\u00e9es de collectivit\u00e9s, d'associations, et de copropri\u00e9t\u00e9s de maintenir leurs activit\u00e9s.<\/p>\n<p>Votebox convainc et se place leader sur le march\u00e9 du vote \u00e9lectronique<\/p><\/div><\/div><\/div><\/div>\n    <div class=\"twae-end\"><\/div>\n    <\/div><style type=\"text\/css\">.elementor-6736 .elementor-element.elementor-element-526c482 .twae-wrapper.twae-vertical .twae-story{margin-bottom:60px!important}.elementor-6736 .elementor-element.elementor-element-526c482 .twae-wrapper{--tw-cbx-title-color:#E88C43;}.elementor-6736 .elementor-element.elementor-element-526c482 .twae-wrapper{--tw-lbl-big-color:#000000;}.elementor-6736 .elementor-element.elementor-element-526c482 .twae-wrapper{--tw-cbx-des-color:#000000;}.elementor-6736 .elementor-element.elementor-element-526c482 .twae-wrapper{--tw-cbx-bg:#FFFFFF}.elementor-6736 .elementor-element.elementor-element-526c482 .twae-wrapper{--tw-line-bg:#E88C43}.elementor-6736 .elementor-element.elementor-element-526c482 .twae-label-big{}@media (max-width: 1024px){ .twae-wrapper{--tw-ybx-size: 80px !important;}}@media (max-width: 767px){ .twae-wrapper{--tw-ybx-size: 80px !important}}<\/style>\t\t\t\t<\/div>\n\t\t\t\t<\/div>\n\t\t\t\t\t<\/div>\n\t\t<\/div>\n\t\t\t\t\t<\/div>\n\t\t<\/section>\n\t\t\t\t<section class=\"elementor-section elementor-top-section elementor-element elementor-element-7c579d2b elementor-section-boxed elementor-section-height-default elementor-section-height-default elementor-invisible\" data-id=\"7c579d2b\" data-element_type=\"section\" data-settings=\"{&quot;background_background&quot;:&quot;classic&quot;,&quot;animation&quot;:&quot;fadeInUp&quot;}\">\n\t\t\t\t\t\t<div class=\"elementor-container elementor-column-gap-default\">\n\t\t\t\t\t<div class=\"elementor-column elementor-col-100 elementor-top-column elementor-element elementor-element-37338b58\" data-id=\"37338b58\" data-element_type=\"column\">\n\t\t\t<div class=\"elementor-widget-wrap elementor-element-populated\">\n\t\t\t\t\t\t<div class=\"elementor-element elementor-element-73a5c64e elementor-widget elementor-widget-heading\" data-id=\"73a5c64e\" data-element_type=\"widget\" data-widget_type=\"heading.default\">\n\t\t\t\t<div class=\"elementor-widget-container\">\n\t\t\t\t\t<h2 class=\"elementor-heading-title elementor-size-default\">Would you like to find out more about our prices or book a demo?<\/h2>\t\t\t\t<\/div>\n\t\t\t\t<\/div>\n\t\t\t\t<div class=\"elementor-element elementor-element-39262cfa elementor-align-center elementor-widget elementor-widget-button\" data-id=\"39262cfa\" data-element_type=\"widget\" data-widget_type=\"button.default\">\n\t\t\t\t<div class=\"elementor-widget-container\">\n\t\t\t\t\t\t\t\t\t<div class=\"elementor-button-wrapper\">\n\t\t\t\t\t<a class=\"elementor-button elementor-button-link elementor-size-xl elementor-animation-grow\" href=\"https:\/\/quizzbox.com\/en\/demande-de-devis-demo\/\">\n\t\t\t\t\t\t<span class=\"elementor-button-content-wrapper\">\n\t\t\t\t\t\t\t\t\t<span class=\"elementor-button-text\">Request a demo\/quote<\/span>\n\t\t\t\t\t<\/span>\n\t\t\t\t\t<\/a>\n\t\t\t\t<\/div>\n\t\t\t\t\t\t\t\t<\/div>\n\t\t\t\t<\/div>\n\t\t\t\t\t<\/div>\n\t\t<\/div>\n\t\t\t\t\t<\/div>\n\t\t<\/section>\n\t\t\t\t<\/div>\n\t\t","protected":false},"excerpt":{"rendered":"<p>Our story The origins and history of interactive solutions from Quizzbox Solutions Next Media, the parent company and starting point for Quizzbox Solutions, is a digital services company that was founded in 1988. As the business share of Quizzbox continued to grow, the division separated from Next Media in 2015 to become an independent company: [&hellip;]<\/p>\n","protected":false},"author":18,"featured_media":0,"parent":0,"menu_order":0,"comment_status":"closed","ping_status":"closed","template":"elementor_header_footer","meta":{"footnotes":""},"class_list":["post-6736","page","type-page","status-publish","hentry"],"yoast_head":"<!-- This site is optimized with the Yoast SEO plugin v26.2 - https:\/\/yoast.com\/wordpress\/plugins\/seo\/ -->\n<title>Who we are<\/title>\n<meta name=\"description\" content=\"The origins and history of interactive solutions from Quizzbox Solutions\" \/>\n<meta name=\"robots\" content=\"index, follow, max-snippet:-1, max-image-preview:large, max-video-preview:-1\" \/>\n<link rel=\"canonical\" href=\"https:\/\/quizzbox.com\/en\/our-story\/\" \/>\n<meta property=\"og:locale\" content=\"en_US\" \/>\n<meta property=\"og:type\" content=\"article\" \/>\n<meta property=\"og:title\" content=\"Who we are\" \/>\n<meta property=\"og:description\" content=\"The origins and history of interactive solutions from Quizzbox Solutions\" \/>\n<meta property=\"og:url\" content=\"https:\/\/quizzbox.com\/en\/our-story\/\" \/>\n<meta property=\"og:site_name\" content=\"Quizzbox\" \/>\n<meta property=\"article:modified_time\" content=\"2023-07-19T07:18:27+00:00\" \/>\n<meta name=\"twitter:card\" content=\"summary_large_image\" \/>\n<meta name=\"twitter:label1\" content=\"Est. reading time\" \/>\n\t<meta name=\"twitter:data1\" content=\"4 minutes\" \/>\n<script type=\"application\/ld+json\" class=\"yoast-schema-graph\">{\"@context\":\"https:\/\/schema.org\",\"@graph\":[{\"@type\":\"WebPage\",\"@id\":\"https:\/\/quizzbox.com\/en\/our-story\/\",\"url\":\"https:\/\/quizzbox.com\/en\/our-story\/\",\"name\":\"Who we are\",\"isPartOf\":{\"@id\":\"https:\/\/quizzbox.com\/en\/#website\"},\"datePublished\":\"2021-06-21T09:35:26+00:00\",\"dateModified\":\"2023-07-19T07:18:27+00:00\",\"description\":\"The origins and history of interactive solutions from Quizzbox Solutions\",\"breadcrumb\":{\"@id\":\"https:\/\/quizzbox.com\/en\/our-story\/#breadcrumb\"},\"inLanguage\":\"en-US\",\"potentialAction\":[{\"@type\":\"ReadAction\",\"target\":[\"https:\/\/quizzbox.com\/en\/our-story\/\"]}]},{\"@type\":\"BreadcrumbList\",\"@id\":\"https:\/\/quizzbox.com\/en\/our-story\/#breadcrumb\",\"itemListElement\":[{\"@type\":\"ListItem\",\"position\":1,\"name\":\"Accueil\",\"item\":\"https:\/\/quizzbox.com\/en\/home\/\"},{\"@type\":\"ListItem\",\"position\":2,\"name\":\"Our story\"}]},{\"@type\":\"WebSite\",\"@id\":\"https:\/\/quizzbox.com\/en\/#website\",\"url\":\"https:\/\/quizzbox.com\/en\/\",\"name\":\"Quizzbox\",\"description\":\"Boitier de vote et vote en ligne\",\"publisher\":{\"@id\":\"https:\/\/quizzbox.com\/en\/#organization\"},\"potentialAction\":[{\"@type\":\"SearchAction\",\"target\":{\"@type\":\"EntryPoint\",\"urlTemplate\":\"https:\/\/quizzbox.com\/en\/?s={search_term_string}\"},\"query-input\":{\"@type\":\"PropertyValueSpecification\",\"valueRequired\":true,\"valueName\":\"search_term_string\"}}],\"inLanguage\":\"en-US\"},{\"@type\":\"Organization\",\"@id\":\"https:\/\/quizzbox.com\/en\/#organization\",\"name\":\"Quizzbox\",\"url\":\"https:\/\/quizzbox.com\/en\/\",\"logo\":{\"@type\":\"ImageObject\",\"inLanguage\":\"en-US\",\"@id\":\"https:\/\/quizzbox.com\/en\/#\/schema\/logo\/image\/\",\"url\":\"https:\/\/quizzbox.com\/wp-content\/uploads\/2021\/06\/340db54ee7c0ed1quizzbox-entreprises.png\",\"contentUrl\":\"https:\/\/quizzbox.com\/wp-content\/uploads\/2021\/06\/340db54ee7c0ed1quizzbox-entreprises.png\",\"width\":2108,\"height\":688,\"caption\":\"Quizzbox\"},\"image\":{\"@id\":\"https:\/\/quizzbox.com\/en\/#\/schema\/logo\/image\/\"}}]}<\/script>\n<!-- \/ Yoast SEO plugin. -->","yoast_head_json":{"title":"Who we are","description":"The origins and history of interactive solutions from Quizzbox Solutions","robots":{"index":"index","follow":"follow","max-snippet":"max-snippet:-1","max-image-preview":"max-image-preview:large","max-video-preview":"max-video-preview:-1"},"canonical":"https:\/\/quizzbox.com\/en\/our-story\/","og_locale":"en_US","og_type":"article","og_title":"Who we are","og_description":"The origins and history of interactive solutions from Quizzbox Solutions","og_url":"https:\/\/quizzbox.com\/en\/our-story\/","og_site_name":"Quizzbox","article_modified_time":"2023-07-19T07:18:27+00:00","twitter_card":"summary_large_image","twitter_misc":{"Est. reading time":"4 minutes"},"schema":{"@context":"https:\/\/schema.org","@graph":[{"@type":"WebPage","@id":"https:\/\/quizzbox.com\/en\/our-story\/","url":"https:\/\/quizzbox.com\/en\/our-story\/","name":"Who we are","isPartOf":{"@id":"https:\/\/quizzbox.com\/en\/#website"},"datePublished":"2021-06-21T09:35:26+00:00","dateModified":"2023-07-19T07:18:27+00:00","description":"The origins and history of interactive solutions from Quizzbox Solutions","breadcrumb":{"@id":"https:\/\/quizzbox.com\/en\/our-story\/#breadcrumb"},"inLanguage":"en-US","potentialAction":[{"@type":"ReadAction","target":["https:\/\/quizzbox.com\/en\/our-story\/"]}]},{"@type":"BreadcrumbList","@id":"https:\/\/quizzbox.com\/en\/our-story\/#breadcrumb","itemListElement":[{"@type":"ListItem","position":1,"name":"Accueil","item":"https:\/\/quizzbox.com\/en\/home\/"},{"@type":"ListItem","position":2,"name":"Our story"}]},{"@type":"WebSite","@id":"https:\/\/quizzbox.com\/en\/#website","url":"https:\/\/quizzbox.com\/en\/","name":"Quizzbox","description":"Boitier de vote et vote en ligne","publisher":{"@id":"https:\/\/quizzbox.com\/en\/#organization"},"potentialAction":[{"@type":"SearchAction","target":{"@type":"EntryPoint","urlTemplate":"https:\/\/quizzbox.com\/en\/?s={search_term_string}"},"query-input":{"@type":"PropertyValueSpecification","valueRequired":true,"valueName":"search_term_string"}}],"inLanguage":"en-US"},{"@type":"Organization","@id":"https:\/\/quizzbox.com\/en\/#organization","name":"Quizzbox","url":"https:\/\/quizzbox.com\/en\/","logo":{"@type":"ImageObject","inLanguage":"en-US","@id":"https:\/\/quizzbox.com\/en\/#\/schema\/logo\/image\/","url":"https:\/\/quizzbox.com\/wp-content\/uploads\/2021\/06\/340db54ee7c0ed1quizzbox-entreprises.png","contentUrl":"https:\/\/quizzbox.com\/wp-content\/uploads\/2021\/06\/340db54ee7c0ed1quizzbox-entreprises.png","width":2108,"height":688,"caption":"Quizzbox"},"image":{"@id":"https:\/\/quizzbox.com\/en\/#\/schema\/logo\/image\/"}}]}},"_links":{"self":[{"href":"https:\/\/quizzbox.com\/en\/wp-json\/wp\/v2\/pages\/6736","targetHints":{"allow":["GET"]}}],"collection":[{"href":"https:\/\/quizzbox.com\/en\/wp-json\/wp\/v2\/pages"}],"about":[{"href":"https:\/\/quizzbox.com\/en\/wp-json\/wp\/v2\/types\/page"}],"author":[{"embeddable":true,"href":"https:\/\/quizzbox.com\/en\/wp-json\/wp\/v2\/users\/18"}],"replies":[{"embeddable":true,"href":"https:\/\/quizzbox.com\/en\/wp-json\/wp\/v2\/comments?post=6736"}],"version-history":[{"count":5,"href":"https:\/\/quizzbox.com\/en\/wp-json\/wp\/v2\/pages\/6736\/revisions"}],"predecessor-version":[{"id":7343,"href":"https:\/\/quizzbox.com\/en\/wp-json\/wp\/v2\/pages\/6736\/revisions\/7343"}],"wp:attachment":[{"href":"https:\/\/quizzbox.com\/en\/wp-json\/wp\/v2\/media?parent=6736"}],"curies":[{"name":"wp","href":"https:\/\/api.w.org\/{rel}","templated":true}]}}